{"id":97,"date":"2015-03-22T00:36:11","date_gmt":"2015-03-21T22:36:11","guid":{"rendered":"https:\/\/web.alfanet.ee\/~hiiepaik\/?page_id=97"},"modified":"2024-12-06T12:21:31","modified_gmt":"2024-12-06T10:21:31","slug":"toeta-paku-abi","status":"publish","type":"page","link":"https:\/\/web.alfanet.ee\/~hiiepaik\/tegutse\/toeta-paku-abi\/","title":{"rendered":"TOETA \/ PAKU ABI"},"content":{"rendered":"\n<p>Hiiepaiga eesm\u00e4rk on leida ja kaardistada k\u00f5ik v\u00f5imalikud Eestimaa p\u00fchapaigad.<br>Sul on v\u00f5imalus kaasa aidata millelgi v\u00e4ga suurele.<br>Hiiepaik vajab mitmete vabatahtlike abi: \u00fcrituste korraldamine; projektide kirjutamine v\u00f5i elluviimine; sise- v\u00f5i v\u00e4liskommunikastioon, k\u00fcsitluste l\u00e4biviimine, inimeste v\u00f5i gruppide juhendamine, administratiivne t\u00f6\u00f6, vahendite v\u00f5i raha kogumine heategevuslikul eesm\u00e4rgil ja veel palju muud.<\/p>\n\n\n\n<p>Kui sa tunned, et tahaksid teha midagi \u00e4ra meie kultuurip\u00e4randi ja keskonna heaks siis tule liitu meiega.<\/p>\n\n\n\n<div class=\"wp-block-buttons is-layout-flex wp-block-buttons-is-layout-flex\">\n<div class=\"wp-block-button is-style-primary\"><a class=\"wp-block-button__link wp-element-button\" href=\"https:\/\/web.alfanet.ee\/~hiiepaik\/about\/liitu-vabatahtlikuks\/\">Soovin liituda Hiiepaiga vabatahtlikega<\/a><\/div>\n<\/div>\n","protected":false},"excerpt":{"rendered":"<p>Hiiepaiga eesm\u00e4rk on leida ja kaardistada k\u00f5ik v\u00f5imalikud Eestimaa p\u00fchapaigad.Sul on v\u00f5imalus kaasa aidata millelgi v\u00e4ga suurele.Hiiepaik vajab mitmete vabatahtlike abi: \u00fcrituste korraldamine; projektide kirjutamine v\u00f5i elluviimine; sise- v\u00f5i v\u00e4liskommunikastioon, k\u00fcsitluste l\u00e4biviimine, inimeste v\u00f5i gruppide juhendamine, administratiivne t\u00f6\u00f6, vahendite v\u00f5i raha kogumine heategevuslikul eesm\u00e4rgil ja veel palju muud. Kui sa tunned, et tahaksid teha midagi&hellip;&nbsp;<a href=\"https:\/\/web.alfanet.ee\/~hiiepaik\/tegutse\/toeta-paku-abi\/\" rel=\"bookmark\">Read More &raquo;<span class=\"screen-reader-text\">TOETA \/ PAKU ABI<\/span><\/a><\/p>\n","protected":false},"author":1,"featured_media":0,"parent":27,"menu_order":5,"comment_status":"closed","ping_status":"open","template":"","meta":{"neve_meta_sidebar":"","neve_meta_container":"","neve_meta_enable_content_width":"off","neve_meta_content_width":100,"neve_meta_title_alignment":"","neve_meta_author_avatar":"","neve_post_elements_order":"","neve_meta_disable_header":"","neve_meta_disable_footer":"","neve_meta_disable_title":"","ngg_post_thumbnail":0,"footnotes":""},"class_list":["post-97","page","type-page","status-publish","hentry"],"yoast_head":"<!-- This site is optimized with the Yoast SEO plugin v26.7 - https:\/\/yoast.com\/wordpress\/plugins\/seo\/ -->\n<title>TOETA \/ PAKU ABI -<\/title>\n<meta name=\"robots\" content=\"index, follow, max-snippet:-1, max-image-preview:large, max-video-preview:-1\" \/>\n<link rel=\"canonical\" href=\"https:\/\/web.alfanet.ee\/~hiiepaik\/tegutse\/toeta-paku-abi\/\" \/>\n<meta property=\"og:locale\" content=\"et_EE\" \/>\n<meta property=\"og:type\" content=\"article\" \/>\n<meta property=\"og:title\" content=\"TOETA \/ PAKU ABI -\" \/>\n<meta property=\"og:description\" content=\"Hiiepaiga eesm\u00e4rk on leida ja kaardistada k\u00f5ik v\u00f5imalikud Eestimaa p\u00fchapaigad.Sul on v\u00f5imalus kaasa aidata millelgi v\u00e4ga suurele.Hiiepaik vajab mitmete vabatahtlike abi: \u00fcrituste korraldamine; projektide kirjutamine v\u00f5i elluviimine; sise- v\u00f5i v\u00e4liskommunikastioon, k\u00fcsitluste l\u00e4biviimine, inimeste v\u00f5i gruppide juhendamine, administratiivne t\u00f6\u00f6, vahendite v\u00f5i raha kogumine heategevuslikul eesm\u00e4rgil ja veel palju muud. Kui sa tunned, et tahaksid teha midagi&hellip;&nbsp;Read More &raquo;TOETA \/ PAKU ABI\" \/>\n<meta property=\"og:url\" content=\"https:\/\/web.alfanet.ee\/~hiiepaik\/tegutse\/toeta-paku-abi\/\" \/>\n<meta property=\"article:publisher\" content=\"https:\/\/www.facebook.com\/hiiepaik\/\" \/>\n<meta property=\"article:modified_time\" content=\"2024-12-06T10:21:31+00:00\" \/>\n<meta name=\"twitter:label1\" content=\"Est. reading time\" \/>\n\t<meta name=\"twitter:data1\" content=\"1 minut\" \/>\n<script type=\"application\/ld+json\" class=\"yoast-schema-graph\">{\"@context\":\"https:\/\/schema.org\",\"@graph\":[{\"@type\":\"WebPage\",\"@id\":\"https:\/\/web.alfanet.ee\/~hiiepaik\/tegutse\/toeta-paku-abi\/\",\"url\":\"https:\/\/web.alfanet.ee\/~hiiepaik\/tegutse\/toeta-paku-abi\/\",\"name\":\"TOETA \/ PAKU ABI -\",\"isPartOf\":{\"@id\":\"https:\/\/web.alfanet.ee\/~hiiepaik\/#website\"},\"datePublished\":\"2015-03-21T22:36:11+00:00\",\"dateModified\":\"2024-12-06T10:21:31+00:00\",\"breadcrumb\":{\"@id\":\"https:\/\/web.alfanet.ee\/~hiiepaik\/tegutse\/toeta-paku-abi\/#breadcrumb\"},\"inLanguage\":\"et\",\"potentialAction\":[{\"@type\":\"ReadAction\",\"target\":[\"https:\/\/web.alfanet.ee\/~hiiepaik\/tegutse\/toeta-paku-abi\/\"]}]},{\"@type\":\"BreadcrumbList\",\"@id\":\"https:\/\/web.alfanet.ee\/~hiiepaik\/tegutse\/toeta-paku-abi\/#breadcrumb\",\"itemListElement\":[{\"@type\":\"ListItem\",\"position\":1,\"name\":\"Home\",\"item\":\"https:\/\/web.alfanet.ee\/~hiiepaik\/\"},{\"@type\":\"ListItem\",\"position\":2,\"name\":\"TEGUTSE\",\"item\":\"https:\/\/web.alfanet.ee\/~hiiepaik\/tegutse\/\"},{\"@type\":\"ListItem\",\"position\":3,\"name\":\"TOETA \/ PAKU ABI\"}]},{\"@type\":\"WebSite\",\"@id\":\"https:\/\/web.alfanet.ee\/~hiiepaik\/#website\",\"url\":\"https:\/\/web.alfanet.ee\/~hiiepaik\/\",\"name\":\"Hiiepaik\",\"description\":\"\",\"potentialAction\":[{\"@type\":\"SearchAction\",\"target\":{\"@type\":\"EntryPoint\",\"urlTemplate\":\"https:\/\/web.alfanet.ee\/~hiiepaik\/?s={search_term_string}\"},\"query-input\":{\"@type\":\"PropertyValueSpecification\",\"valueRequired\":true,\"valueName\":\"search_term_string\"}}],\"inLanguage\":\"et\"}]}<\/script>\n<!-- \/ Yoast SEO plugin. -->","yoast_head_json":{"title":"TOETA \/ PAKU ABI -","robots":{"index":"index","follow":"follow","max-snippet":"max-snippet:-1","max-image-preview":"max-image-preview:large","max-video-preview":"max-video-preview:-1"},"canonical":"https:\/\/web.alfanet.ee\/~hiiepaik\/tegutse\/toeta-paku-abi\/","og_locale":"et_EE","og_type":"article","og_title":"TOETA \/ PAKU ABI -","og_description":"Hiiepaiga eesm\u00e4rk on leida ja kaardistada k\u00f5ik v\u00f5imalikud Eestimaa p\u00fchapaigad.Sul on v\u00f5imalus kaasa aidata millelgi v\u00e4ga suurele.Hiiepaik vajab mitmete vabatahtlike abi: \u00fcrituste korraldamine; projektide kirjutamine v\u00f5i elluviimine; sise- v\u00f5i v\u00e4liskommunikastioon, k\u00fcsitluste l\u00e4biviimine, inimeste v\u00f5i gruppide juhendamine, administratiivne t\u00f6\u00f6, vahendite v\u00f5i raha kogumine heategevuslikul eesm\u00e4rgil ja veel palju muud. Kui sa tunned, et tahaksid teha midagi&hellip;&nbsp;Read More &raquo;TOETA \/ PAKU ABI","og_url":"https:\/\/web.alfanet.ee\/~hiiepaik\/tegutse\/toeta-paku-abi\/","article_publisher":"https:\/\/www.facebook.com\/hiiepaik\/","article_modified_time":"2024-12-06T10:21:31+00:00","twitter_misc":{"Est. reading time":"1 minut"},"schema":{"@context":"https:\/\/schema.org","@graph":[{"@type":"WebPage","@id":"https:\/\/web.alfanet.ee\/~hiiepaik\/tegutse\/toeta-paku-abi\/","url":"https:\/\/web.alfanet.ee\/~hiiepaik\/tegutse\/toeta-paku-abi\/","name":"TOETA \/ PAKU ABI -","isPartOf":{"@id":"https:\/\/web.alfanet.ee\/~hiiepaik\/#website"},"datePublished":"2015-03-21T22:36:11+00:00","dateModified":"2024-12-06T10:21:31+00:00","breadcrumb":{"@id":"https:\/\/web.alfanet.ee\/~hiiepaik\/tegutse\/toeta-paku-abi\/#breadcrumb"},"inLanguage":"et","potentialAction":[{"@type":"ReadAction","target":["https:\/\/web.alfanet.ee\/~hiiepaik\/tegutse\/toeta-paku-abi\/"]}]},{"@type":"BreadcrumbList","@id":"https:\/\/web.alfanet.ee\/~hiiepaik\/tegutse\/toeta-paku-abi\/#breadcrumb","itemListElement":[{"@type":"ListItem","position":1,"name":"Home","item":"https:\/\/web.alfanet.ee\/~hiiepaik\/"},{"@type":"ListItem","position":2,"name":"TEGUTSE","item":"https:\/\/web.alfanet.ee\/~hiiepaik\/tegutse\/"},{"@type":"ListItem","position":3,"name":"TOETA \/ PAKU ABI"}]},{"@type":"WebSite","@id":"https:\/\/web.alfanet.ee\/~hiiepaik\/#website","url":"https:\/\/web.alfanet.ee\/~hiiepaik\/","name":"Hiiepaik","description":"","potentialAction":[{"@type":"SearchAction","target":{"@type":"EntryPoint","urlTemplate":"https:\/\/web.alfanet.ee\/~hiiepaik\/?s={search_term_string}"},"query-input":{"@type":"PropertyValueSpecification","valueRequired":true,"valueName":"search_term_string"}}],"inLanguage":"et"}]}},"_links":{"self":[{"href":"https:\/\/web.alfanet.ee\/~hiiepaik\/wp-json\/wp\/v2\/pages\/97","targetHints":{"allow":["GET"]}}],"collection":[{"href":"https:\/\/web.alfanet.ee\/~hiiepaik\/wp-json\/wp\/v2\/pages"}],"about":[{"href":"https:\/\/web.alfanet.ee\/~hiiepaik\/wp-json\/wp\/v2\/types\/page"}],"author":[{"embeddable":true,"href":"https:\/\/web.alfanet.ee\/~hiiepaik\/wp-json\/wp\/v2\/users\/1"}],"replies":[{"embeddable":true,"href":"https:\/\/web.alfanet.ee\/~hiiepaik\/wp-json\/wp\/v2\/comments?post=97"}],"version-history":[{"count":3,"href":"https:\/\/web.alfanet.ee\/~hiiepaik\/wp-json\/wp\/v2\/pages\/97\/revisions"}],"predecessor-version":[{"id":4402,"href":"https:\/\/web.alfanet.ee\/~hiiepaik\/wp-json\/wp\/v2\/pages\/97\/revisions\/4402"}],"up":[{"embeddable":true,"href":"https:\/\/web.alfanet.ee\/~hiiepaik\/wp-json\/wp\/v2\/pages\/27"}],"wp:attachment":[{"href":"https:\/\/web.alfanet.ee\/~hiiepaik\/wp-json\/wp\/v2\/media?parent=97"}],"curies":[{"name":"wp","href":"https:\/\/api.w.org\/{rel}","templated":true}]}}