{"id":95,"date":"2015-03-22T00:34:58","date_gmt":"2015-03-21T22:34:58","guid":{"rendered":"https:\/\/web.alfanet.ee\/~hiiepaik\/?page_id=95"},"modified":"2024-12-06T12:29:00","modified_gmt":"2024-12-06T10:29:00","slug":"hiie-sober","status":"publish","type":"page","link":"https:\/\/web.alfanet.ee\/~hiiepaik\/tegutse\/hiie-sober\/","title":{"rendered":"HIIE S\u00d5BER"},"content":{"rendered":"\n<div class=\"wp-block-media-text is-stacked-on-mobile\"><figure class=\"wp-block-media-text__media\"><img loading=\"lazy\" decoding=\"async\" width=\"1024\" height=\"683\" src=\"https:\/\/web.alfanet.ee\/~hiiepaik\/wp-content\/uploads\/2019\/04\/Kata-Hiiekadakas.-J\u00f5udu-andev-puudutus.-1024x683.jpg\" alt=\"\" class=\"wp-image-3888 size-full\" srcset=\"https:\/\/web.alfanet.ee\/~hiiepaik\/wp-content\/uploads\/2019\/04\/Kata-Hiiekadakas.-J\u00f5udu-andev-puudutus.-1024x683.jpg 1024w, https:\/\/web.alfanet.ee\/~hiiepaik\/wp-content\/uploads\/2019\/04\/Kata-Hiiekadakas.-J\u00f5udu-andev-puudutus.-300x200.jpg 300w, https:\/\/web.alfanet.ee\/~hiiepaik\/wp-content\/uploads\/2019\/04\/Kata-Hiiekadakas.-J\u00f5udu-andev-puudutus.-768x512.jpg 768w, https:\/\/web.alfanet.ee\/~hiiepaik\/wp-content\/uploads\/2019\/04\/Kata-Hiiekadakas.-J\u00f5udu-andev-puudutus.-450x300.jpg 450w, https:\/\/web.alfanet.ee\/~hiiepaik\/wp-content\/uploads\/2019\/04\/Kata-Hiiekadakas.-J\u00f5udu-andev-puudutus..jpg 1728w\" sizes=\"auto, (max-width: 1024px) 100vw, 1024px\" \/><\/figure><div class=\"wp-block-media-text__content\">\n<h2 class=\"wp-block-heading has-neve-link-color-color has-text-color has-link-color wp-elements-deb290e9410cb88c15c7cea095fd6516\">Kes on Hiie s\u00f5ber?<\/h2>\n\n\n\n<p><strong>Hiie s\u00f5bra aunime v\u00f5ib anda inimesele, \u00fchendusele v\u00f5i asutusele, kelle sihikindla tegevuse t\u00f5ttu:<\/strong><\/p>\n\n\n\n<ul class=\"wp-block-list\">\n<li>on m\u00f5ni ajalooline looduslik p\u00fchapaik s\u00e4ilinud v\u00f5i selle seisukord paranenud<\/li>\n\n\n\n<li>on Maavalla rahvas saanud rohkem teada meie maa looduslikest p\u00fchapaikadest<\/li>\n\n\n\n<li>on looduslikud p\u00fchapaigad paremini kaitstud<\/li>\n<\/ul>\n<\/div><\/div>\n\n\n<p><br><br>Hiie s\u00f5bra aunime saaja valib esitatud isikute hulgast v\u00e4lja Maavalla koja, Hiite Maja SA ja EVT P\u00f5lisrahvaste SA moodustatud valimiskogu. Ettepaneku Hiie s\u00f5bra aunime andmiseks v\u00f5ib teha iga\u00fcks.<\/p>\n<p>Alates 2008 aastast on Hiie s\u00f5bra aunimi antud j\u00e4rgmistele inimestele:<\/p>\n<p>2021 <strong>Erich Valksaar<\/strong> T\u00f5ivere hiie mitmekordse p\u00e4\u00e4stmise eest.<\/p>\n<p>2020 <strong>J\u00fcri Metsalu<\/strong> pikaajalise vabatahtliku t\u00f6\u00f6 eest p\u00fchapaikade kaitsmisel ja uurimisel.<\/p>\n<p>2019 <strong>Ester Vaiksaar<\/strong> pikaajalise tegevuse eest Valjala kihelkonna p\u00fchapaikade uurimisel ja koolinoortele tutvustamisel.<\/p>\n<p>2018 metsahoolekogu<strong> FSC<\/strong> (Forest Stewardship Council), kes m\u00e4\u00e4ratles Eesti looduslikud p\u00fchapaigad k\u00f5rgendatud kaitsev\u00e4\u00e4rtuste riskir\u00fchma.<\/p>\n<p>2017 <strong>Eha Metsallik<\/strong> ning seda aastatepikkuse tegevuse eest Paluk\u00fcla hiiem\u00e4e hoidmisel ja kaitsmisel.<\/p>\n<p>2016 <strong>Ahto Kaasik<\/strong> &#8211; pikaajalise t\u00f6\u00f6 eest looduslike p\u00fchapaikade v\u00e4\u00e4rtuse toomisel meie rahva teadvusse, teenete eest p\u00fchapaikade hoidmisel ja kaitsmisel.<\/p>\n<p>2015 <strong>Rein Maran<\/strong> &#8211; filmide &#8220;Hiite lummus&#8221;, &#8220;Looduslikud p\u00fchapaigad Eestis&#8221; ning &#8220;Suvisted Tammealusel&#8221; valmistamise eest.<\/p>\n<p>2014 <strong>Kaja Toikka<\/strong> &#8211; L\u00fcganuse kihelkonna Purtse Hiiem\u00e4e hoidja.<\/p>\n<p>2013 <strong>Helmi Kaljurand, Tambet Torpan ja Tarmo Kasikov<\/strong> &#8211; Vaivara kihelkonna Hiiemetsa k\u00fcla hiies asuva Kanepkaula kivi kaitsmise eest.<\/p>\n<p>2012 <strong>Marju K\u00f5ivupuu<\/strong> &#8211; ristipuude uurija ja hoidja.<\/p>\n<p>2011&nbsp;<strong>Jaanus Hiis<\/strong> &#8211; Maardu hiiemetsa hoidja.<\/p>\n<p>2010 <strong>Mari-Ann Remmel<\/strong> &#8211; Lehmja hiietammiku hoidja.<\/p>\n<p>2009 <strong>Lembi V\u00e4lli, Arvi Sepp ja Toivo Sepp<\/strong> &#8211; Palukyla Hiiem\u00e4e hoidjad.<\/p>\n<p>2008&nbsp;<strong>Martin Kivisoo<\/strong> &#8211; Muhumaa pyhapaikade hoidja. Noor hiies\u00f5ber <strong>Minni Saapar<\/strong> &#8211; Pihtla valla p\u00fchapaikade uurija.<\/p>\n\n\n<div class=\"wp-block-group has-nv-light-bg-background-color has-background\" style=\"padding-top:var(--wp--preset--spacing--40);padding-right:var(--wp--preset--spacing--40);padding-bottom:var(--wp--preset--spacing--40);padding-left:var(--wp--preset--spacing--40)\"><div class=\"wp-block-group__inner-container is-layout-constrained wp-container-core-group-is-layout-af10a197 wp-block-group-is-layout-constrained\">\n<h3 class=\"wp-block-heading\">Tee ettepanek tunnustada hiies\u00f5bralikke tegusid!<\/h3>\n\n\n\n<p>Ettepanekud hiies\u00f5bralike tegude tunnustamiseks v\u00f5ib saata Maavalla kojale <a href=\"mailto:koda@maavald.ee\">koda@maavald.ee<\/a>, v\u00f5i Hiite Majale <a href=\"mailto:juhatus@hiis.ee\">juhatus@hiis.ee<\/a>.<\/p>\n<\/div><\/div>\n\n\n\n<div style=\"height:100px\" aria-hidden=\"true\" class=\"wp-block-spacer\"><\/div>\n","protected":false},"excerpt":{"rendered":"<p>Hiie s\u00f5bra aunime saaja valib esitatud isikute hulgast v\u00e4lja Maavalla koja, Hiite Maja SA ja EVT P\u00f5lisrahvaste SA moodustatud valimiskogu. Ettepaneku Hiie s\u00f5bra aunime andmiseks v\u00f5ib teha iga\u00fcks. Alates 2008 aastast on Hiie s\u00f5bra aunimi antud j\u00e4rgmistele inimestele: 2021 Erich Valksaar T\u00f5ivere hiie mitmekordse p\u00e4\u00e4stmise eest. 2020 J\u00fcri Metsalu pikaajalise vabatahtliku t\u00f6\u00f6 eest p\u00fchapaikade kaitsmisel&hellip;&nbsp;<a href=\"https:\/\/web.alfanet.ee\/~hiiepaik\/tegutse\/hiie-sober\/\" rel=\"bookmark\">Read More &raquo;<span class=\"screen-reader-text\">HIIE S\u00d5BER<\/span><\/a><\/p>\n","protected":false},"author":1,"featured_media":0,"parent":27,"menu_order":4,"comment_status":"closed","ping_status":"open","template":"","meta":{"neve_meta_sidebar":"","neve_meta_container":"","neve_meta_enable_content_width":"","neve_meta_content_width":0,"neve_meta_title_alignment":"","neve_meta_author_avatar":"","neve_post_elements_order":"","neve_meta_disable_header":"","neve_meta_disable_footer":"","neve_meta_disable_title":"","ngg_post_thumbnail":0,"footnotes":""},"class_list":["post-95","page","type-page","status-publish","hentry"],"yoast_head":"<!-- This site is optimized with the Yoast SEO plugin v26.7 - https:\/\/yoast.com\/wordpress\/plugins\/seo\/ -->\n<title>HIIE S\u00d5BER -<\/title>\n<meta name=\"robots\" content=\"index, follow, max-snippet:-1, max-image-preview:large, max-video-preview:-1\" \/>\n<link rel=\"canonical\" href=\"https:\/\/web.alfanet.ee\/~hiiepaik\/tegutse\/hiie-sober\/\" \/>\n<meta property=\"og:locale\" content=\"et_EE\" \/>\n<meta property=\"og:type\" content=\"article\" \/>\n<meta property=\"og:title\" content=\"HIIE S\u00d5BER -\" \/>\n<meta property=\"og:description\" content=\"Hiie s\u00f5bra aunime saaja valib esitatud isikute hulgast v\u00e4lja Maavalla koja, Hiite Maja SA ja EVT P\u00f5lisrahvaste SA moodustatud valimiskogu. Ettepaneku Hiie s\u00f5bra aunime andmiseks v\u00f5ib teha iga\u00fcks. Alates 2008 aastast on Hiie s\u00f5bra aunimi antud j\u00e4rgmistele inimestele: 2021 Erich Valksaar T\u00f5ivere hiie mitmekordse p\u00e4\u00e4stmise eest. 2020 J\u00fcri Metsalu pikaajalise vabatahtliku t\u00f6\u00f6 eest p\u00fchapaikade kaitsmisel&hellip;&nbsp;Read More &raquo;HIIE S\u00d5BER\" \/>\n<meta property=\"og:url\" content=\"https:\/\/web.alfanet.ee\/~hiiepaik\/tegutse\/hiie-sober\/\" \/>\n<meta property=\"article:publisher\" content=\"https:\/\/www.facebook.com\/hiiepaik\/\" \/>\n<meta property=\"article:modified_time\" content=\"2024-12-06T10:29:00+00:00\" \/>\n<meta name=\"twitter:label1\" content=\"Est. reading time\" \/>\n\t<meta name=\"twitter:data1\" content=\"2 minutit\" \/>\n<script type=\"application\/ld+json\" class=\"yoast-schema-graph\">{\"@context\":\"https:\/\/schema.org\",\"@graph\":[{\"@type\":\"WebPage\",\"@id\":\"https:\/\/web.alfanet.ee\/~hiiepaik\/tegutse\/hiie-sober\/\",\"url\":\"https:\/\/web.alfanet.ee\/~hiiepaik\/tegutse\/hiie-sober\/\",\"name\":\"HIIE S\u00d5BER -\",\"isPartOf\":{\"@id\":\"https:\/\/web.alfanet.ee\/~hiiepaik\/#website\"},\"datePublished\":\"2015-03-21T22:34:58+00:00\",\"dateModified\":\"2024-12-06T10:29:00+00:00\",\"breadcrumb\":{\"@id\":\"https:\/\/web.alfanet.ee\/~hiiepaik\/tegutse\/hiie-sober\/#breadcrumb\"},\"inLanguage\":\"et\",\"potentialAction\":[{\"@type\":\"ReadAction\",\"target\":[\"https:\/\/web.alfanet.ee\/~hiiepaik\/tegutse\/hiie-sober\/\"]}]},{\"@type\":\"BreadcrumbList\",\"@id\":\"https:\/\/web.alfanet.ee\/~hiiepaik\/tegutse\/hiie-sober\/#breadcrumb\",\"itemListElement\":[{\"@type\":\"ListItem\",\"position\":1,\"name\":\"Home\",\"item\":\"https:\/\/web.alfanet.ee\/~hiiepaik\/\"},{\"@type\":\"ListItem\",\"position\":2,\"name\":\"TEGUTSE\",\"item\":\"https:\/\/web.alfanet.ee\/~hiiepaik\/tegutse\/\"},{\"@type\":\"ListItem\",\"position\":3,\"name\":\"HIIE S\u00d5BER\"}]},{\"@type\":\"WebSite\",\"@id\":\"https:\/\/web.alfanet.ee\/~hiiepaik\/#website\",\"url\":\"https:\/\/web.alfanet.ee\/~hiiepaik\/\",\"name\":\"Hiiepaik\",\"description\":\"\",\"potentialAction\":[{\"@type\":\"SearchAction\",\"target\":{\"@type\":\"EntryPoint\",\"urlTemplate\":\"https:\/\/web.alfanet.ee\/~hiiepaik\/?s={search_term_string}\"},\"query-input\":{\"@type\":\"PropertyValueSpecification\",\"valueRequired\":true,\"valueName\":\"search_term_string\"}}],\"inLanguage\":\"et\"}]}<\/script>\n<!-- \/ Yoast SEO plugin. -->","yoast_head_json":{"title":"HIIE S\u00d5BER -","robots":{"index":"index","follow":"follow","max-snippet":"max-snippet:-1","max-image-preview":"max-image-preview:large","max-video-preview":"max-video-preview:-1"},"canonical":"https:\/\/web.alfanet.ee\/~hiiepaik\/tegutse\/hiie-sober\/","og_locale":"et_EE","og_type":"article","og_title":"HIIE S\u00d5BER -","og_description":"Hiie s\u00f5bra aunime saaja valib esitatud isikute hulgast v\u00e4lja Maavalla koja, Hiite Maja SA ja EVT P\u00f5lisrahvaste SA moodustatud valimiskogu. Ettepaneku Hiie s\u00f5bra aunime andmiseks v\u00f5ib teha iga\u00fcks. Alates 2008 aastast on Hiie s\u00f5bra aunimi antud j\u00e4rgmistele inimestele: 2021 Erich Valksaar T\u00f5ivere hiie mitmekordse p\u00e4\u00e4stmise eest. 2020 J\u00fcri Metsalu pikaajalise vabatahtliku t\u00f6\u00f6 eest p\u00fchapaikade kaitsmisel&hellip;&nbsp;Read More &raquo;HIIE S\u00d5BER","og_url":"https:\/\/web.alfanet.ee\/~hiiepaik\/tegutse\/hiie-sober\/","article_publisher":"https:\/\/www.facebook.com\/hiiepaik\/","article_modified_time":"2024-12-06T10:29:00+00:00","twitter_misc":{"Est. reading time":"2 minutit"},"schema":{"@context":"https:\/\/schema.org","@graph":[{"@type":"WebPage","@id":"https:\/\/web.alfanet.ee\/~hiiepaik\/tegutse\/hiie-sober\/","url":"https:\/\/web.alfanet.ee\/~hiiepaik\/tegutse\/hiie-sober\/","name":"HIIE S\u00d5BER -","isPartOf":{"@id":"https:\/\/web.alfanet.ee\/~hiiepaik\/#website"},"datePublished":"2015-03-21T22:34:58+00:00","dateModified":"2024-12-06T10:29:00+00:00","breadcrumb":{"@id":"https:\/\/web.alfanet.ee\/~hiiepaik\/tegutse\/hiie-sober\/#breadcrumb"},"inLanguage":"et","potentialAction":[{"@type":"ReadAction","target":["https:\/\/web.alfanet.ee\/~hiiepaik\/tegutse\/hiie-sober\/"]}]},{"@type":"BreadcrumbList","@id":"https:\/\/web.alfanet.ee\/~hiiepaik\/tegutse\/hiie-sober\/#breadcrumb","itemListElement":[{"@type":"ListItem","position":1,"name":"Home","item":"https:\/\/web.alfanet.ee\/~hiiepaik\/"},{"@type":"ListItem","position":2,"name":"TEGUTSE","item":"https:\/\/web.alfanet.ee\/~hiiepaik\/tegutse\/"},{"@type":"ListItem","position":3,"name":"HIIE S\u00d5BER"}]},{"@type":"WebSite","@id":"https:\/\/web.alfanet.ee\/~hiiepaik\/#website","url":"https:\/\/web.alfanet.ee\/~hiiepaik\/","name":"Hiiepaik","description":"","potentialAction":[{"@type":"SearchAction","target":{"@type":"EntryPoint","urlTemplate":"https:\/\/web.alfanet.ee\/~hiiepaik\/?s={search_term_string}"},"query-input":{"@type":"PropertyValueSpecification","valueRequired":true,"valueName":"search_term_string"}}],"inLanguage":"et"}]}},"_links":{"self":[{"href":"https:\/\/web.alfanet.ee\/~hiiepaik\/wp-json\/wp\/v2\/pages\/95","targetHints":{"allow":["GET"]}}],"collection":[{"href":"https:\/\/web.alfanet.ee\/~hiiepaik\/wp-json\/wp\/v2\/pages"}],"about":[{"href":"https:\/\/web.alfanet.ee\/~hiiepaik\/wp-json\/wp\/v2\/types\/page"}],"author":[{"embeddable":true,"href":"https:\/\/web.alfanet.ee\/~hiiepaik\/wp-json\/wp\/v2\/users\/1"}],"replies":[{"embeddable":true,"href":"https:\/\/web.alfanet.ee\/~hiiepaik\/wp-json\/wp\/v2\/comments?post=95"}],"version-history":[{"count":2,"href":"https:\/\/web.alfanet.ee\/~hiiepaik\/wp-json\/wp\/v2\/pages\/95\/revisions"}],"predecessor-version":[{"id":4354,"href":"https:\/\/web.alfanet.ee\/~hiiepaik\/wp-json\/wp\/v2\/pages\/95\/revisions\/4354"}],"up":[{"embeddable":true,"href":"https:\/\/web.alfanet.ee\/~hiiepaik\/wp-json\/wp\/v2\/pages\/27"}],"wp:attachment":[{"href":"https:\/\/web.alfanet.ee\/~hiiepaik\/wp-json\/wp\/v2\/media?parent=95"}],"curies":[{"name":"wp","href":"https:\/\/api.w.org\/{rel}","templated":true}]}}