{"id":87,"date":"2015-03-22T00:32:59","date_gmt":"2015-03-21T22:32:59","guid":{"rendered":"https:\/\/web.alfanet.ee\/~hiiepaik\/?page_id=87"},"modified":"2024-12-31T15:43:36","modified_gmt":"2024-12-31T13:43:36","slug":"kaardistamine","status":"publish","type":"page","link":"https:\/\/web.alfanet.ee\/~hiiepaik\/tegutse\/kaardistamine\/","title":{"rendered":"KAARDISTAMINE"},"content":{"rendered":"\n<div class=\"wp-block-media-text is-stacked-on-mobile is-image-fill-element\" style=\"grid-template-columns:30% auto\"><figure class=\"wp-block-media-text__media\"><img loading=\"lazy\" decoding=\"async\" width=\"1020\" height=\"678\" src=\"https:\/\/web.alfanet.ee\/~hiiepaik\/wp-content\/uploads\/2015\/03\/2006_1015_090-1020x678.jpg\" alt=\"Tammiku hiis Ida-Virumaal\" class=\"wp-image-116 size-full\" style=\"object-position:50% 50%\" srcset=\"https:\/\/web.alfanet.ee\/~hiiepaik\/wp-content\/uploads\/2015\/03\/2006_1015_090-1020x678.jpg 1020w, https:\/\/web.alfanet.ee\/~hiiepaik\/wp-content\/uploads\/2015\/03\/2006_1015_090-420x280.jpg 420w, https:\/\/web.alfanet.ee\/~hiiepaik\/wp-content\/uploads\/2015\/03\/2006_1015_090-632x420.jpg 632w\" sizes=\"auto, (max-width: 1020px) 100vw, 1020px\" \/><\/figure><div class=\"wp-block-media-text__content\">\n<p>Hiiepaiga peamine eesm\u00e4rk on p\u00f6\u00f6rata p\u00fchapaikadele t\u00e4helepanu, anda inimestele teadmised p\u00fchapaikadest ning kaasata nad edaspidi erinevate tegevuste kaudu hiies\u00f5prade ringi.<br>Eesm\u00e4rk on kaardistada k\u00f5ik Eestis olevad p\u00fchapaigad,kui meie rahvakultuuri oluline osa. 2014 aasta avaliku arvamuse k\u00fcsitluse kohaselt ootab 86% Eesti elanikest, et p\u00fchapaigad oleks hoitud ja kaitstud. Unustamise t\u00f5ttu on tuhanded p\u00fchapaigad kadumas, kuid enamikku neist saab p\u00e4\u00e4sta oma tuttavaid vanainimesi k\u00fcsitledes ja kuuldud p\u00fchapaikade asukohad maastikul kindlaks m\u00e4\u00e4rates.<\/p>\n\n\n\n<div class=\"wp-block-buttons is-layout-flex wp-block-buttons-is-layout-flex\">\n<div class=\"wp-block-button is-style-primary\"><a class=\"wp-block-button__link wp-element-button\" href=\"https:\/\/web.alfanet.ee\/~hiiepaik\/vaata\/kaardistame-eesti-puhapaigad-esitlus\/\">KAARDISTAME EESTI P\u00dcHAPAIGAD<\/a><\/div>\n<\/div>\n<\/div><\/div>\n\n\n\n<div style=\"height:60px\" aria-hidden=\"true\" class=\"wp-block-spacer\"><\/div>\n\n\n\n<h4 class=\"wp-block-heading\">Hiiepaikade \u00f5hinap\u00f5hise kaardistamise eesm\u00e4rk:<\/h4>\n\n\n\n<ul class=\"wp-block-list\">\n<li>Talletada rahvap\u00e4rimused ja m\u00e4lestused, mis aitavad p\u00fchapaigad maastikul \u00fcles leida.<\/li>\n\n\n\n<li>Kaardistada ning kirjeldada p\u00fchapaigad.<\/li>\n\n\n\n<li>Harida \u00fchiskonda p\u00fchapaikade teemadel.<\/li>\n\n\n\n<li>\u00c4ratada laiem huvi p\u00fchapaikade vastu.<\/li>\n\n\n\n<li>Aidata kaasa suulise p\u00e4rimuse edasiandmisele vanavanematelt lastelastele.<\/li>\n\n\n\n<li>Julgustada inimesi hiiepaiku k\u00fclastama, p\u00f6\u00f6rduma tagasi oma juurte juurde.<\/li>\n\n\n\n<li>Luua \u00fcle-eestiline hiies\u00f5prade v\u00f5rgustik p\u00fchapaikade kaardistamiseks ja hoidmiseks.<\/li>\n\n\n\n<li>Leida ettev\u00f5tjaid-toetajaid kes on valmis p\u00fchapaikade uuringutele \u00f5la alla panema.<\/li>\n<\/ul>\n\n\n\n<div class=\"wp-block-group has-nv-light-bg-background-color has-background\" style=\"padding-top:var(--wp--preset--spacing--40);padding-right:var(--wp--preset--spacing--40);padding-bottom:var(--wp--preset--spacing--40);padding-left:var(--wp--preset--spacing--40)\"><div class=\"wp-block-group__inner-container is-layout-constrained wp-container-core-group-is-layout-af10a197 wp-block-group-is-layout-constrained\">\n<h3 class=\"wp-block-heading has-neve-link-color-color has-text-color has-link-color wp-elements-f4b894f3dd57abc8e992a86eb41e0937\">Eestis on t\u00e4na v\u00f5imalik kaardistada kuni 5000 ajaloolist looduslikku p\u00fchapaika. Neist enam kui 3000 on v\u00f5imalik leida vaid vanemaealiste p\u00f5liselanike abil.<\/h3>\n\n\n\n<p>Riiklik toetus p\u00fchapaikade kaardistamisele on olnud seni v\u00e4ga v\u00e4ike ning ilmselt lahkub enamik p\u00fchapaikade m\u00e4letajaid enne, kui uurijad nendeni j\u00f5uavad.<\/p>\n\n\n\n<p>P\u00fchapaiga m\u00e4letaja v\u00f5ib elada oma s\u00fcnnik\u00fclas, kuid tavaliselt on ta kolinud elama mujale. Suurem osa vanainimesi elab aga linnades ja asulates, kus p\u00fchapaikade uurijad neid otsida ei oska.<\/p>\n\n\n\n<p>Seet\u00f5ttu on v\u00e4ga oluline, et me k\u00f5ik ja samuti sina asuksid p\u00e4rimust talletama ja p\u00fchapaiku kaardistama. Niimoodi v\u00f5id sa p\u00e4\u00e4sta v\u00e4\u00e4rtusliku kultuuri- ja loodusp\u00e4randi h\u00e4vimisest. Isiku- ja kohalugusid kuulates \u00f5pid sa oma maad ja rahvast l\u00e4hemalt tundma ja hakkad iseennastki paremini m\u00f5istma.<\/p>\n\n\n\n<p>K\u00fcsitleda v\u00f5ib k\u00f5iki vanemaid inimesi: perekonnaliikmeid, kaugemaid sugulasi, naabreid, k\u00fclaelanikke ja tuttavaid.<\/p>\n\n\n\n<p>P\u00fchapaikade p\u00e4rimust teavad \u00fcldiselt k\u00f5ige paremini kuni 1940. a k\u00fclas s\u00fcndinud inimesed, ehk viimane taludeaegne p\u00f5lvkond. Kodune p\u00e4rimusmaastik ja v\u00e4hetuntud kohanimed on neile maast-madalast tuttavad. P\u00e4rimusi v\u00f5ivad aga teada nooremadki.<\/p>\n\n\n\n<div class=\"wp-block-buttons is-layout-flex wp-block-buttons-is-layout-flex\">\n<div class=\"wp-block-button is-style-primary\"><a class=\"wp-block-button__link wp-element-button\" href=\"https:\/\/web.alfanet.ee\/~hiiepaik\/loe\/juhend-parimuse-talletamiseks-ja-puhapaiga-kaardistamiseks\/\">JUHEND P\u00c4RIMUSE TALLETAMISEKS JA P\u00dcHAPAIGA KAARDISTAMISEKS<\/a><\/div>\n<\/div>\n<\/div><\/div>\n\n\n\n<h3 class=\"wp-block-heading\">OLULIST<\/h3>\n\n\n\n<ul class=\"wp-block-list\">\n<li>Looduslik p\u00fchapaik on looduslik paik, v\u00f5i ala, mitte inimese rajatud hoone, ausammas vm asi.<\/li>\n\n\n\n<li>P\u00fcha puu, kivi, v\u00f5i allikas v\u00f5ib olla h\u00e4vinud, kuid koht on j\u00e4tkuvalt v\u00e4\u00e4rtuslik ja p\u00fcha.<\/li>\n\n\n\n<li>P\u00f5lispuu, kivi, allikas, ala vm loodusobjekt on ajalooline looduslik p\u00fchapaik vaid juhul, kui meil on andmeid selle p\u00fchaks pidamisest: p\u00fchapaigale viitav kohanimi, p\u00fchaks pidamisest ja kombetalitustest k\u00f5nelev p\u00e4rimus. See teave v\u00f5ib meieni j\u00f5uda kirjalikult ja\/v\u00f5i suuliselt. Seet\u00f5ttu on p\u00e4rimuse v\u00f5imalikult \u00fcksikasjalik talletamne v\u00e4ga oluline.<\/li>\n<\/ul>\n\n\n\n<div class=\"wp-block-buttons is-layout-flex wp-block-buttons-is-layout-flex\">\n<div class=\"wp-block-button is-style-primary\"><a class=\"wp-block-button__link wp-element-button\" href=\"https:\/\/web.alfanet.ee\/~hiiepaik\/loe\/puhapaik-mis-see-on\/\">LOODUSLIK P\u00dcHAPAIK &#8211; MIS SEE ON<\/a><\/div>\n\n\n\n<div class=\"wp-block-button is-style-primary\"><a class=\"wp-block-button__link wp-element-button\" href=\"https:\/\/web.alfanet.ee\/~hiiepaik\/about\/kaardistamise-kusimustik\/\">SOOVIN ANDA TEAVET KUULDUD\/N\u00c4HTUD P\u00dcHAPAIGA KOHTA<\/a><\/div>\n<\/div>\n\n\n\n<div class=\"wp-block-buttons is-layout-flex wp-block-buttons-is-layout-flex\" style=\"padding-top:var(--wp--preset--spacing--40);padding-bottom:var(--wp--preset--spacing--40)\">\n<div class=\"wp-block-button\"><a class=\"wp-block-button__link wp-element-button\" href=\"https:\/\/kaart.hiiepaik.ee\/\">AVA KAARDIRAKENDUS<\/a><\/div>\n<\/div>\n","protected":false},"excerpt":{"rendered":"<p>Hiiepaikade \u00f5hinap\u00f5hise kaardistamise eesm\u00e4rk: Eestis on t\u00e4na v\u00f5imalik kaardistada kuni 5000 ajaloolist looduslikku p\u00fchapaika. Neist enam kui 3000 on v\u00f5imalik leida vaid vanemaealiste p\u00f5liselanike abil. Riiklik toetus p\u00fchapaikade kaardistamisele on olnud seni v\u00e4ga v\u00e4ike ning ilmselt lahkub enamik p\u00fchapaikade m\u00e4letajaid enne, kui uurijad nendeni j\u00f5uavad. P\u00fchapaiga m\u00e4letaja v\u00f5ib elada oma s\u00fcnnik\u00fclas, kuid tavaliselt on ta&hellip;&nbsp;<a href=\"https:\/\/web.alfanet.ee\/~hiiepaik\/tegutse\/kaardistamine\/\" rel=\"bookmark\">Read More &raquo;<span class=\"screen-reader-text\">KAARDISTAMINE<\/span><\/a><\/p>\n","protected":false},"author":4,"featured_media":0,"parent":27,"menu_order":0,"comment_status":"closed","ping_status":"open","template":"","meta":{"neve_meta_sidebar":"","neve_meta_container":"","neve_meta_enable_content_width":"","neve_meta_content_width":0,"neve_meta_title_alignment":"","neve_meta_author_avatar":"","neve_post_elements_order":"","neve_meta_disable_header":"","neve_meta_disable_footer":"","neve_meta_disable_title":"","ngg_post_thumbnail":0,"footnotes":""},"class_list":["post-87","page","type-page","status-publish","hentry"],"yoast_head":"<!-- This site is optimized with the Yoast SEO plugin v26.7 - https:\/\/yoast.com\/wordpress\/plugins\/seo\/ -->\n<title>KAARDISTAMINE -<\/title>\n<meta name=\"robots\" content=\"index, follow, max-snippet:-1, max-image-preview:large, max-video-preview:-1\" \/>\n<link rel=\"canonical\" href=\"https:\/\/web.alfanet.ee\/~hiiepaik\/tegutse\/kaardistamine\/\" \/>\n<meta property=\"og:locale\" content=\"et_EE\" \/>\n<meta property=\"og:type\" content=\"article\" \/>\n<meta property=\"og:title\" content=\"KAARDISTAMINE -\" \/>\n<meta property=\"og:description\" content=\"Hiiepaikade \u00f5hinap\u00f5hise kaardistamise eesm\u00e4rk: Eestis on t\u00e4na v\u00f5imalik kaardistada kuni 5000 ajaloolist looduslikku p\u00fchapaika. Neist enam kui 3000 on v\u00f5imalik leida vaid vanemaealiste p\u00f5liselanike abil. Riiklik toetus p\u00fchapaikade kaardistamisele on olnud seni v\u00e4ga v\u00e4ike ning ilmselt lahkub enamik p\u00fchapaikade m\u00e4letajaid enne, kui uurijad nendeni j\u00f5uavad. P\u00fchapaiga m\u00e4letaja v\u00f5ib elada oma s\u00fcnnik\u00fclas, kuid tavaliselt on ta&hellip;&nbsp;Read More &raquo;KAARDISTAMINE\" \/>\n<meta property=\"og:url\" content=\"https:\/\/web.alfanet.ee\/~hiiepaik\/tegutse\/kaardistamine\/\" \/>\n<meta property=\"article:publisher\" content=\"https:\/\/www.facebook.com\/hiiepaik\/\" \/>\n<meta property=\"article:modified_time\" content=\"2024-12-31T13:43:36+00:00\" \/>\n<meta property=\"og:image\" content=\"https:\/\/web.alfanet.ee\/~hiiepaik\/wp-content\/uploads\/2015\/03\/2006_1015_090-1020x678.jpg\" \/>\n\t<meta property=\"og:image:width\" content=\"1020\" \/>\n\t<meta property=\"og:image:height\" content=\"678\" \/>\n\t<meta property=\"og:image:type\" content=\"image\/jpeg\" \/>\n<meta name=\"twitter:label1\" content=\"Est. reading time\" \/>\n\t<meta name=\"twitter:data1\" content=\"3 minutit\" \/>\n<script type=\"application\/ld+json\" class=\"yoast-schema-graph\">{\"@context\":\"https:\/\/schema.org\",\"@graph\":[{\"@type\":\"WebPage\",\"@id\":\"https:\/\/web.alfanet.ee\/~hiiepaik\/tegutse\/kaardistamine\/\",\"url\":\"https:\/\/web.alfanet.ee\/~hiiepaik\/tegutse\/kaardistamine\/\",\"name\":\"KAARDISTAMINE -\",\"isPartOf\":{\"@id\":\"https:\/\/web.alfanet.ee\/~hiiepaik\/#website\"},\"primaryImageOfPage\":{\"@id\":\"https:\/\/web.alfanet.ee\/~hiiepaik\/tegutse\/kaardistamine\/#primaryimage\"},\"image\":{\"@id\":\"https:\/\/web.alfanet.ee\/~hiiepaik\/tegutse\/kaardistamine\/#primaryimage\"},\"thumbnailUrl\":\"https:\/\/web.alfanet.ee\/~hiiepaik\/wp-content\/uploads\/2015\/03\/2006_1015_090-1020x678.jpg\",\"datePublished\":\"2015-03-21T22:32:59+00:00\",\"dateModified\":\"2024-12-31T13:43:36+00:00\",\"breadcrumb\":{\"@id\":\"https:\/\/web.alfanet.ee\/~hiiepaik\/tegutse\/kaardistamine\/#breadcrumb\"},\"inLanguage\":\"et\",\"potentialAction\":[{\"@type\":\"ReadAction\",\"target\":[\"https:\/\/web.alfanet.ee\/~hiiepaik\/tegutse\/kaardistamine\/\"]}]},{\"@type\":\"ImageObject\",\"inLanguage\":\"et\",\"@id\":\"https:\/\/web.alfanet.ee\/~hiiepaik\/tegutse\/kaardistamine\/#primaryimage\",\"url\":\"https:\/\/web.alfanet.ee\/~hiiepaik\/wp-content\/uploads\/2015\/03\/2006_1015_090.jpg\",\"contentUrl\":\"https:\/\/web.alfanet.ee\/~hiiepaik\/wp-content\/uploads\/2015\/03\/2006_1015_090.jpg\",\"width\":3008,\"height\":2000,\"caption\":\"Tammiku hiis Ida-Virumaal\"},{\"@type\":\"BreadcrumbList\",\"@id\":\"https:\/\/web.alfanet.ee\/~hiiepaik\/tegutse\/kaardistamine\/#breadcrumb\",\"itemListElement\":[{\"@type\":\"ListItem\",\"position\":1,\"name\":\"Home\",\"item\":\"https:\/\/web.alfanet.ee\/~hiiepaik\/\"},{\"@type\":\"ListItem\",\"position\":2,\"name\":\"TEGUTSE\",\"item\":\"https:\/\/web.alfanet.ee\/~hiiepaik\/tegutse\/\"},{\"@type\":\"ListItem\",\"position\":3,\"name\":\"KAARDISTAMINE\"}]},{\"@type\":\"WebSite\",\"@id\":\"https:\/\/web.alfanet.ee\/~hiiepaik\/#website\",\"url\":\"https:\/\/web.alfanet.ee\/~hiiepaik\/\",\"name\":\"Hiiepaik\",\"description\":\"\",\"potentialAction\":[{\"@type\":\"SearchAction\",\"target\":{\"@type\":\"EntryPoint\",\"urlTemplate\":\"https:\/\/web.alfanet.ee\/~hiiepaik\/?s={search_term_string}\"},\"query-input\":{\"@type\":\"PropertyValueSpecification\",\"valueRequired\":true,\"valueName\":\"search_term_string\"}}],\"inLanguage\":\"et\"}]}<\/script>\n<!-- \/ Yoast SEO plugin. -->","yoast_head_json":{"title":"KAARDISTAMINE -","robots":{"index":"index","follow":"follow","max-snippet":"max-snippet:-1","max-image-preview":"max-image-preview:large","max-video-preview":"max-video-preview:-1"},"canonical":"https:\/\/web.alfanet.ee\/~hiiepaik\/tegutse\/kaardistamine\/","og_locale":"et_EE","og_type":"article","og_title":"KAARDISTAMINE -","og_description":"Hiiepaikade \u00f5hinap\u00f5hise kaardistamise eesm\u00e4rk: Eestis on t\u00e4na v\u00f5imalik kaardistada kuni 5000 ajaloolist looduslikku p\u00fchapaika. Neist enam kui 3000 on v\u00f5imalik leida vaid vanemaealiste p\u00f5liselanike abil. Riiklik toetus p\u00fchapaikade kaardistamisele on olnud seni v\u00e4ga v\u00e4ike ning ilmselt lahkub enamik p\u00fchapaikade m\u00e4letajaid enne, kui uurijad nendeni j\u00f5uavad. P\u00fchapaiga m\u00e4letaja v\u00f5ib elada oma s\u00fcnnik\u00fclas, kuid tavaliselt on ta&hellip;&nbsp;Read More &raquo;KAARDISTAMINE","og_url":"https:\/\/web.alfanet.ee\/~hiiepaik\/tegutse\/kaardistamine\/","article_publisher":"https:\/\/www.facebook.com\/hiiepaik\/","article_modified_time":"2024-12-31T13:43:36+00:00","og_image":[{"width":1020,"height":678,"url":"https:\/\/web.alfanet.ee\/~hiiepaik\/wp-content\/uploads\/2015\/03\/2006_1015_090-1020x678.jpg","type":"image\/jpeg"}],"twitter_misc":{"Est. reading time":"3 minutit"},"schema":{"@context":"https:\/\/schema.org","@graph":[{"@type":"WebPage","@id":"https:\/\/web.alfanet.ee\/~hiiepaik\/tegutse\/kaardistamine\/","url":"https:\/\/web.alfanet.ee\/~hiiepaik\/tegutse\/kaardistamine\/","name":"KAARDISTAMINE -","isPartOf":{"@id":"https:\/\/web.alfanet.ee\/~hiiepaik\/#website"},"primaryImageOfPage":{"@id":"https:\/\/web.alfanet.ee\/~hiiepaik\/tegutse\/kaardistamine\/#primaryimage"},"image":{"@id":"https:\/\/web.alfanet.ee\/~hiiepaik\/tegutse\/kaardistamine\/#primaryimage"},"thumbnailUrl":"https:\/\/web.alfanet.ee\/~hiiepaik\/wp-content\/uploads\/2015\/03\/2006_1015_090-1020x678.jpg","datePublished":"2015-03-21T22:32:59+00:00","dateModified":"2024-12-31T13:43:36+00:00","breadcrumb":{"@id":"https:\/\/web.alfanet.ee\/~hiiepaik\/tegutse\/kaardistamine\/#breadcrumb"},"inLanguage":"et","potentialAction":[{"@type":"ReadAction","target":["https:\/\/web.alfanet.ee\/~hiiepaik\/tegutse\/kaardistamine\/"]}]},{"@type":"ImageObject","inLanguage":"et","@id":"https:\/\/web.alfanet.ee\/~hiiepaik\/tegutse\/kaardistamine\/#primaryimage","url":"https:\/\/web.alfanet.ee\/~hiiepaik\/wp-content\/uploads\/2015\/03\/2006_1015_090.jpg","contentUrl":"https:\/\/web.alfanet.ee\/~hiiepaik\/wp-content\/uploads\/2015\/03\/2006_1015_090.jpg","width":3008,"height":2000,"caption":"Tammiku hiis Ida-Virumaal"},{"@type":"BreadcrumbList","@id":"https:\/\/web.alfanet.ee\/~hiiepaik\/tegutse\/kaardistamine\/#breadcrumb","itemListElement":[{"@type":"ListItem","position":1,"name":"Home","item":"https:\/\/web.alfanet.ee\/~hiiepaik\/"},{"@type":"ListItem","position":2,"name":"TEGUTSE","item":"https:\/\/web.alfanet.ee\/~hiiepaik\/tegutse\/"},{"@type":"ListItem","position":3,"name":"KAARDISTAMINE"}]},{"@type":"WebSite","@id":"https:\/\/web.alfanet.ee\/~hiiepaik\/#website","url":"https:\/\/web.alfanet.ee\/~hiiepaik\/","name":"Hiiepaik","description":"","potentialAction":[{"@type":"SearchAction","target":{"@type":"EntryPoint","urlTemplate":"https:\/\/web.alfanet.ee\/~hiiepaik\/?s={search_term_string}"},"query-input":{"@type":"PropertyValueSpecification","valueRequired":true,"valueName":"search_term_string"}}],"inLanguage":"et"}]}},"_links":{"self":[{"href":"https:\/\/web.alfanet.ee\/~hiiepaik\/wp-json\/wp\/v2\/pages\/87","targetHints":{"allow":["GET"]}}],"collection":[{"href":"https:\/\/web.alfanet.ee\/~hiiepaik\/wp-json\/wp\/v2\/pages"}],"about":[{"href":"https:\/\/web.alfanet.ee\/~hiiepaik\/wp-json\/wp\/v2\/types\/page"}],"author":[{"embeddable":true,"href":"https:\/\/web.alfanet.ee\/~hiiepaik\/wp-json\/wp\/v2\/users\/4"}],"replies":[{"embeddable":true,"href":"https:\/\/web.alfanet.ee\/~hiiepaik\/wp-json\/wp\/v2\/comments?post=87"}],"version-history":[{"count":6,"href":"https:\/\/web.alfanet.ee\/~hiiepaik\/wp-json\/wp\/v2\/pages\/87\/revisions"}],"predecessor-version":[{"id":4343,"href":"https:\/\/web.alfanet.ee\/~hiiepaik\/wp-json\/wp\/v2\/pages\/87\/revisions\/4343"}],"up":[{"embeddable":true,"href":"https:\/\/web.alfanet.ee\/~hiiepaik\/wp-json\/wp\/v2\/pages\/27"}],"wp:attachment":[{"href":"https:\/\/web.alfanet.ee\/~hiiepaik\/wp-json\/wp\/v2\/media?parent=87"}],"curies":[{"name":"wp","href":"https:\/\/api.w.org\/{rel}","templated":true}]}}