{"id":85,"date":"2015-03-22T00:32:11","date_gmt":"2015-03-21T22:32:11","guid":{"rendered":"https:\/\/web.alfanet.ee\/~hiiepaik\/?page_id=85"},"modified":"2015-04-06T22:49:42","modified_gmt":"2015-04-06T19:49:42","slug":"loodushaaled","status":"publish","type":"page","link":"https:\/\/web.alfanet.ee\/~hiiepaik\/kuula\/loodushaaled\/","title":{"rendered":"LOODUSH\u00c4\u00c4LED"},"content":{"rendered":"<p><iframe loading=\"lazy\" src=\"https:\/\/www.youtube.com\/embed\/GP30wTuoPJU?list=PLtvvwnjABdhCgjfojeugIFdlxEK-IdL_L\" width=\"560\" height=\"315\" frameborder=\"0\" allowfullscreen=\"allowfullscreen\"><\/iframe><\/p>\n<p>&nbsp;<\/p>\n<p><a href=\"https:\/\/arhiiv.err.ee\/seeria\/looduse-aabits\/info\/69\/default\/koik\" target=\"_blank\"><strong>ERR ARHIIV &#8211; LOODUSE AABITS &#8211; KUULAMISEKS<\/strong><\/a><\/p>\n<p><a href=\"http:\/\/www.loodusheli.ee\/ET\/keskkonnad\/metsad\/lid=20\" target=\"_blank\"><strong>LOODUSHELI &#8211; K\u00d5RV LOODUSESSE<\/strong><\/a><\/p>\n","protected":false},"excerpt":{"rendered":"<p>&nbsp; ERR ARHIIV &#8211; LOODUSE AABITS &#8211; KUULAMISEKS LOODUSHELI &#8211; K\u00d5RV LOODUSESSE<\/p>\n","protected":false},"author":1,"featured_media":0,"parent":25,"menu_order":1,"comment_status":"closed","ping_status":"open","template":"","meta":{"neve_meta_sidebar":"","neve_meta_container":"","neve_meta_enable_content_width":"","neve_meta_content_width":0,"neve_meta_title_alignment":"","neve_meta_author_avatar":"","neve_post_elements_order":"","neve_meta_disable_header":"","neve_meta_disable_footer":"","neve_meta_disable_title":"","ngg_post_thumbnail":0,"footnotes":""},"class_list":["post-85","page","type-page","status-publish","hentry"],"yoast_head":"<!-- This site is optimized with the Yoast SEO plugin v26.7 - https:\/\/yoast.com\/wordpress\/plugins\/seo\/ -->\n<title>LOODUSH\u00c4\u00c4LED -<\/title>\n<meta name=\"robots\" content=\"index, follow, max-snippet:-1, max-image-preview:large, max-video-preview:-1\" \/>\n<link rel=\"canonical\" href=\"https:\/\/web.alfanet.ee\/~hiiepaik\/kuula\/loodushaaled\/\" \/>\n<meta property=\"og:locale\" content=\"et_EE\" \/>\n<meta property=\"og:type\" content=\"article\" \/>\n<meta property=\"og:title\" content=\"LOODUSH\u00c4\u00c4LED -\" \/>\n<meta property=\"og:description\" content=\"&nbsp; ERR ARHIIV &#8211; LOODUSE AABITS &#8211; KUULAMISEKS LOODUSHELI &#8211; K\u00d5RV LOODUSESSE\" \/>\n<meta property=\"og:url\" content=\"https:\/\/web.alfanet.ee\/~hiiepaik\/kuula\/loodushaaled\/\" \/>\n<meta property=\"article:publisher\" content=\"https:\/\/www.facebook.com\/hiiepaik\/\" \/>\n<meta property=\"article:modified_time\" content=\"2015-04-06T19:49:42+00:00\" \/>\n<script type=\"application\/ld+json\" class=\"yoast-schema-graph\">{\"@context\":\"https:\/\/schema.org\",\"@graph\":[{\"@type\":\"WebPage\",\"@id\":\"https:\/\/web.alfanet.ee\/~hiiepaik\/kuula\/loodushaaled\/\",\"url\":\"https:\/\/web.alfanet.ee\/~hiiepaik\/kuula\/loodushaaled\/\",\"name\":\"LOODUSH\u00c4\u00c4LED -\",\"isPartOf\":{\"@id\":\"https:\/\/web.alfanet.ee\/~hiiepaik\/#website\"},\"datePublished\":\"2015-03-21T22:32:11+00:00\",\"dateModified\":\"2015-04-06T19:49:42+00:00\",\"breadcrumb\":{\"@id\":\"https:\/\/web.alfanet.ee\/~hiiepaik\/kuula\/loodushaaled\/#breadcrumb\"},\"inLanguage\":\"et\",\"potentialAction\":[{\"@type\":\"ReadAction\",\"target\":[\"https:\/\/web.alfanet.ee\/~hiiepaik\/kuula\/loodushaaled\/\"]}]},{\"@type\":\"BreadcrumbList\",\"@id\":\"https:\/\/web.alfanet.ee\/~hiiepaik\/kuula\/loodushaaled\/#breadcrumb\",\"itemListElement\":[{\"@type\":\"ListItem\",\"position\":1,\"name\":\"Home\",\"item\":\"https:\/\/web.alfanet.ee\/~hiiepaik\/\"},{\"@type\":\"ListItem\",\"position\":2,\"name\":\"KUULA\",\"item\":\"https:\/\/web.alfanet.ee\/~hiiepaik\/kuula\/\"},{\"@type\":\"ListItem\",\"position\":3,\"name\":\"LOODUSH\u00c4\u00c4LED\"}]},{\"@type\":\"WebSite\",\"@id\":\"https:\/\/web.alfanet.ee\/~hiiepaik\/#website\",\"url\":\"https:\/\/web.alfanet.ee\/~hiiepaik\/\",\"name\":\"Hiiepaik\",\"description\":\"\",\"potentialAction\":[{\"@type\":\"SearchAction\",\"target\":{\"@type\":\"EntryPoint\",\"urlTemplate\":\"https:\/\/web.alfanet.ee\/~hiiepaik\/?s={search_term_string}\"},\"query-input\":{\"@type\":\"PropertyValueSpecification\",\"valueRequired\":true,\"valueName\":\"search_term_string\"}}],\"inLanguage\":\"et\"}]}<\/script>\n<!-- \/ Yoast SEO plugin. -->","yoast_head_json":{"title":"LOODUSH\u00c4\u00c4LED -","robots":{"index":"index","follow":"follow","max-snippet":"max-snippet:-1","max-image-preview":"max-image-preview:large","max-video-preview":"max-video-preview:-1"},"canonical":"https:\/\/web.alfanet.ee\/~hiiepaik\/kuula\/loodushaaled\/","og_locale":"et_EE","og_type":"article","og_title":"LOODUSH\u00c4\u00c4LED -","og_description":"&nbsp; ERR ARHIIV &#8211; LOODUSE AABITS &#8211; KUULAMISEKS LOODUSHELI &#8211; K\u00d5RV LOODUSESSE","og_url":"https:\/\/web.alfanet.ee\/~hiiepaik\/kuula\/loodushaaled\/","article_publisher":"https:\/\/www.facebook.com\/hiiepaik\/","article_modified_time":"2015-04-06T19:49:42+00:00","schema":{"@context":"https:\/\/schema.org","@graph":[{"@type":"WebPage","@id":"https:\/\/web.alfanet.ee\/~hiiepaik\/kuula\/loodushaaled\/","url":"https:\/\/web.alfanet.ee\/~hiiepaik\/kuula\/loodushaaled\/","name":"LOODUSH\u00c4\u00c4LED -","isPartOf":{"@id":"https:\/\/web.alfanet.ee\/~hiiepaik\/#website"},"datePublished":"2015-03-21T22:32:11+00:00","dateModified":"2015-04-06T19:49:42+00:00","breadcrumb":{"@id":"https:\/\/web.alfanet.ee\/~hiiepaik\/kuula\/loodushaaled\/#breadcrumb"},"inLanguage":"et","potentialAction":[{"@type":"ReadAction","target":["https:\/\/web.alfanet.ee\/~hiiepaik\/kuula\/loodushaaled\/"]}]},{"@type":"BreadcrumbList","@id":"https:\/\/web.alfanet.ee\/~hiiepaik\/kuula\/loodushaaled\/#breadcrumb","itemListElement":[{"@type":"ListItem","position":1,"name":"Home","item":"https:\/\/web.alfanet.ee\/~hiiepaik\/"},{"@type":"ListItem","position":2,"name":"KUULA","item":"https:\/\/web.alfanet.ee\/~hiiepaik\/kuula\/"},{"@type":"ListItem","position":3,"name":"LOODUSH\u00c4\u00c4LED"}]},{"@type":"WebSite","@id":"https:\/\/web.alfanet.ee\/~hiiepaik\/#website","url":"https:\/\/web.alfanet.ee\/~hiiepaik\/","name":"Hiiepaik","description":"","potentialAction":[{"@type":"SearchAction","target":{"@type":"EntryPoint","urlTemplate":"https:\/\/web.alfanet.ee\/~hiiepaik\/?s={search_term_string}"},"query-input":{"@type":"PropertyValueSpecification","valueRequired":true,"valueName":"search_term_string"}}],"inLanguage":"et"}]}},"_links":{"self":[{"href":"https:\/\/web.alfanet.ee\/~hiiepaik\/wp-json\/wp\/v2\/pages\/85","targetHints":{"allow":["GET"]}}],"collection":[{"href":"https:\/\/web.alfanet.ee\/~hiiepaik\/wp-json\/wp\/v2\/pages"}],"about":[{"href":"https:\/\/web.alfanet.ee\/~hiiepaik\/wp-json\/wp\/v2\/types\/page"}],"author":[{"embeddable":true,"href":"https:\/\/web.alfanet.ee\/~hiiepaik\/wp-json\/wp\/v2\/users\/1"}],"replies":[{"embeddable":true,"href":"https:\/\/web.alfanet.ee\/~hiiepaik\/wp-json\/wp\/v2\/comments?post=85"}],"version-history":[{"count":0,"href":"https:\/\/web.alfanet.ee\/~hiiepaik\/wp-json\/wp\/v2\/pages\/85\/revisions"}],"up":[{"embeddable":true,"href":"https:\/\/web.alfanet.ee\/~hiiepaik\/wp-json\/wp\/v2\/pages\/25"}],"wp:attachment":[{"href":"https:\/\/web.alfanet.ee\/~hiiepaik\/wp-json\/wp\/v2\/media?parent=85"}],"curies":[{"name":"wp","href":"https:\/\/api.w.org\/{rel}","templated":true}]}}