{"id":83,"date":"2015-03-22T00:31:42","date_gmt":"2015-03-21T22:31:42","guid":{"rendered":"https:\/\/web.alfanet.ee\/~hiiepaik\/?page_id=83"},"modified":"2024-12-06T23:39:23","modified_gmt":"2024-12-06T21:39:23","slug":"raadiosaated","status":"publish","type":"page","link":"https:\/\/web.alfanet.ee\/~hiiepaik\/kuula\/raadiosaated\/","title":{"rendered":"RAADIOSAATED"},"content":{"rendered":"\n<div class=\"wp-block-columns has-nv-light-bg-background-color has-background is-layout-flex wp-container-core-columns-is-layout-9d6595d7 wp-block-columns-is-layout-flex\" style=\"border-bottom-color:var(--wp--preset--color--nv-site-bg);border-bottom-width:1px\">\n<div class=\"wp-block-column is-layout-flow wp-block-column-is-layout-flow\" style=\"flex-basis:66%\">\n<h4 class=\"wp-block-heading\">Huvitaja. Haldjad ja vaimud kaasaegses metsas.<\/h4>\n\n\n\n<p class=\"has-small-font-size\">ERR, 4. MAI 2018<\/p>\n\n\n\n<div class=\"wp-block-buttons is-layout-flex wp-block-buttons-is-layout-flex\">\n<div class=\"wp-block-button is-style-secondary\"><a class=\"wp-block-button__link has-nv-text-dark-bg-background-color has-background wp-element-button\" href=\"https:\/\/arhiiv.err.ee\/audio\/vaata\/huvitaja-haldjad-ja-vaimud-kaasaegses-metsas\" target=\"_blank\" rel=\"noreferrer noopener\"><span class=\"fa-solid fa-headphones\"><\/span> KUULA<\/a><\/div>\n<\/div>\n<\/div>\n\n\n\n<div class=\"wp-block-column is-layout-flow wp-block-column-is-layout-flow\">\n<iframe style=\"width: 335px; height: 189px;\" src=\"\/\/services.err.ee\/media\/embed\/850132\" frameborder=\"0\"><\/iframe>\n<\/div>\n<\/div>\n\n\n\n<div class=\"wp-block-columns has-nv-light-bg-background-color has-background is-layout-flex wp-container-core-columns-is-layout-9d6595d7 wp-block-columns-is-layout-flex\" style=\"border-bottom-color:var(--wp--preset--color--nv-site-bg);border-bottom-width:1px\">\n<div class=\"wp-block-column is-layout-flow wp-block-column-is-layout-flow\" style=\"flex-basis:66%\">\n<h4 class=\"wp-block-heading\">Sada Eesti m\u00f5tet. Ahto Kaasik<\/h4>\n\n\n\n<p class=\"has-small-font-size\">ERR, 16. M\u00c4RTS 2018<\/p>\n\n\n\n<div class=\"wp-block-buttons is-layout-flex wp-block-buttons-is-layout-flex\">\n<div class=\"wp-block-button is-style-secondary\"><a class=\"wp-block-button__link has-nv-text-dark-bg-background-color has-background wp-element-button\" href=\"https:\/\/arhiiv.err.ee\/audio\/vaata\/sada-eesti-motet-ahto-kaasik\" target=\"_blank\" rel=\"noreferrer noopener\"><span class=\"fa-solid fa-headphones\"><\/span> KUULA<\/a><\/div>\n<\/div>\n<\/div>\n\n\n\n<div class=\"wp-block-column is-layout-flow wp-block-column-is-layout-flow\">\n<iframe style=\"width: 335px; height: 189px;\" src=\"\/\/services.err.ee\/media\/embed\/832707\" frameborder=\"0\"><\/iframe>\n<\/div>\n<\/div>\n\n\n\n<div class=\"wp-block-columns has-nv-light-bg-background-color has-background is-layout-flex wp-container-core-columns-is-layout-9d6595d7 wp-block-columns-is-layout-flex\" style=\"border-bottom-color:var(--wp--preset--color--nv-site-bg);border-bottom-width:1px\">\n<div class=\"wp-block-column is-layout-flow wp-block-column-is-layout-flow\" style=\"flex-basis:66%\">\n<h4 class=\"wp-block-heading\">Kajalood. Ahto Kaasik<\/h4>\n\n\n\n<p class=\"has-small-font-size\">ERR, 04. NOVEMBER 2017<\/p>\n\n\n\n<div class=\"wp-block-buttons is-layout-flex wp-block-buttons-is-layout-flex\">\n<div class=\"wp-block-button is-style-secondary\"><a class=\"wp-block-button__link has-nv-text-dark-bg-background-color has-background wp-element-button\" href=\"https:\/\/arhiiv.err.ee\/audio\/vaata\/kajalood-kajalood-ahto-kaasik\" target=\"_blank\" rel=\"noreferrer noopener\"><span class=\"fa-solid fa-headphones\"><\/span> KUULA<\/a><\/div>\n<\/div>\n<\/div>\n\n\n\n<div class=\"wp-block-column is-layout-flow wp-block-column-is-layout-flow\">\n<iframe style=\"width: 335px; height: 189px;\" src=\"\/\/services.err.ee\/media\/embed\/792454\" frameborder=\"0\"><\/iframe>\n<\/div>\n<\/div>\n\n\n\n<div class=\"wp-block-columns has-nv-light-bg-background-color has-background is-layout-flex wp-container-core-columns-is-layout-9d6595d7 wp-block-columns-is-layout-flex\" style=\"border-bottom-color:var(--wp--preset--color--nv-site-bg);border-bottom-width:1px\">\n<div class=\"wp-block-column is-layout-flow wp-block-column-is-layout-flow\" style=\"flex-basis:66%\">\n<h4 class=\"wp-block-heading\">\u00d6koskoop. Looduslikud p\u00fchapaigad.<\/h4>\n\n\n\n<p class=\"has-small-font-size\">ERR, 30. OKTOOBER 2017<\/p>\n\n\n\n<div class=\"wp-block-buttons is-layout-flex wp-block-buttons-is-layout-flex\">\n<div class=\"wp-block-button is-style-secondary\"><a class=\"wp-block-button__link has-nv-text-dark-bg-background-color has-background wp-element-button\" href=\"https:\/\/vikerraadio.err.ee\/815221\/okoskoop-looduslikud-puhapaigad\" target=\"_blank\" rel=\"noreferrer noopener\"><span class=\"fa-solid fa-headphones\"><\/span> KUULA<\/a><\/div>\n<\/div>\n<\/div>\n\n\n\n<div class=\"wp-block-column is-layout-flow wp-block-column-is-layout-flow\">\n<iframe style=\"width: 335px; height: 189px;\" src=\"\/\/services.err.ee\/media\/embed\/790603\" frameborder=\"0\"><\/iframe>\n<\/div>\n<\/div>\n\n\n\n<hr class=\"wp-block-separator has-alpha-channel-opacity\"\/>\n\n\n\n<div class=\"wp-block-columns is-layout-flex wp-container-core-columns-is-layout-9d6595d7 wp-block-columns-is-layout-flex\">\n<div class=\"wp-block-column is-layout-flow wp-block-column-is-layout-flow\" style=\"flex-basis:66%\">\n<h4 class=\"wp-block-heading\">HALLO, KOSMOS! Ahto Kaasik<\/h4>\n\n\n\n<p class=\"has-small-font-size\">ERR, 19. MAI 2016<\/p>\n<\/div>\n\n\n\n<div class=\"wp-block-column is-layout-flow wp-block-column-is-layout-flow\">\n<div class=\"wp-block-buttons is-layout-flex wp-block-buttons-is-layout-flex\">\n<div class=\"wp-block-button is-style-secondary\"><a class=\"wp-block-button__link has-nv-text-dark-bg-background-color has-background wp-element-button\" href=\"https:\/\/arhiiv.err.ee\/audio\/vaata\/hallo-kosmos-ahto-kaasik\" target=\"_blank\" rel=\"noreferrer noopener\"><span class=\"fa-solid fa-headphones\"><\/span> KUULA<\/a><\/div>\n<\/div>\n<\/div>\n<\/div>\n\n\n\n<hr class=\"wp-block-separator has-alpha-channel-opacity\"\/>\n\n\n\n<div class=\"wp-block-columns is-layout-flex wp-container-core-columns-is-layout-9d6595d7 wp-block-columns-is-layout-flex\">\n<div class=\"wp-block-column is-layout-flow wp-block-column-is-layout-flow\" style=\"flex-basis:66%\">\n<h4 class=\"wp-block-heading\">REPORTERITUND. P\u00fchapaikade arengukava<\/h4>\n\n\n\n<p class=\"has-small-font-size\">ERR, 18.M\u00c4RTS 2015<\/p>\n<\/div>\n\n\n\n<div class=\"wp-block-column is-layout-flow wp-block-column-is-layout-flow\">\n<div class=\"wp-block-buttons is-layout-flex wp-block-buttons-is-layout-flex\">\n<div class=\"wp-block-button is-style-secondary\"><a class=\"wp-block-button__link has-nv-text-dark-bg-background-color has-background wp-element-button\" href=\"https:\/\/arhiiv.err.ee\/audio\/vaata\/reporteritund-reporteritund-puhapaikade-arengukava\" target=\"_blank\" rel=\"noreferrer noopener\"><span class=\"fa-solid fa-headphones\"><\/span> KUULA<\/a><\/div>\n<\/div>\n<\/div>\n<\/div>\n\n\n\n<hr class=\"wp-block-separator has-alpha-channel-opacity\"\/>\n\n\n\n<p><\/p>\n","protected":false},"excerpt":{"rendered":"<p>Huvitaja. Haldjad ja vaimud kaasaegses metsas. ERR, 4. MAI 2018 Sada Eesti m\u00f5tet. Ahto Kaasik ERR, 16. M\u00c4RTS 2018 Kajalood. Ahto Kaasik ERR, 04. NOVEMBER 2017 \u00d6koskoop. Looduslikud p\u00fchapaigad. ERR, 30. OKTOOBER 2017 HALLO, KOSMOS! Ahto Kaasik ERR, 19. MAI 2016 REPORTERITUND. P\u00fchapaikade arengukava ERR, 18.M\u00c4RTS 2015<\/p>\n","protected":false},"author":1,"featured_media":0,"parent":25,"menu_order":0,"comment_status":"closed","ping_status":"open","template":"","meta":{"neve_meta_sidebar":"","neve_meta_container":"","neve_meta_enable_content_width":"","neve_meta_content_width":0,"neve_meta_title_alignment":"","neve_meta_author_avatar":"","neve_post_elements_order":"","neve_meta_disable_header":"","neve_meta_disable_footer":"","neve_meta_disable_title":"","ngg_post_thumbnail":0,"footnotes":""},"class_list":["post-83","page","type-page","status-publish","hentry"],"yoast_head":"<!-- This site is optimized with the Yoast SEO plugin v26.7 - https:\/\/yoast.com\/wordpress\/plugins\/seo\/ -->\n<title>RAADIOSAATED -<\/title>\n<meta name=\"robots\" content=\"index, follow, max-snippet:-1, max-image-preview:large, max-video-preview:-1\" \/>\n<link rel=\"canonical\" href=\"https:\/\/web.alfanet.ee\/~hiiepaik\/kuula\/raadiosaated\/\" \/>\n<meta property=\"og:locale\" content=\"et_EE\" \/>\n<meta property=\"og:type\" content=\"article\" \/>\n<meta property=\"og:title\" content=\"RAADIOSAATED -\" \/>\n<meta property=\"og:description\" content=\"Huvitaja. Haldjad ja vaimud kaasaegses metsas. ERR, 4. MAI 2018 Sada Eesti m\u00f5tet. Ahto Kaasik ERR, 16. M\u00c4RTS 2018 Kajalood. Ahto Kaasik ERR, 04. NOVEMBER 2017 \u00d6koskoop. Looduslikud p\u00fchapaigad. ERR, 30. OKTOOBER 2017 HALLO, KOSMOS! Ahto Kaasik ERR, 19. MAI 2016 REPORTERITUND. P\u00fchapaikade arengukava ERR, 18.M\u00c4RTS 2015\" \/>\n<meta property=\"og:url\" content=\"https:\/\/web.alfanet.ee\/~hiiepaik\/kuula\/raadiosaated\/\" \/>\n<meta property=\"article:publisher\" content=\"https:\/\/www.facebook.com\/hiiepaik\/\" \/>\n<meta property=\"article:modified_time\" content=\"2024-12-06T21:39:23+00:00\" \/>\n<meta name=\"twitter:label1\" content=\"Est. reading time\" \/>\n\t<meta name=\"twitter:data1\" content=\"1 minut\" \/>\n<script type=\"application\/ld+json\" class=\"yoast-schema-graph\">{\"@context\":\"https:\/\/schema.org\",\"@graph\":[{\"@type\":\"WebPage\",\"@id\":\"https:\/\/web.alfanet.ee\/~hiiepaik\/kuula\/raadiosaated\/\",\"url\":\"https:\/\/web.alfanet.ee\/~hiiepaik\/kuula\/raadiosaated\/\",\"name\":\"RAADIOSAATED -\",\"isPartOf\":{\"@id\":\"https:\/\/web.alfanet.ee\/~hiiepaik\/#website\"},\"datePublished\":\"2015-03-21T22:31:42+00:00\",\"dateModified\":\"2024-12-06T21:39:23+00:00\",\"breadcrumb\":{\"@id\":\"https:\/\/web.alfanet.ee\/~hiiepaik\/kuula\/raadiosaated\/#breadcrumb\"},\"inLanguage\":\"et\",\"potentialAction\":[{\"@type\":\"ReadAction\",\"target\":[\"https:\/\/web.alfanet.ee\/~hiiepaik\/kuula\/raadiosaated\/\"]}]},{\"@type\":\"BreadcrumbList\",\"@id\":\"https:\/\/web.alfanet.ee\/~hiiepaik\/kuula\/raadiosaated\/#breadcrumb\",\"itemListElement\":[{\"@type\":\"ListItem\",\"position\":1,\"name\":\"Home\",\"item\":\"https:\/\/web.alfanet.ee\/~hiiepaik\/\"},{\"@type\":\"ListItem\",\"position\":2,\"name\":\"KUULA\",\"item\":\"https:\/\/web.alfanet.ee\/~hiiepaik\/kuula\/\"},{\"@type\":\"ListItem\",\"position\":3,\"name\":\"RAADIOSAATED\"}]},{\"@type\":\"WebSite\",\"@id\":\"https:\/\/web.alfanet.ee\/~hiiepaik\/#website\",\"url\":\"https:\/\/web.alfanet.ee\/~hiiepaik\/\",\"name\":\"Hiiepaik\",\"description\":\"\",\"potentialAction\":[{\"@type\":\"SearchAction\",\"target\":{\"@type\":\"EntryPoint\",\"urlTemplate\":\"https:\/\/web.alfanet.ee\/~hiiepaik\/?s={search_term_string}\"},\"query-input\":{\"@type\":\"PropertyValueSpecification\",\"valueRequired\":true,\"valueName\":\"search_term_string\"}}],\"inLanguage\":\"et\"}]}<\/script>\n<!-- \/ Yoast SEO plugin. -->","yoast_head_json":{"title":"RAADIOSAATED -","robots":{"index":"index","follow":"follow","max-snippet":"max-snippet:-1","max-image-preview":"max-image-preview:large","max-video-preview":"max-video-preview:-1"},"canonical":"https:\/\/web.alfanet.ee\/~hiiepaik\/kuula\/raadiosaated\/","og_locale":"et_EE","og_type":"article","og_title":"RAADIOSAATED -","og_description":"Huvitaja. Haldjad ja vaimud kaasaegses metsas. ERR, 4. MAI 2018 Sada Eesti m\u00f5tet. Ahto Kaasik ERR, 16. M\u00c4RTS 2018 Kajalood. Ahto Kaasik ERR, 04. NOVEMBER 2017 \u00d6koskoop. Looduslikud p\u00fchapaigad. ERR, 30. OKTOOBER 2017 HALLO, KOSMOS! Ahto Kaasik ERR, 19. MAI 2016 REPORTERITUND. P\u00fchapaikade arengukava ERR, 18.M\u00c4RTS 2015","og_url":"https:\/\/web.alfanet.ee\/~hiiepaik\/kuula\/raadiosaated\/","article_publisher":"https:\/\/www.facebook.com\/hiiepaik\/","article_modified_time":"2024-12-06T21:39:23+00:00","twitter_misc":{"Est. reading time":"1 minut"},"schema":{"@context":"https:\/\/schema.org","@graph":[{"@type":"WebPage","@id":"https:\/\/web.alfanet.ee\/~hiiepaik\/kuula\/raadiosaated\/","url":"https:\/\/web.alfanet.ee\/~hiiepaik\/kuula\/raadiosaated\/","name":"RAADIOSAATED -","isPartOf":{"@id":"https:\/\/web.alfanet.ee\/~hiiepaik\/#website"},"datePublished":"2015-03-21T22:31:42+00:00","dateModified":"2024-12-06T21:39:23+00:00","breadcrumb":{"@id":"https:\/\/web.alfanet.ee\/~hiiepaik\/kuula\/raadiosaated\/#breadcrumb"},"inLanguage":"et","potentialAction":[{"@type":"ReadAction","target":["https:\/\/web.alfanet.ee\/~hiiepaik\/kuula\/raadiosaated\/"]}]},{"@type":"BreadcrumbList","@id":"https:\/\/web.alfanet.ee\/~hiiepaik\/kuula\/raadiosaated\/#breadcrumb","itemListElement":[{"@type":"ListItem","position":1,"name":"Home","item":"https:\/\/web.alfanet.ee\/~hiiepaik\/"},{"@type":"ListItem","position":2,"name":"KUULA","item":"https:\/\/web.alfanet.ee\/~hiiepaik\/kuula\/"},{"@type":"ListItem","position":3,"name":"RAADIOSAATED"}]},{"@type":"WebSite","@id":"https:\/\/web.alfanet.ee\/~hiiepaik\/#website","url":"https:\/\/web.alfanet.ee\/~hiiepaik\/","name":"Hiiepaik","description":"","potentialAction":[{"@type":"SearchAction","target":{"@type":"EntryPoint","urlTemplate":"https:\/\/web.alfanet.ee\/~hiiepaik\/?s={search_term_string}"},"query-input":{"@type":"PropertyValueSpecification","valueRequired":true,"valueName":"search_term_string"}}],"inLanguage":"et"}]}},"_links":{"self":[{"href":"https:\/\/web.alfanet.ee\/~hiiepaik\/wp-json\/wp\/v2\/pages\/83","targetHints":{"allow":["GET"]}}],"collection":[{"href":"https:\/\/web.alfanet.ee\/~hiiepaik\/wp-json\/wp\/v2\/pages"}],"about":[{"href":"https:\/\/web.alfanet.ee\/~hiiepaik\/wp-json\/wp\/v2\/types\/page"}],"author":[{"embeddable":true,"href":"https:\/\/web.alfanet.ee\/~hiiepaik\/wp-json\/wp\/v2\/users\/1"}],"replies":[{"embeddable":true,"href":"https:\/\/web.alfanet.ee\/~hiiepaik\/wp-json\/wp\/v2\/comments?post=83"}],"version-history":[{"count":10,"href":"https:\/\/web.alfanet.ee\/~hiiepaik\/wp-json\/wp\/v2\/pages\/83\/revisions"}],"predecessor-version":[{"id":4372,"href":"https:\/\/web.alfanet.ee\/~hiiepaik\/wp-json\/wp\/v2\/pages\/83\/revisions\/4372"}],"up":[{"embeddable":true,"href":"https:\/\/web.alfanet.ee\/~hiiepaik\/wp-json\/wp\/v2\/pages\/25"}],"wp:attachment":[{"href":"https:\/\/web.alfanet.ee\/~hiiepaik\/wp-json\/wp\/v2\/media?parent=83"}],"curies":[{"name":"wp","href":"https:\/\/api.w.org\/{rel}","templated":true}]}}