{"id":7,"date":"2015-03-21T19:18:11","date_gmt":"2015-03-21T17:18:11","guid":{"rendered":"https:\/\/web.alfanet.ee\/~hiiepaik\/?page_id=7"},"modified":"2024-12-31T16:58:50","modified_gmt":"2024-12-31T14:58:50","slug":"hiiepaik-2","status":"publish","type":"page","link":"https:\/\/web.alfanet.ee\/~hiiepaik\/","title":{"rendered":"HIIEPAIK"},"content":{"rendered":"\n<div class=\"wp-block-columns mx-n3 has-neve-link-color-background-color has-background is-layout-flex wp-container-core-columns-is-layout-9d6595d7 wp-block-columns-is-layout-flex\">\n<div class=\"wp-block-column is-layout-flow wp-block-column-is-layout-flow\" style=\"flex-basis:75%\">\n<p style=\"padding-top:0;padding-right:0;padding-bottom:0;padding-left:0;font-size:28px\">ABIKS LOODUSLIKE P\u00dcHAPAIKADE LEIDMISEL<\/p>\n<\/div>\n\n\n\n<div class=\"wp-block-column is-layout-flow wp-block-column-is-layout-flow\" style=\"flex-basis:25%\">\n<div class=\"wp-block-buttons is-content-justification-right is-layout-flex wp-container-core-buttons-is-layout-765c4724 wp-block-buttons-is-layout-flex\">\n<div class=\"wp-block-button is-style-default\"><a class=\"wp-block-button__link wp-element-button\" href=\"https:\/\/web.alfanet.ee\/~hiiepaik\/vaata\/kaardirakendus\/\">KAARDIRAKENDUS<\/a><\/div>\n<\/div>\n<\/div>\n<\/div>\n\n\n\n<p>Hiiepaik on vabatahtlike koost\u00f6\u00f6ring, et kaardistada ja hoida meie looduslikke p\u00fchapaiku. Looduslikud p\u00fchapaigad on inimkonna vanimad kaitsealad.<\/p>\n\n\n\n<div class=\"wp-block-group has-border-color has-nv-light-bg-background-color has-background\" style=\"border-color:var(--nv-site-bg);border-width:1px;border-radius:10px;padding-top:var(--wp--preset--spacing--50);padding-right:var(--wp--preset--spacing--50);padding-bottom:var(--wp--preset--spacing--50);padding-left:var(--wp--preset--spacing--50)\"><div class=\"wp-block-group__inner-container is-layout-constrained wp-container-core-group-is-layout-1c1b4f74 wp-block-group-is-layout-constrained\">\n<h2 class=\"wp-block-heading\">Hiiepaikade kaardistamise eesm\u00e4rk on<\/h2>\n\n\n\n<ul class=\"wp-block-list\">\n<li>Talletada rahvap\u00e4rimused ja m\u00e4lestused, mis aitavad p\u00fchapaigad maastikul \u00fcles leida.<\/li>\n\n\n\n<li>Kaardistada ning kirjeldada p\u00fchapaigad.<\/li>\n\n\n\n<li>Harida \u00fchiskonda p\u00fchapaikade teemadel.<\/li>\n\n\n\n<li>\u00c4ratada laiem huvi p\u00fchapaikade vastu.<\/li>\n\n\n\n<li>Aidata kaasa suulise p\u00e4rimuse edasiandmisele vanavanematelt lastelastele.<\/li>\n\n\n\n<li>Julgustada inimesi hiiepaiku k\u00fclastama, p\u00f6\u00f6rduma tagasi oma juurte juurde.<\/li>\n\n\n\n<li>Luua \u00fcle-eestiline hiies\u00f5prade v\u00f5rgustik p\u00fchapaikade kaardistamiseks ja hoidmiseks.<\/li>\n\n\n\n<li>Leida ettev\u00f5tjaid-toetajaid kes on valmis p\u00fchapaikade uuringutele \u00f5la alla panema.<\/li>\n<\/ul>\n<\/div><\/div>\n\n\n\n<h2 class=\"wp-block-heading\" style=\"padding-top:var(--wp--preset--spacing--50);padding-bottom:0\">HIIEPAIGA TEGEVUS<\/h2>\n\n\n\n<div class=\"wp-block-columns is-layout-flex wp-container-core-columns-is-layout-9d6595d7 wp-block-columns-is-layout-flex\">\n<div class=\"wp-block-column is-layout-flow wp-block-column-is-layout-flow\">\n<figure class=\"wp-block-image size-full\"><img loading=\"lazy\" decoding=\"async\" width=\"791\" height=\"635\" src=\"https:\/\/web.alfanet.ee\/~hiiepaik\/wp-content\/uploads\/2016\/05\/Kaardirakendus.jpg\" alt=\"\" class=\"wp-image-3804\" style=\"aspect-ratio:4\/3;object-fit:cover\" srcset=\"https:\/\/web.alfanet.ee\/~hiiepaik\/wp-content\/uploads\/2016\/05\/Kaardirakendus.jpg 791w, https:\/\/web.alfanet.ee\/~hiiepaik\/wp-content\/uploads\/2016\/05\/Kaardirakendus-300x241.jpg 300w, https:\/\/web.alfanet.ee\/~hiiepaik\/wp-content\/uploads\/2016\/05\/Kaardirakendus-768x617.jpg 768w, https:\/\/web.alfanet.ee\/~hiiepaik\/wp-content\/uploads\/2016\/05\/Kaardirakendus-374x300.jpg 374w\" sizes=\"auto, (max-width: 791px) 100vw, 791px\" \/><\/figure>\n\n\n\n<h4 class=\"wp-block-heading\"><a href=\"https:\/\/web.alfanet.ee\/~hiiepaik\/service\/kaardistamine\/\">KAARDISTAMINE<\/a><\/h4>\n\n\n\n<p class=\"has-text-align-left\">Hiiepaiga peamine eesm\u00e4rk on t\u00f5mmata p\u00fchapaikadele ulatuslikult t\u00e4helepanu, anda paljudele inimestele teadmised p\u00fchapaikadest ning kaasata nad edaspidi erinevate tegevuste kaudu hiies\u00f5prade ringi.<\/p>\n<\/div>\n\n\n\n<div class=\"wp-block-column is-layout-flow wp-block-column-is-layout-flow\">\n<figure class=\"wp-block-image size-full\"><img loading=\"lazy\" decoding=\"async\" width=\"665\" height=\"535\" src=\"https:\/\/web.alfanet.ee\/~hiiepaik\/wp-content\/uploads\/2016\/03\/Kiik.jpg\" alt=\"\" class=\"wp-image-3102\" style=\"aspect-ratio:4\/3;object-fit:cover\" srcset=\"https:\/\/web.alfanet.ee\/~hiiepaik\/wp-content\/uploads\/2016\/03\/Kiik.jpg 665w, https:\/\/web.alfanet.ee\/~hiiepaik\/wp-content\/uploads\/2016\/03\/Kiik-300x241.jpg 300w, https:\/\/web.alfanet.ee\/~hiiepaik\/wp-content\/uploads\/2016\/03\/Kiik-373x300.jpg 373w\" sizes=\"auto, (max-width: 665px) 100vw, 665px\" \/><\/figure>\n\n\n\n<h4 class=\"wp-block-heading\"><a href=\"https:\/\/web.alfanet.ee\/~hiiepaik\/service\/koolihiied\/\">KOOLIHIIED<\/a><\/h4>\n\n\n\n<p class=\"has-text-align-left\">Eesti Vabariigi 100. s\u00fcnnip\u00e4eva raames on plaanis anda elu uuele algatusele, mille eesm\u00e4rgiks on pakkuda lastele v\u00f5imalust tegutseda looduses, \u00f5ppida tundma kodukoha ajalugu ning p\u00f5list kombestikku.<\/p>\n<\/div>\n\n\n\n<div class=\"wp-block-column is-layout-flow wp-block-column-is-layout-flow\">\n<figure class=\"wp-block-image size-large\"><img loading=\"lazy\" decoding=\"async\" width=\"1024\" height=\"683\" src=\"https:\/\/web.alfanet.ee\/~hiiepaik\/wp-content\/uploads\/2019\/03\/Helme-ohvriikivi-3-1024x683.jpg\" alt=\"\" class=\"wp-image-3459\" style=\"aspect-ratio:4\/3;object-fit:cover\" srcset=\"https:\/\/web.alfanet.ee\/~hiiepaik\/wp-content\/uploads\/2019\/03\/Helme-ohvriikivi-3-1024x683.jpg 1024w, https:\/\/web.alfanet.ee\/~hiiepaik\/wp-content\/uploads\/2019\/03\/Helme-ohvriikivi-3-300x200.jpg 300w, https:\/\/web.alfanet.ee\/~hiiepaik\/wp-content\/uploads\/2019\/03\/Helme-ohvriikivi-3-768x512.jpg 768w, https:\/\/web.alfanet.ee\/~hiiepaik\/wp-content\/uploads\/2019\/03\/Helme-ohvriikivi-3-450x300.jpg 450w\" sizes=\"auto, (max-width: 1024px) 100vw, 1024px\" \/><\/figure>\n\n\n\n<h4 class=\"wp-block-heading\"><a href=\"https:\/\/web.alfanet.ee\/~hiiepaik\/service\/puhapaik-mis-see-on\/\">P\u00dcHAPAIK<\/a><\/h4>\n\n\n\n<p class=\"has-text-align-left\">P\u00fchapaik on looduslik pinnavorm, maapind, taimestik ja loomastik ning seal v\u00f5ivad olla veekogud ja kivid. P\u00fchapaika iseloomustavad sellega seotud kohanimed, teadmised, p\u00e4rimused, uskumused ja tavad.<\/p>\n<\/div>\n\n\n\n<div class=\"wp-block-column is-layout-flow wp-block-column-is-layout-flow\">\n<figure class=\"wp-block-image size-full\"><img loading=\"lazy\" decoding=\"async\" width=\"960\" height=\"640\" src=\"https:\/\/web.alfanet.ee\/~hiiepaik\/wp-content\/uploads\/2015\/06\/11329751_354317751430943_1158317448837895974_n.jpg\" alt=\"11329751_354317751430943_1158317448837895974_n\" class=\"wp-image-2858\" style=\"aspect-ratio:4\/3;object-fit:cover\" srcset=\"https:\/\/web.alfanet.ee\/~hiiepaik\/wp-content\/uploads\/2015\/06\/11329751_354317751430943_1158317448837895974_n.jpg 960w, https:\/\/web.alfanet.ee\/~hiiepaik\/wp-content\/uploads\/2015\/06\/11329751_354317751430943_1158317448837895974_n-300x200.jpg 300w, https:\/\/web.alfanet.ee\/~hiiepaik\/wp-content\/uploads\/2015\/06\/11329751_354317751430943_1158317448837895974_n-450x300.jpg 450w\" sizes=\"auto, (max-width: 960px) 100vw, 960px\" \/><\/figure>\n\n\n\n<h4 class=\"wp-block-heading\"><a href=\"https:\/\/web.alfanet.ee\/~hiiepaik\/service\/hiie-sober\/\">HIIE S\u00d5BER<\/a><\/h4>\n\n\n\n<p class=\"has-text-align-left\">Hiie s\u00f5bra aunime v\u00f5ib anda inimesele, \u00fchendusele v\u00f5i asutusele, kes teeb hiies\u00f5bralikke tegusid, kelle tegevuse t\u00f5ttu on looduslik p\u00fchapaik s\u00e4ilinud, selle seisukord paranenud v\u00f5i kaitse alla saanud.<\/p>\n<\/div>\n<\/div>\n\n\n\n<div class=\"wp-block-columns mx-n3 has-neve-link-color-background-color has-background is-layout-flex wp-container-core-columns-is-layout-9d6595d7 wp-block-columns-is-layout-flex\">\n<div class=\"wp-block-column has-nv-text-dark-bg-color has-text-color has-link-color wp-elements-aca1e65312bf1a67531ad0db2a3a6f86 is-layout-flow wp-block-column-is-layout-flow\" style=\"flex-basis:75%\">\n<p style=\"padding-top:0;padding-right:0;padding-bottom:0;padding-left:0;font-size:24px\">KAARDISTAME JA HOIAME MEIE LOODUSLIKKE P\u00dcHAPAIKU<\/p>\n<\/div>\n\n\n\n<div class=\"wp-block-column is-layout-flow wp-block-column-is-layout-flow\" style=\"flex-basis:25%\">\n<div class=\"wp-block-buttons is-content-justification-right is-layout-flex wp-container-core-buttons-is-layout-765c4724 wp-block-buttons-is-layout-flex\">\n<div class=\"wp-block-button is-style-default\"><a class=\"wp-block-button__link wp-element-button\" href=\"https:\/\/web.alfanet.ee\/~hiiepaik\/tegutse\/kaardistamine\/\">LOE SIIT<\/a><\/div>\n<\/div>\n<\/div>\n<\/div>\n\n\n\n<h2 class=\"wp-block-heading\">UUDISED JA TEATED<\/h2>\n\n\n\n<p><span style=\"color: var(--nv-text-color); font-family: var(--bodyfontfamily); font-size: var(--bodyfontsize); font-weight: var(--bodyfontweight); letter-spacing: var(--bodyletterspacing); text-transform: var(--bodytexttransform); background-color: var(--nv-site-bg);\">[lvca_posts_carousel posts_query=&#8221;size:4|order_by:date|order:DESC|post_type:post|categories:1&#8243; image_linkable=&#8221;true&#8221; image_size=&#8221;thumbnail&#8221; display_title=&#8221;true&#8221; display_post_date=&#8221;true&#8221; display_summary=&#8221;true&#8221; display_read_more=&#8221;true&#8221; read_more_text=&#8221;Loe edasi&#8230;&#8221; arrows=&#8221;yes&#8221; autoplay=&#8221;yes&#8221; autoplay_speed=&#8221;3000&#8243; animation_speed=&#8221;300&#8243; pause_on_hover=&#8221;yes&#8221; display_columns=&#8221;4&#8243; scroll_columns=&#8221;4&#8243; gutter=&#8221;10&#8243; tablet_display_columns=&#8221;2&#8243; tablet_scroll_columns=&#8221;2&#8243; tablet_gutter=&#8221;10&#8243; tablet_width=&#8221;800&#8243; mobile_display_columns=&#8221;1&#8243; mobile_scroll_columns=&#8221;1&#8243; mobile_gutter=&#8221;10&#8243; mobile_width=&#8221;480&#8243;]<\/span><\/p>\n","protected":false},"excerpt":{"rendered":"<p>ABIKS LOODUSLIKE P\u00dcHAPAIKADE LEIDMISEL Hiiepaik on vabatahtlike koost\u00f6\u00f6ring, et kaardistada ja hoida meie looduslikke p\u00fchapaiku. Looduslikud p\u00fchapaigad on inimkonna vanimad kaitsealad. Hiiepaikade kaardistamise eesm\u00e4rk on HIIEPAIGA TEGEVUS KAARDISTAMINE Hiiepaiga peamine eesm\u00e4rk on t\u00f5mmata p\u00fchapaikadele ulatuslikult t\u00e4helepanu, anda paljudele inimestele teadmised p\u00fchapaikadest ning kaasata nad edaspidi erinevate tegevuste kaudu hiies\u00f5prade ringi. KOOLIHIIED Eesti Vabariigi 100. s\u00fcnnip\u00e4eva&hellip;&nbsp;<a href=\"https:\/\/web.alfanet.ee\/~hiiepaik\/\" rel=\"bookmark\">Read More &raquo;<span class=\"screen-reader-text\">HIIEPAIK<\/span><\/a><\/p>\n","protected":false},"author":4,"featured_media":0,"parent":0,"menu_order":0,"comment_status":"closed","ping_status":"closed","template":"","meta":{"neve_meta_sidebar":"","neve_meta_container":"","neve_meta_enable_content_width":"off","neve_meta_content_width":100,"neve_meta_title_alignment":"","neve_meta_author_avatar":"","neve_post_elements_order":"","neve_meta_disable_header":"","neve_meta_disable_footer":"","neve_meta_disable_title":"on","ngg_post_thumbnail":0,"footnotes":""},"class_list":["post-7","page","type-page","status-publish","hentry"],"yoast_head":"<!-- This site is optimized with the Yoast SEO plugin v26.7 - https:\/\/yoast.com\/wordpress\/plugins\/seo\/ -->\n<title>HIIEPAIK -<\/title>\n<meta name=\"robots\" content=\"index, follow, max-snippet:-1, max-image-preview:large, max-video-preview:-1\" \/>\n<link rel=\"canonical\" href=\"https:\/\/web.alfanet.ee\/~hiiepaik\/\" \/>\n<meta property=\"og:locale\" content=\"et_EE\" \/>\n<meta property=\"og:type\" content=\"article\" \/>\n<meta property=\"og:title\" content=\"HIIEPAIK -\" \/>\n<meta property=\"og:description\" content=\"ABIKS LOODUSLIKE P\u00dcHAPAIKADE LEIDMISEL Hiiepaik on vabatahtlike koost\u00f6\u00f6ring, et kaardistada ja hoida meie looduslikke p\u00fchapaiku. Looduslikud p\u00fchapaigad on inimkonna vanimad kaitsealad. Hiiepaikade kaardistamise eesm\u00e4rk on HIIEPAIGA TEGEVUS KAARDISTAMINE Hiiepaiga peamine eesm\u00e4rk on t\u00f5mmata p\u00fchapaikadele ulatuslikult t\u00e4helepanu, anda paljudele inimestele teadmised p\u00fchapaikadest ning kaasata nad edaspidi erinevate tegevuste kaudu hiies\u00f5prade ringi. KOOLIHIIED Eesti Vabariigi 100. s\u00fcnnip\u00e4eva&hellip;&nbsp;Read More &raquo;HIIEPAIK\" \/>\n<meta property=\"og:url\" content=\"https:\/\/web.alfanet.ee\/~hiiepaik\/\" \/>\n<meta property=\"article:publisher\" content=\"https:\/\/www.facebook.com\/hiiepaik\/\" \/>\n<meta property=\"article:modified_time\" content=\"2024-12-31T14:58:50+00:00\" \/>\n<meta property=\"og:image\" content=\"https:\/\/web.alfanet.ee\/~hiiepaik\/wp-content\/uploads\/2016\/05\/Kaardirakendus.jpg\" \/>\n\t<meta property=\"og:image:width\" content=\"791\" \/>\n\t<meta property=\"og:image:height\" content=\"635\" \/>\n\t<meta property=\"og:image:type\" content=\"image\/jpeg\" \/>\n<meta name=\"twitter:label1\" content=\"Est. reading time\" \/>\n\t<meta name=\"twitter:data1\" content=\"3 minutit\" \/>\n<script type=\"application\/ld+json\" class=\"yoast-schema-graph\">{\"@context\":\"https:\/\/schema.org\",\"@graph\":[{\"@type\":\"WebPage\",\"@id\":\"https:\/\/web.alfanet.ee\/~hiiepaik\/\",\"url\":\"https:\/\/web.alfanet.ee\/~hiiepaik\/\",\"name\":\"HIIEPAIK -\",\"isPartOf\":{\"@id\":\"https:\/\/web.alfanet.ee\/~hiiepaik\/#website\"},\"primaryImageOfPage\":{\"@id\":\"https:\/\/web.alfanet.ee\/~hiiepaik\/#primaryimage\"},\"image\":{\"@id\":\"https:\/\/web.alfanet.ee\/~hiiepaik\/#primaryimage\"},\"thumbnailUrl\":\"https:\/\/web.alfanet.ee\/~hiiepaik\/wp-content\/uploads\/2016\/05\/Kaardirakendus.jpg\",\"datePublished\":\"2015-03-21T17:18:11+00:00\",\"dateModified\":\"2024-12-31T14:58:50+00:00\",\"breadcrumb\":{\"@id\":\"https:\/\/web.alfanet.ee\/~hiiepaik\/#breadcrumb\"},\"inLanguage\":\"et\",\"potentialAction\":[{\"@type\":\"ReadAction\",\"target\":[\"https:\/\/web.alfanet.ee\/~hiiepaik\/\"]}]},{\"@type\":\"ImageObject\",\"inLanguage\":\"et\",\"@id\":\"https:\/\/web.alfanet.ee\/~hiiepaik\/#primaryimage\",\"url\":\"https:\/\/web.alfanet.ee\/~hiiepaik\/wp-content\/uploads\/2016\/05\/Kaardirakendus.jpg\",\"contentUrl\":\"https:\/\/web.alfanet.ee\/~hiiepaik\/wp-content\/uploads\/2016\/05\/Kaardirakendus.jpg\",\"width\":791,\"height\":635},{\"@type\":\"BreadcrumbList\",\"@id\":\"https:\/\/web.alfanet.ee\/~hiiepaik\/#breadcrumb\",\"itemListElement\":[{\"@type\":\"ListItem\",\"position\":1,\"name\":\"Home\",\"item\":\"https:\/\/web.alfanet.ee\/~hiiepaik\/\"},{\"@type\":\"ListItem\",\"position\":2,\"name\":\"HIIEPAIK\"}]},{\"@type\":\"WebSite\",\"@id\":\"https:\/\/web.alfanet.ee\/~hiiepaik\/#website\",\"url\":\"https:\/\/web.alfanet.ee\/~hiiepaik\/\",\"name\":\"Hiiepaik\",\"description\":\"\",\"potentialAction\":[{\"@type\":\"SearchAction\",\"target\":{\"@type\":\"EntryPoint\",\"urlTemplate\":\"https:\/\/web.alfanet.ee\/~hiiepaik\/?s={search_term_string}\"},\"query-input\":{\"@type\":\"PropertyValueSpecification\",\"valueRequired\":true,\"valueName\":\"search_term_string\"}}],\"inLanguage\":\"et\"}]}<\/script>\n<!-- \/ Yoast SEO plugin. -->","yoast_head_json":{"title":"HIIEPAIK -","robots":{"index":"index","follow":"follow","max-snippet":"max-snippet:-1","max-image-preview":"max-image-preview:large","max-video-preview":"max-video-preview:-1"},"canonical":"https:\/\/web.alfanet.ee\/~hiiepaik\/","og_locale":"et_EE","og_type":"article","og_title":"HIIEPAIK -","og_description":"ABIKS LOODUSLIKE P\u00dcHAPAIKADE LEIDMISEL Hiiepaik on vabatahtlike koost\u00f6\u00f6ring, et kaardistada ja hoida meie looduslikke p\u00fchapaiku. Looduslikud p\u00fchapaigad on inimkonna vanimad kaitsealad. Hiiepaikade kaardistamise eesm\u00e4rk on HIIEPAIGA TEGEVUS KAARDISTAMINE Hiiepaiga peamine eesm\u00e4rk on t\u00f5mmata p\u00fchapaikadele ulatuslikult t\u00e4helepanu, anda paljudele inimestele teadmised p\u00fchapaikadest ning kaasata nad edaspidi erinevate tegevuste kaudu hiies\u00f5prade ringi. KOOLIHIIED Eesti Vabariigi 100. s\u00fcnnip\u00e4eva&hellip;&nbsp;Read More &raquo;HIIEPAIK","og_url":"https:\/\/web.alfanet.ee\/~hiiepaik\/","article_publisher":"https:\/\/www.facebook.com\/hiiepaik\/","article_modified_time":"2024-12-31T14:58:50+00:00","og_image":[{"width":791,"height":635,"url":"https:\/\/web.alfanet.ee\/~hiiepaik\/wp-content\/uploads\/2016\/05\/Kaardirakendus.jpg","type":"image\/jpeg"}],"twitter_misc":{"Est. reading time":"3 minutit"},"schema":{"@context":"https:\/\/schema.org","@graph":[{"@type":"WebPage","@id":"https:\/\/web.alfanet.ee\/~hiiepaik\/","url":"https:\/\/web.alfanet.ee\/~hiiepaik\/","name":"HIIEPAIK -","isPartOf":{"@id":"https:\/\/web.alfanet.ee\/~hiiepaik\/#website"},"primaryImageOfPage":{"@id":"https:\/\/web.alfanet.ee\/~hiiepaik\/#primaryimage"},"image":{"@id":"https:\/\/web.alfanet.ee\/~hiiepaik\/#primaryimage"},"thumbnailUrl":"https:\/\/web.alfanet.ee\/~hiiepaik\/wp-content\/uploads\/2016\/05\/Kaardirakendus.jpg","datePublished":"2015-03-21T17:18:11+00:00","dateModified":"2024-12-31T14:58:50+00:00","breadcrumb":{"@id":"https:\/\/web.alfanet.ee\/~hiiepaik\/#breadcrumb"},"inLanguage":"et","potentialAction":[{"@type":"ReadAction","target":["https:\/\/web.alfanet.ee\/~hiiepaik\/"]}]},{"@type":"ImageObject","inLanguage":"et","@id":"https:\/\/web.alfanet.ee\/~hiiepaik\/#primaryimage","url":"https:\/\/web.alfanet.ee\/~hiiepaik\/wp-content\/uploads\/2016\/05\/Kaardirakendus.jpg","contentUrl":"https:\/\/web.alfanet.ee\/~hiiepaik\/wp-content\/uploads\/2016\/05\/Kaardirakendus.jpg","width":791,"height":635},{"@type":"BreadcrumbList","@id":"https:\/\/web.alfanet.ee\/~hiiepaik\/#breadcrumb","itemListElement":[{"@type":"ListItem","position":1,"name":"Home","item":"https:\/\/web.alfanet.ee\/~hiiepaik\/"},{"@type":"ListItem","position":2,"name":"HIIEPAIK"}]},{"@type":"WebSite","@id":"https:\/\/web.alfanet.ee\/~hiiepaik\/#website","url":"https:\/\/web.alfanet.ee\/~hiiepaik\/","name":"Hiiepaik","description":"","potentialAction":[{"@type":"SearchAction","target":{"@type":"EntryPoint","urlTemplate":"https:\/\/web.alfanet.ee\/~hiiepaik\/?s={search_term_string}"},"query-input":{"@type":"PropertyValueSpecification","valueRequired":true,"valueName":"search_term_string"}}],"inLanguage":"et"}]}},"_links":{"self":[{"href":"https:\/\/web.alfanet.ee\/~hiiepaik\/wp-json\/wp\/v2\/pages\/7","targetHints":{"allow":["GET"]}}],"collection":[{"href":"https:\/\/web.alfanet.ee\/~hiiepaik\/wp-json\/wp\/v2\/pages"}],"about":[{"href":"https:\/\/web.alfanet.ee\/~hiiepaik\/wp-json\/wp\/v2\/types\/page"}],"author":[{"embeddable":true,"href":"https:\/\/web.alfanet.ee\/~hiiepaik\/wp-json\/wp\/v2\/users\/4"}],"replies":[{"embeddable":true,"href":"https:\/\/web.alfanet.ee\/~hiiepaik\/wp-json\/wp\/v2\/comments?post=7"}],"version-history":[{"count":22,"href":"https:\/\/web.alfanet.ee\/~hiiepaik\/wp-json\/wp\/v2\/pages\/7\/revisions"}],"predecessor-version":[{"id":4481,"href":"https:\/\/web.alfanet.ee\/~hiiepaik\/wp-json\/wp\/v2\/pages\/7\/revisions\/4481"}],"wp:attachment":[{"href":"https:\/\/web.alfanet.ee\/~hiiepaik\/wp-json\/wp\/v2\/media?parent=7"}],"curies":[{"name":"wp","href":"https:\/\/api.w.org\/{rel}","templated":true}]}}