{"id":50,"date":"2015-03-22T00:21:22","date_gmt":"2015-03-21T22:21:22","guid":{"rendered":"https:\/\/web.alfanet.ee\/~hiiepaik\/?page_id=50"},"modified":"2024-12-06T22:16:16","modified_gmt":"2024-12-06T20:16:16","slug":"artiklid","status":"publish","type":"page","link":"https:\/\/web.alfanet.ee\/~hiiepaik\/loe\/artiklid\/","title":{"rendered":"ARTIKLID"},"content":{"rendered":"\n<ul class=\"wp-block-list has-medium-font-size\">\n<li><a style=\"color: #333333;\" href=\"http:\/\/alkeemia.delfi.ee\/keskkond\/okondus\/suurettevotja-sonny-aswani-loodan-et-kui-ma-uhel-paeval-taevasse-jouan-naeb-see-valja-just-selline-nagu-taevaskoda?id=71452471\" target=\"_blank\" rel=\"noopener noreferrer\">Alkeemia &#8211;&nbsp;Suurettev\u00f5tja Sonny Aswani: loodan, et kui ma \u00fchel p\u00e4eval taevasse j\u00f5uan, n\u00e4eb see v\u00e4lja just selline nagu Taevaskoda<\/a><\/li>\n\n\n\n<li><span style=\"color: #333333;\"><a style=\"color: #333333;\" href=\"http:\/\/www.maavald.ee\/uudised-10228-2015\/5033-29-04-10228-2015-loodusesober-kirjutab-haanjamaa-pyhapaikadest\" target=\"_blank\" rel=\"noopener noreferrer\">Looduses\u00f5ber kirjutab Haanjamaa pyhapaikadest<\/a><\/span><\/li>\n\n\n\n<li><span style=\"color: #333333;\"><a style=\"color: #333333;\" href=\"http:\/\/pr.pohjarannik.ee\/?p=13321\" target=\"_blank\" rel=\"noopener noreferrer\">&#8220;Looja, hoia hiiepuid!&#8221;<\/a><\/span><\/li>\n\n\n\n<li><span style=\"color: #333333;\"><a style=\"color: #333333;\" href=\"https:\/\/web.alfanet.ee\/~hiiepaik\/wp-content\/uploads\/2015\/03\/Hiied-Eesti-p\u00fchapaikade-uurimisloos.pdf\">Hiied Eesti p\u00fchapaikade uurimisloos<\/a><\/span><\/li>\n\n\n\n<li><span style=\"color: #333333;\"><a style=\"color: #333333;\" href=\"http:\/\/alkeemia.delfi.ee\/keskkond\/planeetmaa\/kristiina-ehin-kultuuriministeerium-eraldas-2-miljonit-eesti-krooni-selleks-et-havitada-uht-meie-koige-korgemat-ja-uhkemat-puhakohta?id=71320453\" target=\"_blank\" rel=\"noopener noreferrer\">Kristiina Ehin: Kultuuriministeerium eraldas 2 miljonit eesti krooni selleks, et h\u00e4vitada \u00fcht meie k\u00f5ige k\u00f5rgemat ja uhkemat p\u00fchakohta<\/a><\/span><\/li>\n\n\n\n<li><span style=\"color: #333333;\"><a style=\"color: #333333;\" href=\"http:\/\/www.telegram.ee\/arvamus\/ahto-kaasik-hiied-vooras-mure-poliitikutele-kahjuks-kull#.VUeqUPmqoSW\" target=\"_blank\" rel=\"noopener noreferrer\">Ahto Kaasik: Hiied \u2013 v\u00f5\u00f5ras mure? Poliitikutele kahjuks k\u00fcll<\/a><\/span><\/li>\n\n\n\n<li><span style=\"color: #333333;\"><a style=\"color: #333333;\" href=\"http:\/\/alkeemia.delfi.ee\/keskkond\/okondus\/kultuuriministeeriumi-arengukava-praak-ahvardab-jatta-hiied-havima?id=70995379\" target=\"_blank\" rel=\"noopener noreferrer\">Kultuuriministeeriumi arengukava praak \u00e4hvardab j\u00e4tta hiied h\u00e4vima<\/a><\/span><\/li>\n\n\n\n<li><span style=\"color: #333333;\"><a style=\"color: #333333;\" href=\"http:\/\/alkeemia.delfi.ee\/keskkond\/planeetmaa\/hiite-kurb-saatus-eesti-puhapaikade-sailitamine-ei-huvita-meie-riigimehi?id=70900099\" target=\"_blank\" rel=\"noopener noreferrer\">Hiite kurb saatus: Eesti p\u00fchapaikade s\u00e4ilitamine ei huvita meie riigimehi<\/a><\/span><\/li>\n\n\n\n<li><span style=\"color: #333333;\"><a style=\"color: #333333;\" href=\"http:\/\/alkeemia.delfi.ee\/keskkond\/planeetmaa\/tonis-magi-eesti-saab-pariselt-vabaks-alles-siis-kui-saavad-vabaks-meie-hiied?id=70263505\" target=\"_blank\" rel=\"noopener noreferrer\">\u00a0Alkeemia &#8211; T\u00f5nis M\u00e4gi: Eesti saab p\u00e4riselt vabaks alles siis, kui saavad vabaks meie hiied<\/a><\/span><\/li>\n\n\n\n<li><span style=\"color: #333333;\"><a style=\"color: #333333;\" href=\"http:\/\/alkeemia.delfi.ee\/keskkond\/okondus\/300-000-inimest-eelistab-riigikogu-valimistel-hiiesobralikke-kandidaate?id=70309835\" target=\"_blank\" rel=\"noopener noreferrer\">300 000 inimest eelistab Riigikogu valimistel hiies\u00f5bralikke kandidaate<\/a><\/span><br><\/li>\n<\/ul>\n\n\n\n<figure class=\"wp-block-image size-large\"><img loading=\"lazy\" decoding=\"async\" width=\"857\" height=\"1024\" src=\"https:\/\/web.alfanet.ee\/~hiiepaik\/wp-content\/uploads\/2019\/03\/Kaed-peegeldus-erk-857x1024.jpg\" alt=\"\" class=\"wp-image-3460\" srcset=\"https:\/\/web.alfanet.ee\/~hiiepaik\/wp-content\/uploads\/2019\/03\/Kaed-peegeldus-erk-857x1024.jpg 857w, https:\/\/web.alfanet.ee\/~hiiepaik\/wp-content\/uploads\/2019\/03\/Kaed-peegeldus-erk-251x300.jpg 251w, https:\/\/web.alfanet.ee\/~hiiepaik\/wp-content\/uploads\/2019\/03\/Kaed-peegeldus-erk-768x917.jpg 768w, https:\/\/web.alfanet.ee\/~hiiepaik\/wp-content\/uploads\/2019\/03\/Kaed-peegeldus-erk.jpg 1774w\" sizes=\"auto, (max-width: 857px) 100vw, 857px\" \/><\/figure>\n","protected":false},"excerpt":{"rendered":"<p>Hiitest ja p\u00fchapaikadest ilmunud lood ja artiklid.<\/p>\n","protected":false},"author":1,"featured_media":3036,"parent":23,"menu_order":1,"comment_status":"closed","ping_status":"open","template":"","meta":{"neve_meta_sidebar":"","neve_meta_container":"","neve_meta_enable_content_width":"","neve_meta_content_width":0,"neve_meta_title_alignment":"","neve_meta_author_avatar":"","neve_post_elements_order":"","neve_meta_disable_header":"","neve_meta_disable_footer":"","neve_meta_disable_title":"","ngg_post_thumbnail":0,"footnotes":""},"class_list":["post-50","page","type-page","status-publish","has-post-thumbnail","hentry"],"yoast_head":"<!-- This site is optimized with the Yoast SEO plugin v26.7 - https:\/\/yoast.com\/wordpress\/plugins\/seo\/ -->\n<title>ARTIKLID -<\/title>\n<meta name=\"description\" content=\"Hiitest ja p\u00fchapaikadest ilmunud lood ja artiklid.\" \/>\n<meta name=\"robots\" content=\"index, follow, max-snippet:-1, max-image-preview:large, max-video-preview:-1\" \/>\n<link rel=\"canonical\" href=\"https:\/\/web.alfanet.ee\/~hiiepaik\/loe\/artiklid\/\" \/>\n<meta property=\"og:locale\" content=\"et_EE\" \/>\n<meta property=\"og:type\" content=\"article\" \/>\n<meta property=\"og:title\" content=\"ARTIKLID -\" \/>\n<meta property=\"og:description\" content=\"Hiitest ja p\u00fchapaikadest ilmunud lood ja artiklid.\" \/>\n<meta property=\"og:url\" content=\"https:\/\/web.alfanet.ee\/~hiiepaik\/loe\/artiklid\/\" \/>\n<meta property=\"article:publisher\" content=\"https:\/\/www.facebook.com\/hiiepaik\/\" \/>\n<meta property=\"article:modified_time\" content=\"2024-12-06T20:16:16+00:00\" \/>\n<meta property=\"og:image\" content=\"https:\/\/web.alfanet.ee\/~hiiepaik\/wp-content\/uploads\/2015\/08\/Lehiste-jt-puude-v\u00f5rade-ring-Lilli-Hiiem\u00e4el.jpg\" \/>\n\t<meta property=\"og:image:width\" content=\"3072\" \/>\n\t<meta property=\"og:image:height\" content=\"2304\" \/>\n\t<meta property=\"og:image:type\" content=\"image\/jpeg\" \/>\n<meta name=\"twitter:label1\" content=\"Est. reading time\" \/>\n\t<meta name=\"twitter:data1\" content=\"1 minut\" \/>\n<script type=\"application\/ld+json\" class=\"yoast-schema-graph\">{\"@context\":\"https:\/\/schema.org\",\"@graph\":[{\"@type\":\"WebPage\",\"@id\":\"https:\/\/web.alfanet.ee\/~hiiepaik\/loe\/artiklid\/\",\"url\":\"https:\/\/web.alfanet.ee\/~hiiepaik\/loe\/artiklid\/\",\"name\":\"ARTIKLID -\",\"isPartOf\":{\"@id\":\"https:\/\/web.alfanet.ee\/~hiiepaik\/#website\"},\"primaryImageOfPage\":{\"@id\":\"https:\/\/web.alfanet.ee\/~hiiepaik\/loe\/artiklid\/#primaryimage\"},\"image\":{\"@id\":\"https:\/\/web.alfanet.ee\/~hiiepaik\/loe\/artiklid\/#primaryimage\"},\"thumbnailUrl\":\"https:\/\/web.alfanet.ee\/~hiiepaik\/wp-content\/uploads\/2015\/08\/Lehiste-jt-puude-v\u00f5rade-ring-Lilli-Hiiem\u00e4el.jpg\",\"datePublished\":\"2015-03-21T22:21:22+00:00\",\"dateModified\":\"2024-12-06T20:16:16+00:00\",\"description\":\"Hiitest ja p\u00fchapaikadest ilmunud lood ja artiklid.\",\"breadcrumb\":{\"@id\":\"https:\/\/web.alfanet.ee\/~hiiepaik\/loe\/artiklid\/#breadcrumb\"},\"inLanguage\":\"et\",\"potentialAction\":[{\"@type\":\"ReadAction\",\"target\":[\"https:\/\/web.alfanet.ee\/~hiiepaik\/loe\/artiklid\/\"]}]},{\"@type\":\"ImageObject\",\"inLanguage\":\"et\",\"@id\":\"https:\/\/web.alfanet.ee\/~hiiepaik\/loe\/artiklid\/#primaryimage\",\"url\":\"https:\/\/web.alfanet.ee\/~hiiepaik\/wp-content\/uploads\/2015\/08\/Lehiste-jt-puude-v\u00f5rade-ring-Lilli-Hiiem\u00e4el.jpg\",\"contentUrl\":\"https:\/\/web.alfanet.ee\/~hiiepaik\/wp-content\/uploads\/2015\/08\/Lehiste-jt-puude-v\u00f5rade-ring-Lilli-Hiiem\u00e4el.jpg\",\"width\":3072,\"height\":2304},{\"@type\":\"BreadcrumbList\",\"@id\":\"https:\/\/web.alfanet.ee\/~hiiepaik\/loe\/artiklid\/#breadcrumb\",\"itemListElement\":[{\"@type\":\"ListItem\",\"position\":1,\"name\":\"Home\",\"item\":\"https:\/\/web.alfanet.ee\/~hiiepaik\/\"},{\"@type\":\"ListItem\",\"position\":2,\"name\":\"LOE\",\"item\":\"https:\/\/web.alfanet.ee\/~hiiepaik\/loe\/\"},{\"@type\":\"ListItem\",\"position\":3,\"name\":\"ARTIKLID\"}]},{\"@type\":\"WebSite\",\"@id\":\"https:\/\/web.alfanet.ee\/~hiiepaik\/#website\",\"url\":\"https:\/\/web.alfanet.ee\/~hiiepaik\/\",\"name\":\"Hiiepaik\",\"description\":\"\",\"potentialAction\":[{\"@type\":\"SearchAction\",\"target\":{\"@type\":\"EntryPoint\",\"urlTemplate\":\"https:\/\/web.alfanet.ee\/~hiiepaik\/?s={search_term_string}\"},\"query-input\":{\"@type\":\"PropertyValueSpecification\",\"valueRequired\":true,\"valueName\":\"search_term_string\"}}],\"inLanguage\":\"et\"}]}<\/script>\n<!-- \/ Yoast SEO plugin. -->","yoast_head_json":{"title":"ARTIKLID -","description":"Hiitest ja p\u00fchapaikadest ilmunud lood ja artiklid.","robots":{"index":"index","follow":"follow","max-snippet":"max-snippet:-1","max-image-preview":"max-image-preview:large","max-video-preview":"max-video-preview:-1"},"canonical":"https:\/\/web.alfanet.ee\/~hiiepaik\/loe\/artiklid\/","og_locale":"et_EE","og_type":"article","og_title":"ARTIKLID -","og_description":"Hiitest ja p\u00fchapaikadest ilmunud lood ja artiklid.","og_url":"https:\/\/web.alfanet.ee\/~hiiepaik\/loe\/artiklid\/","article_publisher":"https:\/\/www.facebook.com\/hiiepaik\/","article_modified_time":"2024-12-06T20:16:16+00:00","og_image":[{"width":3072,"height":2304,"url":"https:\/\/web.alfanet.ee\/~hiiepaik\/wp-content\/uploads\/2015\/08\/Lehiste-jt-puude-v\u00f5rade-ring-Lilli-Hiiem\u00e4el.jpg","type":"image\/jpeg"}],"twitter_misc":{"Est. reading time":"1 minut"},"schema":{"@context":"https:\/\/schema.org","@graph":[{"@type":"WebPage","@id":"https:\/\/web.alfanet.ee\/~hiiepaik\/loe\/artiklid\/","url":"https:\/\/web.alfanet.ee\/~hiiepaik\/loe\/artiklid\/","name":"ARTIKLID -","isPartOf":{"@id":"https:\/\/web.alfanet.ee\/~hiiepaik\/#website"},"primaryImageOfPage":{"@id":"https:\/\/web.alfanet.ee\/~hiiepaik\/loe\/artiklid\/#primaryimage"},"image":{"@id":"https:\/\/web.alfanet.ee\/~hiiepaik\/loe\/artiklid\/#primaryimage"},"thumbnailUrl":"https:\/\/web.alfanet.ee\/~hiiepaik\/wp-content\/uploads\/2015\/08\/Lehiste-jt-puude-v\u00f5rade-ring-Lilli-Hiiem\u00e4el.jpg","datePublished":"2015-03-21T22:21:22+00:00","dateModified":"2024-12-06T20:16:16+00:00","description":"Hiitest ja p\u00fchapaikadest ilmunud lood ja artiklid.","breadcrumb":{"@id":"https:\/\/web.alfanet.ee\/~hiiepaik\/loe\/artiklid\/#breadcrumb"},"inLanguage":"et","potentialAction":[{"@type":"ReadAction","target":["https:\/\/web.alfanet.ee\/~hiiepaik\/loe\/artiklid\/"]}]},{"@type":"ImageObject","inLanguage":"et","@id":"https:\/\/web.alfanet.ee\/~hiiepaik\/loe\/artiklid\/#primaryimage","url":"https:\/\/web.alfanet.ee\/~hiiepaik\/wp-content\/uploads\/2015\/08\/Lehiste-jt-puude-v\u00f5rade-ring-Lilli-Hiiem\u00e4el.jpg","contentUrl":"https:\/\/web.alfanet.ee\/~hiiepaik\/wp-content\/uploads\/2015\/08\/Lehiste-jt-puude-v\u00f5rade-ring-Lilli-Hiiem\u00e4el.jpg","width":3072,"height":2304},{"@type":"BreadcrumbList","@id":"https:\/\/web.alfanet.ee\/~hiiepaik\/loe\/artiklid\/#breadcrumb","itemListElement":[{"@type":"ListItem","position":1,"name":"Home","item":"https:\/\/web.alfanet.ee\/~hiiepaik\/"},{"@type":"ListItem","position":2,"name":"LOE","item":"https:\/\/web.alfanet.ee\/~hiiepaik\/loe\/"},{"@type":"ListItem","position":3,"name":"ARTIKLID"}]},{"@type":"WebSite","@id":"https:\/\/web.alfanet.ee\/~hiiepaik\/#website","url":"https:\/\/web.alfanet.ee\/~hiiepaik\/","name":"Hiiepaik","description":"","potentialAction":[{"@type":"SearchAction","target":{"@type":"EntryPoint","urlTemplate":"https:\/\/web.alfanet.ee\/~hiiepaik\/?s={search_term_string}"},"query-input":{"@type":"PropertyValueSpecification","valueRequired":true,"valueName":"search_term_string"}}],"inLanguage":"et"}]}},"_links":{"self":[{"href":"https:\/\/web.alfanet.ee\/~hiiepaik\/wp-json\/wp\/v2\/pages\/50","targetHints":{"allow":["GET"]}}],"collection":[{"href":"https:\/\/web.alfanet.ee\/~hiiepaik\/wp-json\/wp\/v2\/pages"}],"about":[{"href":"https:\/\/web.alfanet.ee\/~hiiepaik\/wp-json\/wp\/v2\/types\/page"}],"author":[{"embeddable":true,"href":"https:\/\/web.alfanet.ee\/~hiiepaik\/wp-json\/wp\/v2\/users\/1"}],"replies":[{"embeddable":true,"href":"https:\/\/web.alfanet.ee\/~hiiepaik\/wp-json\/wp\/v2\/comments?post=50"}],"version-history":[{"count":1,"href":"https:\/\/web.alfanet.ee\/~hiiepaik\/wp-json\/wp\/v2\/pages\/50\/revisions"}],"predecessor-version":[{"id":4356,"href":"https:\/\/web.alfanet.ee\/~hiiepaik\/wp-json\/wp\/v2\/pages\/50\/revisions\/4356"}],"up":[{"embeddable":true,"href":"https:\/\/web.alfanet.ee\/~hiiepaik\/wp-json\/wp\/v2\/pages\/23"}],"wp:featuredmedia":[{"embeddable":true,"href":"https:\/\/web.alfanet.ee\/~hiiepaik\/wp-json\/wp\/v2\/media\/3036"}],"wp:attachment":[{"href":"https:\/\/web.alfanet.ee\/~hiiepaik\/wp-json\/wp\/v2\/media?parent=50"}],"curies":[{"name":"wp","href":"https:\/\/api.w.org\/{rel}","templated":true}]}}