{"id":3089,"date":"2016-03-31T16:01:19","date_gmt":"2016-03-31T13:01:19","guid":{"rendered":"https:\/\/web.alfanet.ee\/~hiiepaik\/?page_id=3089"},"modified":"2024-12-07T00:58:26","modified_gmt":"2024-12-06T22:58:26","slug":"oppematerjalid","status":"publish","type":"page","link":"https:\/\/web.alfanet.ee\/~hiiepaik\/tegutse\/hiiekoolid\/oppematerjalid\/","title":{"rendered":"\u00d5PPEMATERJALID"},"content":{"rendered":"\n<div class=\"wp-block-columns is-layout-flex wp-container-core-columns-is-layout-9d6595d7 wp-block-columns-is-layout-flex\">\n<div class=\"wp-block-column is-layout-flow wp-block-column-is-layout-flow\" style=\"flex-basis:33.33%\">\n<figure class=\"wp-block-image size-full\"><a href=\"https:\/\/web.alfanet.ee\/~hiiepaik\/wp-content\/uploads\/2016\/03\/Mis-on-pyhapaik.pdf\"><img loading=\"lazy\" decoding=\"async\" width=\"499\" height=\"350\" src=\"https:\/\/web.alfanet.ee\/~hiiepaik\/wp-content\/uploads\/2015\/04\/T\u00f5rma-hiis-L\u00e4\u00e4ne-Virumaal-Rakvere-kihelkonnas-e1431614752414.jpg\" alt=\"\" class=\"wp-image-1923\"\/><\/a><\/figure>\n<\/div>\n\n\n\n<div class=\"wp-block-column is-layout-flow wp-block-column-is-layout-flow\" style=\"flex-basis:66.66%\">\n<h2 class=\"wp-block-heading has-text-align-center has-nv-dark-bg-color has-text-color has-link-color wp-elements-00f3322f62f1966ec4cac70a3bd51aca\"><a href=\"https:\/\/web.alfanet.ee\/~hiiepaik\/wp-content\/uploads\/2016\/03\/Mis-on-pyhapaik.pdf\">MIS ON P\u00dcHAPAIK?<\/a><\/h2>\n\n\n\n<p class=\"has-text-align-center\" style=\"text-decoration:none;text-transform:uppercase\"><a href=\"https:\/\/web.alfanet.ee\/~hiiepaik\/wp-content\/uploads\/2016\/03\/Mis-on-pyhapaik.pdf\">Eesti looduslikud p\u00fchapaigad. Teavik \u00f5petajale<\/a><\/p>\n<\/div>\n<\/div>\n\n\n\n<hr class=\"wp-block-separator has-alpha-channel-opacity\"\/>\n\n\n\n<div class=\"wp-block-columns is-layout-flex wp-container-core-columns-is-layout-9d6595d7 wp-block-columns-is-layout-flex\">\n<div class=\"wp-block-column is-layout-flow wp-block-column-is-layout-flow\" style=\"flex-basis:33.33%\">\n<figure class=\"wp-block-image size-full\"><a href=\"https:\/\/web.alfanet.ee\/~hiiepaik\/wp-content\/uploads\/2016\/03\/6ues%C3%B5ppe-teemad.pdf\"><img loading=\"lazy\" decoding=\"async\" width=\"736\" height=\"530\" src=\"https:\/\/web.alfanet.ee\/~hiiepaik\/wp-content\/uploads\/2016\/03\/TammealVarav.jpg\" alt=\"\" class=\"wp-image-3104\" srcset=\"https:\/\/web.alfanet.ee\/~hiiepaik\/wp-content\/uploads\/2016\/03\/TammealVarav.jpg 736w, https:\/\/web.alfanet.ee\/~hiiepaik\/wp-content\/uploads\/2016\/03\/TammealVarav-300x216.jpg 300w, https:\/\/web.alfanet.ee\/~hiiepaik\/wp-content\/uploads\/2016\/03\/TammealVarav-417x300.jpg 417w\" sizes=\"auto, (max-width: 736px) 100vw, 736px\" \/><\/a><\/figure>\n<\/div>\n\n\n\n<div class=\"wp-block-column is-layout-flow wp-block-column-is-layout-flow\" style=\"flex-basis:66.66%\">\n<h2 class=\"wp-block-heading has-text-align-center has-nv-dark-bg-color has-text-color has-link-color wp-elements-46344d0b1f20720c7e2bf5bc361d8b2f\"><a href=\"https:\/\/web.alfanet.ee\/~hiiepaik\/wp-content\/uploads\/2016\/03\/6ues%C3%B5ppe-teemad.pdf\">\u00d5UES\u00d5PPE TEEMAD<\/a><\/h2>\n\n\n\n<p class=\"has-text-align-center\" style=\"text-transform:uppercase\"><a href=\"https:\/\/web.alfanet.ee\/~hiiepaik\/wp-content\/uploads\/2016\/03\/6ues%C3%B5ppe-teemad.pdf\">\u00d5ues\u00f5pe hiies. Teemad ja m\u00e4rks\u00f5nad<\/a><\/p>\n<\/div>\n<\/div>\n\n\n\n<hr class=\"wp-block-separator has-alpha-channel-opacity\"\/>\n","protected":false},"excerpt":{"rendered":"<p>MIS ON P\u00dcHAPAIK? Eesti looduslikud p\u00fchapaigad. Teavik \u00f5petajale \u00d5UES\u00d5PPE TEEMAD \u00d5ues\u00f5pe hiies. Teemad ja m\u00e4rks\u00f5nad<\/p>\n","protected":false},"author":1,"featured_media":0,"parent":3074,"menu_order":3,"comment_status":"closed","ping_status":"open","template":"","meta":{"neve_meta_sidebar":"","neve_meta_container":"","neve_meta_enable_content_width":"","neve_meta_content_width":0,"neve_meta_title_alignment":"","neve_meta_author_avatar":"","neve_post_elements_order":"","neve_meta_disable_header":"","neve_meta_disable_footer":"","neve_meta_disable_title":"","ngg_post_thumbnail":0,"footnotes":""},"class_list":["post-3089","page","type-page","status-publish","hentry"],"yoast_head":"<!-- This site is optimized with the Yoast SEO plugin v26.7 - https:\/\/yoast.com\/wordpress\/plugins\/seo\/ -->\n<title>\u00d5PPEMATERJALID -<\/title>\n<meta name=\"robots\" content=\"index, follow, max-snippet:-1, max-image-preview:large, max-video-preview:-1\" \/>\n<link rel=\"canonical\" href=\"https:\/\/web.alfanet.ee\/~hiiepaik\/tegutse\/hiiekoolid\/oppematerjalid\/\" \/>\n<meta property=\"og:locale\" content=\"et_EE\" \/>\n<meta property=\"og:type\" content=\"article\" \/>\n<meta property=\"og:title\" content=\"\u00d5PPEMATERJALID -\" \/>\n<meta property=\"og:description\" content=\"MIS ON P\u00dcHAPAIK? Eesti looduslikud p\u00fchapaigad. Teavik \u00f5petajale \u00d5UES\u00d5PPE TEEMAD \u00d5ues\u00f5pe hiies. Teemad ja m\u00e4rks\u00f5nad\" \/>\n<meta property=\"og:url\" content=\"https:\/\/web.alfanet.ee\/~hiiepaik\/tegutse\/hiiekoolid\/oppematerjalid\/\" \/>\n<meta property=\"article:publisher\" content=\"https:\/\/www.facebook.com\/hiiepaik\/\" \/>\n<meta property=\"article:modified_time\" content=\"2024-12-06T22:58:26+00:00\" \/>\n<meta property=\"og:image\" content=\"https:\/\/web.alfanet.ee\/~hiiepaik\/wp-content\/uploads\/2016\/03\/TammealVarav.jpg\" \/>\n<meta name=\"twitter:label1\" content=\"Est. reading time\" \/>\n\t<meta name=\"twitter:data1\" content=\"1 minut\" \/>\n<script type=\"application\/ld+json\" class=\"yoast-schema-graph\">{\"@context\":\"https:\/\/schema.org\",\"@graph\":[{\"@type\":\"WebPage\",\"@id\":\"https:\/\/web.alfanet.ee\/~hiiepaik\/tegutse\/hiiekoolid\/oppematerjalid\/\",\"url\":\"https:\/\/web.alfanet.ee\/~hiiepaik\/tegutse\/hiiekoolid\/oppematerjalid\/\",\"name\":\"\u00d5PPEMATERJALID -\",\"isPartOf\":{\"@id\":\"https:\/\/web.alfanet.ee\/~hiiepaik\/#website\"},\"primaryImageOfPage\":{\"@id\":\"https:\/\/web.alfanet.ee\/~hiiepaik\/tegutse\/hiiekoolid\/oppematerjalid\/#primaryimage\"},\"image\":{\"@id\":\"https:\/\/web.alfanet.ee\/~hiiepaik\/tegutse\/hiiekoolid\/oppematerjalid\/#primaryimage\"},\"thumbnailUrl\":\"https:\/\/web.alfanet.ee\/~hiiepaik\/wp-content\/uploads\/2016\/03\/TammealVarav.jpg\",\"datePublished\":\"2016-03-31T13:01:19+00:00\",\"dateModified\":\"2024-12-06T22:58:26+00:00\",\"breadcrumb\":{\"@id\":\"https:\/\/web.alfanet.ee\/~hiiepaik\/tegutse\/hiiekoolid\/oppematerjalid\/#breadcrumb\"},\"inLanguage\":\"et\",\"potentialAction\":[{\"@type\":\"ReadAction\",\"target\":[\"https:\/\/web.alfanet.ee\/~hiiepaik\/tegutse\/hiiekoolid\/oppematerjalid\/\"]}]},{\"@type\":\"ImageObject\",\"inLanguage\":\"et\",\"@id\":\"https:\/\/web.alfanet.ee\/~hiiepaik\/tegutse\/hiiekoolid\/oppematerjalid\/#primaryimage\",\"url\":\"https:\/\/web.alfanet.ee\/~hiiepaik\/wp-content\/uploads\/2016\/03\/TammealVarav.jpg\",\"contentUrl\":\"https:\/\/web.alfanet.ee\/~hiiepaik\/wp-content\/uploads\/2016\/03\/TammealVarav.jpg\",\"width\":736,\"height\":530},{\"@type\":\"BreadcrumbList\",\"@id\":\"https:\/\/web.alfanet.ee\/~hiiepaik\/tegutse\/hiiekoolid\/oppematerjalid\/#breadcrumb\",\"itemListElement\":[{\"@type\":\"ListItem\",\"position\":1,\"name\":\"Home\",\"item\":\"https:\/\/web.alfanet.ee\/~hiiepaik\/\"},{\"@type\":\"ListItem\",\"position\":2,\"name\":\"TEGUTSE\",\"item\":\"https:\/\/web.alfanet.ee\/~hiiepaik\/tegutse\/\"},{\"@type\":\"ListItem\",\"position\":3,\"name\":\"HIIEKOOLID\",\"item\":\"https:\/\/web.alfanet.ee\/~hiiepaik\/tegutse\/hiiekoolid\/\"},{\"@type\":\"ListItem\",\"position\":4,\"name\":\"\u00d5PPEMATERJALID\"}]},{\"@type\":\"WebSite\",\"@id\":\"https:\/\/web.alfanet.ee\/~hiiepaik\/#website\",\"url\":\"https:\/\/web.alfanet.ee\/~hiiepaik\/\",\"name\":\"Hiiepaik\",\"description\":\"\",\"potentialAction\":[{\"@type\":\"SearchAction\",\"target\":{\"@type\":\"EntryPoint\",\"urlTemplate\":\"https:\/\/web.alfanet.ee\/~hiiepaik\/?s={search_term_string}\"},\"query-input\":{\"@type\":\"PropertyValueSpecification\",\"valueRequired\":true,\"valueName\":\"search_term_string\"}}],\"inLanguage\":\"et\"}]}<\/script>\n<!-- \/ Yoast SEO plugin. -->","yoast_head_json":{"title":"\u00d5PPEMATERJALID -","robots":{"index":"index","follow":"follow","max-snippet":"max-snippet:-1","max-image-preview":"max-image-preview:large","max-video-preview":"max-video-preview:-1"},"canonical":"https:\/\/web.alfanet.ee\/~hiiepaik\/tegutse\/hiiekoolid\/oppematerjalid\/","og_locale":"et_EE","og_type":"article","og_title":"\u00d5PPEMATERJALID -","og_description":"MIS ON P\u00dcHAPAIK? Eesti looduslikud p\u00fchapaigad. Teavik \u00f5petajale \u00d5UES\u00d5PPE TEEMAD \u00d5ues\u00f5pe hiies. Teemad ja m\u00e4rks\u00f5nad","og_url":"https:\/\/web.alfanet.ee\/~hiiepaik\/tegutse\/hiiekoolid\/oppematerjalid\/","article_publisher":"https:\/\/www.facebook.com\/hiiepaik\/","article_modified_time":"2024-12-06T22:58:26+00:00","og_image":[{"url":"https:\/\/web.alfanet.ee\/~hiiepaik\/wp-content\/uploads\/2016\/03\/TammealVarav.jpg","type":"","width":"","height":""}],"twitter_misc":{"Est. reading time":"1 minut"},"schema":{"@context":"https:\/\/schema.org","@graph":[{"@type":"WebPage","@id":"https:\/\/web.alfanet.ee\/~hiiepaik\/tegutse\/hiiekoolid\/oppematerjalid\/","url":"https:\/\/web.alfanet.ee\/~hiiepaik\/tegutse\/hiiekoolid\/oppematerjalid\/","name":"\u00d5PPEMATERJALID -","isPartOf":{"@id":"https:\/\/web.alfanet.ee\/~hiiepaik\/#website"},"primaryImageOfPage":{"@id":"https:\/\/web.alfanet.ee\/~hiiepaik\/tegutse\/hiiekoolid\/oppematerjalid\/#primaryimage"},"image":{"@id":"https:\/\/web.alfanet.ee\/~hiiepaik\/tegutse\/hiiekoolid\/oppematerjalid\/#primaryimage"},"thumbnailUrl":"https:\/\/web.alfanet.ee\/~hiiepaik\/wp-content\/uploads\/2016\/03\/TammealVarav.jpg","datePublished":"2016-03-31T13:01:19+00:00","dateModified":"2024-12-06T22:58:26+00:00","breadcrumb":{"@id":"https:\/\/web.alfanet.ee\/~hiiepaik\/tegutse\/hiiekoolid\/oppematerjalid\/#breadcrumb"},"inLanguage":"et","potentialAction":[{"@type":"ReadAction","target":["https:\/\/web.alfanet.ee\/~hiiepaik\/tegutse\/hiiekoolid\/oppematerjalid\/"]}]},{"@type":"ImageObject","inLanguage":"et","@id":"https:\/\/web.alfanet.ee\/~hiiepaik\/tegutse\/hiiekoolid\/oppematerjalid\/#primaryimage","url":"https:\/\/web.alfanet.ee\/~hiiepaik\/wp-content\/uploads\/2016\/03\/TammealVarav.jpg","contentUrl":"https:\/\/web.alfanet.ee\/~hiiepaik\/wp-content\/uploads\/2016\/03\/TammealVarav.jpg","width":736,"height":530},{"@type":"BreadcrumbList","@id":"https:\/\/web.alfanet.ee\/~hiiepaik\/tegutse\/hiiekoolid\/oppematerjalid\/#breadcrumb","itemListElement":[{"@type":"ListItem","position":1,"name":"Home","item":"https:\/\/web.alfanet.ee\/~hiiepaik\/"},{"@type":"ListItem","position":2,"name":"TEGUTSE","item":"https:\/\/web.alfanet.ee\/~hiiepaik\/tegutse\/"},{"@type":"ListItem","position":3,"name":"HIIEKOOLID","item":"https:\/\/web.alfanet.ee\/~hiiepaik\/tegutse\/hiiekoolid\/"},{"@type":"ListItem","position":4,"name":"\u00d5PPEMATERJALID"}]},{"@type":"WebSite","@id":"https:\/\/web.alfanet.ee\/~hiiepaik\/#website","url":"https:\/\/web.alfanet.ee\/~hiiepaik\/","name":"Hiiepaik","description":"","potentialAction":[{"@type":"SearchAction","target":{"@type":"EntryPoint","urlTemplate":"https:\/\/web.alfanet.ee\/~hiiepaik\/?s={search_term_string}"},"query-input":{"@type":"PropertyValueSpecification","valueRequired":true,"valueName":"search_term_string"}}],"inLanguage":"et"}]}},"_links":{"self":[{"href":"https:\/\/web.alfanet.ee\/~hiiepaik\/wp-json\/wp\/v2\/pages\/3089","targetHints":{"allow":["GET"]}}],"collection":[{"href":"https:\/\/web.alfanet.ee\/~hiiepaik\/wp-json\/wp\/v2\/pages"}],"about":[{"href":"https:\/\/web.alfanet.ee\/~hiiepaik\/wp-json\/wp\/v2\/types\/page"}],"author":[{"embeddable":true,"href":"https:\/\/web.alfanet.ee\/~hiiepaik\/wp-json\/wp\/v2\/users\/1"}],"replies":[{"embeddable":true,"href":"https:\/\/web.alfanet.ee\/~hiiepaik\/wp-json\/wp\/v2\/comments?post=3089"}],"version-history":[{"count":5,"href":"https:\/\/web.alfanet.ee\/~hiiepaik\/wp-json\/wp\/v2\/pages\/3089\/revisions"}],"predecessor-version":[{"id":4400,"href":"https:\/\/web.alfanet.ee\/~hiiepaik\/wp-json\/wp\/v2\/pages\/3089\/revisions\/4400"}],"up":[{"embeddable":true,"href":"https:\/\/web.alfanet.ee\/~hiiepaik\/wp-json\/wp\/v2\/pages\/3074"}],"wp:attachment":[{"href":"https:\/\/web.alfanet.ee\/~hiiepaik\/wp-json\/wp\/v2\/media?parent=3089"}],"curies":[{"name":"wp","href":"https:\/\/api.w.org\/{rel}","templated":true}]}}