{"id":3087,"date":"2016-03-31T15:59:39","date_gmt":"2016-03-31T12:59:39","guid":{"rendered":"https:\/\/web.alfanet.ee\/~hiiepaik\/?page_id=3087"},"modified":"2016-04-14T12:45:48","modified_gmt":"2016-04-14T09:45:48","slug":"liitu-hiiekoolide-ringiga","status":"publish","type":"page","link":"https:\/\/web.alfanet.ee\/~hiiepaik\/tegutse\/hiiekoolid\/liitu-hiiekoolide-ringiga\/","title":{"rendered":"LIITU HIIEKOOLIDE RINGIGA"},"content":{"rendered":"<p>Kui oled valinud v\u00e4lja oma kooli hiie, oled alustanud hiie\u00f5ppega, v\u00f5i soovid seda teha, anna endast teada. Koos saame jagada kogemusi, leida k\u00fcsimustele vastuseid ja edendada koolihiite liikumist.<\/p>\n<p>Palun sisesta allpool enda andmed. Teeme need avalikuks esimesel v\u00f5imalusel.<\/p>\n<div id=\"vfb-form-1\" class=\"visual-form-builder-container\"><form id=\"liitu-hiiekoolide-ringiga-1\" class=\"visual-form-builder vfb-form-1 \" method=\"post\" enctype=\"multipart\/form-data\">\n\t  \t<input type=\"hidden\" name=\"form_id\" value=\"1\" \/><fieldset class=\"vfb-fieldset vfb-fieldset-1 andmed \" id=\"item-vfb-1\"><div class=\"vfb-legend\"><h3>Andmed<\/h3><\/div><ul class=\"vfb-section vfb-section-1\"><li class=\"vfb-item vfb-item-text  \" id=\"item-vfb-6\"><label for=\"vfb-6\" class=\"vfb-desc\">Kool  <span class=\"vfb-required-asterisk\">*<\/span><\/label><input type=\"text\" name=\"vfb-6\" id=\"vfb-6\" value=\"\" class=\"vfb-text  vfb-large  required  \" \/><\/li><li class=\"vfb-item vfb-item-text  \" id=\"item-vfb-19\"><label for=\"vfb-19\" class=\"vfb-desc\">Hiiepaik  <span class=\"vfb-required-asterisk\">*<\/span><\/label><input type=\"text\" name=\"vfb-19\" id=\"vfb-19\" value=\"\" class=\"vfb-text  vfb-large  required  \" \/><\/li><li class=\"vfb-item vfb-item-text  \" id=\"item-vfb-90\"><label for=\"vfb-90\" class=\"vfb-desc\">Kaasatud klass(id)  <span class=\"vfb-required-asterisk\">*<\/span><\/label><input type=\"text\" name=\"vfb-90\" id=\"vfb-90\" value=\"\" class=\"vfb-text  vfb-large  required  \" \/><\/li><li class=\"vfb-item vfb-item-text  \" id=\"item-vfb-91\"><label for=\"vfb-91\" class=\"vfb-desc\">Eestvedaja - kontaktisiku nimi  <span class=\"vfb-required-asterisk\">*<\/span><\/label><input type=\"text\" name=\"vfb-91\" id=\"vfb-91\" value=\"\" class=\"vfb-text  vfb-large  required  \" \/><\/li><li class=\"vfb-item vfb-item-text  \" id=\"item-vfb-92\"><label for=\"vfb-92\" class=\"vfb-desc\">Kontakt: telefon, e-aadress, v\u00f5imalusel kooli www ja fb  <span class=\"vfb-required-asterisk\">*<\/span><\/label><input type=\"text\" name=\"vfb-92\" id=\"vfb-92\" value=\"\" class=\"vfb-text  vfb-large  required  \" \/><\/li><\/ul>&nbsp;<\/fieldset><fieldset class=\"vfb-fieldset vfb-fieldset-2 kinnitamine \" id=\"item-vfb-2\" style=\"display:block\"><div class=\"vfb-legend\"><h3>Kinnitamine<\/h3><\/div><ul class=\"vfb-section vfb-section-2\"><li class=\"vfb-item vfb-item-secret\"  style=\"display:block\"><label for=\"vfb-3\" class=\"vfb-desc\">Sisesta \u00fcksk\u00f5ik millised kaks numbrit <span class=\"vfb-required-asterisk\">*<\/span><\/label><input type=\"hidden\" name=\"_vfb-secret\" value=\"vfb-3\" \/><span class=\"vfb-span\"><input type=\"text\" name=\"vfb-3\" id=\"vfb-3\" value=\"\" class=\"vfb-text  vfb-medium  required {digits:true,maxlength:2,minlength:2} \" style=\"display:block\" \/><label>N\u00e4iteks: 12<\/label><\/span><li style=\"display:none;\"><label>This box is for spam protection - &lt;strong&gt;please leave it blank&lt;\/strong&gt;:<\/label><div><input name=\"vfb-spam\" \/><\/div><\/li>\n\t\t\t<li class=\"vfb-item vfb-item-submit\" id=\"item-vfb-4\">\n\t\t\t\t<input type=\"submit\" name=\"vfb-submit\" id=\"vfb-4\" value=\"LIITU\" class=\"vfb-submit \" \/>\n\t\t\t\t<\/li><\/ul>\n\t\t\t<\/fieldset><input type=\"hidden\" name=\"_wp_http_referer\" value=\"\/~hiiepaik\/wp-json\/wp\/v2\/pages\/3087\" \/><\/form><\/div> <!-- .visual-form-builder-container -->\n","protected":false},"excerpt":{"rendered":"<p>Kui oled valinud v\u00e4lja oma kooli hiie, oled alustanud hiie\u00f5ppega, v\u00f5i soovid seda teha, anna endast teada. Koos saame jagada kogemusi, leida k\u00fcsimustele vastuseid ja edendada koolihiite liikumist. Palun sisesta allpool enda andmed. Teeme need avalikuks esimesel v\u00f5imalusel.<\/p>\n","protected":false},"author":1,"featured_media":0,"parent":3074,"menu_order":2,"comment_status":"closed","ping_status":"open","template":"","meta":{"neve_meta_sidebar":"","neve_meta_container":"","neve_meta_enable_content_width":"","neve_meta_content_width":0,"neve_meta_title_alignment":"","neve_meta_author_avatar":"","neve_post_elements_order":"","neve_meta_disable_header":"","neve_meta_disable_footer":"","neve_meta_disable_title":"","ngg_post_thumbnail":0,"footnotes":""},"class_list":["post-3087","page","type-page","status-publish","hentry"],"yoast_head":"<!-- This site is optimized with the Yoast SEO plugin v26.7 - https:\/\/yoast.com\/wordpress\/plugins\/seo\/ -->\n<title>LIITU HIIEKOOLIDE RINGIGA -<\/title>\n<meta name=\"robots\" content=\"index, follow, max-snippet:-1, max-image-preview:large, max-video-preview:-1\" \/>\n<link rel=\"canonical\" href=\"https:\/\/web.alfanet.ee\/~hiiepaik\/tegutse\/hiiekoolid\/liitu-hiiekoolide-ringiga\/\" \/>\n<meta property=\"og:locale\" content=\"et_EE\" \/>\n<meta property=\"og:type\" content=\"article\" \/>\n<meta property=\"og:title\" content=\"LIITU HIIEKOOLIDE RINGIGA -\" \/>\n<meta property=\"og:description\" content=\"Kui oled valinud v\u00e4lja oma kooli hiie, oled alustanud hiie\u00f5ppega, v\u00f5i soovid seda teha, anna endast teada. Koos saame jagada kogemusi, leida k\u00fcsimustele vastuseid ja edendada koolihiite liikumist. Palun sisesta allpool enda andmed. Teeme need avalikuks esimesel v\u00f5imalusel.\" \/>\n<meta property=\"og:url\" content=\"https:\/\/web.alfanet.ee\/~hiiepaik\/tegutse\/hiiekoolid\/liitu-hiiekoolide-ringiga\/\" \/>\n<meta property=\"article:publisher\" content=\"https:\/\/www.facebook.com\/hiiepaik\/\" \/>\n<meta property=\"article:modified_time\" content=\"2016-04-14T09:45:48+00:00\" \/>\n<script type=\"application\/ld+json\" class=\"yoast-schema-graph\">{\"@context\":\"https:\/\/schema.org\",\"@graph\":[{\"@type\":\"WebPage\",\"@id\":\"https:\/\/web.alfanet.ee\/~hiiepaik\/tegutse\/hiiekoolid\/liitu-hiiekoolide-ringiga\/\",\"url\":\"https:\/\/web.alfanet.ee\/~hiiepaik\/tegutse\/hiiekoolid\/liitu-hiiekoolide-ringiga\/\",\"name\":\"LIITU HIIEKOOLIDE RINGIGA -\",\"isPartOf\":{\"@id\":\"https:\/\/web.alfanet.ee\/~hiiepaik\/#website\"},\"datePublished\":\"2016-03-31T12:59:39+00:00\",\"dateModified\":\"2016-04-14T09:45:48+00:00\",\"breadcrumb\":{\"@id\":\"https:\/\/web.alfanet.ee\/~hiiepaik\/tegutse\/hiiekoolid\/liitu-hiiekoolide-ringiga\/#breadcrumb\"},\"inLanguage\":\"et\",\"potentialAction\":[{\"@type\":\"ReadAction\",\"target\":[\"https:\/\/web.alfanet.ee\/~hiiepaik\/tegutse\/hiiekoolid\/liitu-hiiekoolide-ringiga\/\"]}]},{\"@type\":\"BreadcrumbList\",\"@id\":\"https:\/\/web.alfanet.ee\/~hiiepaik\/tegutse\/hiiekoolid\/liitu-hiiekoolide-ringiga\/#breadcrumb\",\"itemListElement\":[{\"@type\":\"ListItem\",\"position\":1,\"name\":\"Home\",\"item\":\"https:\/\/web.alfanet.ee\/~hiiepaik\/\"},{\"@type\":\"ListItem\",\"position\":2,\"name\":\"TEGUTSE\",\"item\":\"https:\/\/web.alfanet.ee\/~hiiepaik\/tegutse\/\"},{\"@type\":\"ListItem\",\"position\":3,\"name\":\"HIIEKOOLID\",\"item\":\"https:\/\/web.alfanet.ee\/~hiiepaik\/tegutse\/hiiekoolid\/\"},{\"@type\":\"ListItem\",\"position\":4,\"name\":\"LIITU HIIEKOOLIDE RINGIGA\"}]},{\"@type\":\"WebSite\",\"@id\":\"https:\/\/web.alfanet.ee\/~hiiepaik\/#website\",\"url\":\"https:\/\/web.alfanet.ee\/~hiiepaik\/\",\"name\":\"Hiiepaik\",\"description\":\"\",\"potentialAction\":[{\"@type\":\"SearchAction\",\"target\":{\"@type\":\"EntryPoint\",\"urlTemplate\":\"https:\/\/web.alfanet.ee\/~hiiepaik\/?s={search_term_string}\"},\"query-input\":{\"@type\":\"PropertyValueSpecification\",\"valueRequired\":true,\"valueName\":\"search_term_string\"}}],\"inLanguage\":\"et\"}]}<\/script>\n<!-- \/ Yoast SEO plugin. -->","yoast_head_json":{"title":"LIITU HIIEKOOLIDE RINGIGA -","robots":{"index":"index","follow":"follow","max-snippet":"max-snippet:-1","max-image-preview":"max-image-preview:large","max-video-preview":"max-video-preview:-1"},"canonical":"https:\/\/web.alfanet.ee\/~hiiepaik\/tegutse\/hiiekoolid\/liitu-hiiekoolide-ringiga\/","og_locale":"et_EE","og_type":"article","og_title":"LIITU HIIEKOOLIDE RINGIGA -","og_description":"Kui oled valinud v\u00e4lja oma kooli hiie, oled alustanud hiie\u00f5ppega, v\u00f5i soovid seda teha, anna endast teada. Koos saame jagada kogemusi, leida k\u00fcsimustele vastuseid ja edendada koolihiite liikumist. Palun sisesta allpool enda andmed. Teeme need avalikuks esimesel v\u00f5imalusel.","og_url":"https:\/\/web.alfanet.ee\/~hiiepaik\/tegutse\/hiiekoolid\/liitu-hiiekoolide-ringiga\/","article_publisher":"https:\/\/www.facebook.com\/hiiepaik\/","article_modified_time":"2016-04-14T09:45:48+00:00","schema":{"@context":"https:\/\/schema.org","@graph":[{"@type":"WebPage","@id":"https:\/\/web.alfanet.ee\/~hiiepaik\/tegutse\/hiiekoolid\/liitu-hiiekoolide-ringiga\/","url":"https:\/\/web.alfanet.ee\/~hiiepaik\/tegutse\/hiiekoolid\/liitu-hiiekoolide-ringiga\/","name":"LIITU HIIEKOOLIDE RINGIGA -","isPartOf":{"@id":"https:\/\/web.alfanet.ee\/~hiiepaik\/#website"},"datePublished":"2016-03-31T12:59:39+00:00","dateModified":"2016-04-14T09:45:48+00:00","breadcrumb":{"@id":"https:\/\/web.alfanet.ee\/~hiiepaik\/tegutse\/hiiekoolid\/liitu-hiiekoolide-ringiga\/#breadcrumb"},"inLanguage":"et","potentialAction":[{"@type":"ReadAction","target":["https:\/\/web.alfanet.ee\/~hiiepaik\/tegutse\/hiiekoolid\/liitu-hiiekoolide-ringiga\/"]}]},{"@type":"BreadcrumbList","@id":"https:\/\/web.alfanet.ee\/~hiiepaik\/tegutse\/hiiekoolid\/liitu-hiiekoolide-ringiga\/#breadcrumb","itemListElement":[{"@type":"ListItem","position":1,"name":"Home","item":"https:\/\/web.alfanet.ee\/~hiiepaik\/"},{"@type":"ListItem","position":2,"name":"TEGUTSE","item":"https:\/\/web.alfanet.ee\/~hiiepaik\/tegutse\/"},{"@type":"ListItem","position":3,"name":"HIIEKOOLID","item":"https:\/\/web.alfanet.ee\/~hiiepaik\/tegutse\/hiiekoolid\/"},{"@type":"ListItem","position":4,"name":"LIITU HIIEKOOLIDE RINGIGA"}]},{"@type":"WebSite","@id":"https:\/\/web.alfanet.ee\/~hiiepaik\/#website","url":"https:\/\/web.alfanet.ee\/~hiiepaik\/","name":"Hiiepaik","description":"","potentialAction":[{"@type":"SearchAction","target":{"@type":"EntryPoint","urlTemplate":"https:\/\/web.alfanet.ee\/~hiiepaik\/?s={search_term_string}"},"query-input":{"@type":"PropertyValueSpecification","valueRequired":true,"valueName":"search_term_string"}}],"inLanguage":"et"}]}},"_links":{"self":[{"href":"https:\/\/web.alfanet.ee\/~hiiepaik\/wp-json\/wp\/v2\/pages\/3087","targetHints":{"allow":["GET"]}}],"collection":[{"href":"https:\/\/web.alfanet.ee\/~hiiepaik\/wp-json\/wp\/v2\/pages"}],"about":[{"href":"https:\/\/web.alfanet.ee\/~hiiepaik\/wp-json\/wp\/v2\/types\/page"}],"author":[{"embeddable":true,"href":"https:\/\/web.alfanet.ee\/~hiiepaik\/wp-json\/wp\/v2\/users\/1"}],"replies":[{"embeddable":true,"href":"https:\/\/web.alfanet.ee\/~hiiepaik\/wp-json\/wp\/v2\/comments?post=3087"}],"version-history":[{"count":0,"href":"https:\/\/web.alfanet.ee\/~hiiepaik\/wp-json\/wp\/v2\/pages\/3087\/revisions"}],"up":[{"embeddable":true,"href":"https:\/\/web.alfanet.ee\/~hiiepaik\/wp-json\/wp\/v2\/pages\/3074"}],"wp:attachment":[{"href":"https:\/\/web.alfanet.ee\/~hiiepaik\/wp-json\/wp\/v2\/media?parent=3087"}],"curies":[{"name":"wp","href":"https:\/\/api.w.org\/{rel}","templated":true}]}}