{"id":3084,"date":"2016-03-31T15:57:30","date_gmt":"2016-03-31T12:57:30","guid":{"rendered":"https:\/\/web.alfanet.ee\/~hiiepaik\/?page_id=3084"},"modified":"2016-04-14T11:37:59","modified_gmt":"2016-04-14T08:37:59","slug":"kuidas-leida-oma-koolihiis","status":"publish","type":"page","link":"https:\/\/web.alfanet.ee\/~hiiepaik\/tegutse\/hiiekoolid\/kuidas-leida-oma-koolihiis\/","title":{"rendered":"KUIDAS LEIDA OMA KOOLIHIIS"},"content":{"rendered":"<h3><span style=\"color: #008000;\"><strong>SOOVITUSI KOOLIHIIE VALIKUKS JA HOIDMISEKS<\/p>\n<p><\/strong><\/span><\/h3>\n<p><a href=\"https:\/\/web.alfanet.ee\/~hiiepaik\/wp-content\/uploads\/2016\/03\/TammealVarav.jpg\"><img loading=\"lazy\" decoding=\"async\" class=\"  wp-image-3104 alignnone\" src=\"https:\/\/web.alfanet.ee\/~hiiepaik\/wp-content\/uploads\/2016\/03\/TammealVarav.jpg\" alt=\"TammealVarav\" width=\"637\" height=\"458\" srcset=\"https:\/\/web.alfanet.ee\/~hiiepaik\/wp-content\/uploads\/2016\/03\/TammealVarav.jpg 736w, https:\/\/web.alfanet.ee\/~hiiepaik\/wp-content\/uploads\/2016\/03\/TammealVarav-300x216.jpg 300w, https:\/\/web.alfanet.ee\/~hiiepaik\/wp-content\/uploads\/2016\/03\/TammealVarav-417x300.jpg 417w\" sizes=\"auto, (max-width: 637px) 100vw, 637px\" \/><\/a><\/p>\n<p>Eestis on k\u00fcll sadu p\u00f5liseid hiiepaiku, kuid enamik neist on t\u00e4na r\u00fc\u00fcstatud ja halvas seisukorras. Hiis ja selle p\u00fchadus algab aga maast ja nii on neil v\u00f5imalik ajapikku taastuda. Hiis on loodus. Kui v\u00f5imalik, siis v\u00f5ib kaaluda r\u00fc\u00fcstatud hiie valimist ja j\u00e4lgida selle taastumist. Hingekosutavam ja turvalisem on muidugi k\u00fclastada hiiepaika, kus leidub metsa ja puutumatut loodust, v\u00f5i on v\u00e4hemalt s\u00e4ilinud hiieallikas, -kivi, v\u00f5i kasv\u00f5i \u00fcks p\u00f5lispuu.<\/p>\n<p>Ligikaudu k\u00fcmnendik teadaolevatest hiitest on praegu riigi kaitse all. Sageli h\u00f5lmab kaitse hiiest vaid \u00fche kivi, allika, kalme, v\u00f5i puu. Hiite kohta leiab andmeid andmekogudest, mille viited on lisatud p\u00fchapaikade teaviku l\u00f5ppu. Samuti v\u00f5ib teavet k\u00fcsida asjaomastest asutustest. \u00dchtegi \u00fclevaatlikku hiite andmekogu kahjuks veel ei ole. K\u00f5ige parem oleks hiiepaik leida kohalike inimeste abil. V\u00f5ib-olla saab olla teejuhatajaks ka lapsevanem v\u00f5i vanavanem. Nii hoiame j\u00e4rjepidevust.<\/p>\n<p>Hiiepaiga s\u00e4ilinud osa peaks olema piisavalt suur, et seal klassiga toimetama mahuks.<\/p>\n<p>Vajalik on juurdep\u00e4\u00e4s ning parkimisv\u00f5imalus bussile ja autodele.<\/p>\n<p>Loodus- ja kultuurim\u00e4lestiseks tunnistatud hiiepaikades v\u00f5ib viibida vabalt p\u00e4ikese t\u00f5usust loojakuni. Erandiks vaid \u00f5uealal asuvad p\u00fchapaigad, mille k\u00fclastamiseks on vaja maaomaniku luba. Igal juhul on hea maaomanikuga tutvust teha.<\/p>\n<p>Kui p\u00fchapaigas ei ole seni l\u00f5kkekohta, tuleb selle rajamiseks luba k\u00fcsida maaomanikult ja\/ v\u00f5i kaitseala valitsejalt. Sama kehtib muude v\u00f5imalike rajatiste puhul. Oleks kena, kui ajapikku saab \u00fchiselt p\u00fcstitada v\u00e4rava, aia, vajadusel allikale purde, teabestendi ja miks ka mitte p\u00fcstkoja. Hiie \u00e4\u00e4rde sobib samuti kiik.<\/p>\n<p>Hiide v\u00f5ib istutada v\u00e4iksemaid puid ilma labidat kasutamata. Selle \u00fcmbrust ei v\u00f5i aga niita, ega raiuda. Lubatud on loodusliku mult\u0161i kasutamine ja rohu mahatallamine.<\/p>\n<p>Hiiepaika kujundab, hooldab ja parandab loodus. Pr\u00fcgi ja mahaj\u00e4etud rajatiste k\u00f5rvaldamisel on aga vajalik inimese abi.<\/p>\n<p>Headest hiietavadest saab l\u00e4hemalt lugeda p\u00fchapaikade teavikust.<\/p>\n<p>P\u00fchapaikade haldamiseks on koostatud suunised. Tutvuge nendega:<br \/>\n<a href=\"http:\/\/hiis.ee\/files\/Suunised_ek.pdf\" target=\"_blank\">http:\/\/hiis.ee\/files\/Suunised_ek.pdf<\/a><\/p>\n<p>Laiema tausta annavad Rahvusvahelise Looduskaitseliidu p\u00fchapaikade haldamise suunised:<br \/>\n<a href=\"http:\/\/www.maavald.ee\/failid\/IUCN_SNS_Estonia.pdf\" target=\"_blank\">http:\/\/www.maavald.ee\/failid\/IUCN_SNS_Estonia.pdf<\/a><\/p>\n","protected":false},"excerpt":{"rendered":"<p>SOOVITUSI KOOLIHIIE VALIKUKS JA HOIDMISEKS Eestis on k\u00fcll sadu p\u00f5liseid hiiepaiku, kuid enamik neist on t\u00e4na r\u00fc\u00fcstatud ja halvas seisukorras. Hiis ja selle p\u00fchadus algab aga maast ja nii on neil v\u00f5imalik ajapikku taastuda. Hiis on loodus. Kui v\u00f5imalik, siis v\u00f5ib kaaluda r\u00fc\u00fcstatud hiie valimist ja j\u00e4lgida selle taastumist. Hingekosutavam ja turvalisem on muidugi k\u00fclastada&hellip;&nbsp;<a href=\"https:\/\/web.alfanet.ee\/~hiiepaik\/tegutse\/hiiekoolid\/kuidas-leida-oma-koolihiis\/\" rel=\"bookmark\">Read More &raquo;<span class=\"screen-reader-text\">KUIDAS LEIDA OMA KOOLIHIIS<\/span><\/a><\/p>\n","protected":false},"author":1,"featured_media":0,"parent":3074,"menu_order":0,"comment_status":"closed","ping_status":"open","template":"","meta":{"neve_meta_sidebar":"","neve_meta_container":"","neve_meta_enable_content_width":"","neve_meta_content_width":0,"neve_meta_title_alignment":"","neve_meta_author_avatar":"","neve_post_elements_order":"","neve_meta_disable_header":"","neve_meta_disable_footer":"","neve_meta_disable_title":"","ngg_post_thumbnail":0,"footnotes":""},"class_list":["post-3084","page","type-page","status-publish","hentry"],"yoast_head":"<!-- This site is optimized with the Yoast SEO plugin v26.7 - https:\/\/yoast.com\/wordpress\/plugins\/seo\/ -->\n<title>KUIDAS LEIDA OMA KOOLIHIIS -<\/title>\n<meta name=\"robots\" content=\"index, follow, max-snippet:-1, max-image-preview:large, max-video-preview:-1\" \/>\n<link rel=\"canonical\" href=\"https:\/\/web.alfanet.ee\/~hiiepaik\/tegutse\/hiiekoolid\/kuidas-leida-oma-koolihiis\/\" \/>\n<meta property=\"og:locale\" content=\"et_EE\" \/>\n<meta property=\"og:type\" content=\"article\" \/>\n<meta property=\"og:title\" content=\"KUIDAS LEIDA OMA KOOLIHIIS -\" \/>\n<meta property=\"og:description\" content=\"SOOVITUSI KOOLIHIIE VALIKUKS JA HOIDMISEKS Eestis on k\u00fcll sadu p\u00f5liseid hiiepaiku, kuid enamik neist on t\u00e4na r\u00fc\u00fcstatud ja halvas seisukorras. Hiis ja selle p\u00fchadus algab aga maast ja nii on neil v\u00f5imalik ajapikku taastuda. Hiis on loodus. Kui v\u00f5imalik, siis v\u00f5ib kaaluda r\u00fc\u00fcstatud hiie valimist ja j\u00e4lgida selle taastumist. Hingekosutavam ja turvalisem on muidugi k\u00fclastada&hellip;&nbsp;Read More &raquo;KUIDAS LEIDA OMA KOOLIHIIS\" \/>\n<meta property=\"og:url\" content=\"https:\/\/web.alfanet.ee\/~hiiepaik\/tegutse\/hiiekoolid\/kuidas-leida-oma-koolihiis\/\" \/>\n<meta property=\"article:publisher\" content=\"https:\/\/www.facebook.com\/hiiepaik\/\" \/>\n<meta property=\"article:modified_time\" content=\"2016-04-14T08:37:59+00:00\" \/>\n<meta property=\"og:image\" content=\"https:\/\/web.alfanet.ee\/~hiiepaik\/wp-content\/uploads\/2016\/03\/TammealVarav.jpg\" \/>\n<meta name=\"twitter:label1\" content=\"Est. reading time\" \/>\n\t<meta name=\"twitter:data1\" content=\"2 minutit\" \/>\n<script type=\"application\/ld+json\" class=\"yoast-schema-graph\">{\"@context\":\"https:\/\/schema.org\",\"@graph\":[{\"@type\":\"WebPage\",\"@id\":\"https:\/\/web.alfanet.ee\/~hiiepaik\/tegutse\/hiiekoolid\/kuidas-leida-oma-koolihiis\/\",\"url\":\"https:\/\/web.alfanet.ee\/~hiiepaik\/tegutse\/hiiekoolid\/kuidas-leida-oma-koolihiis\/\",\"name\":\"KUIDAS LEIDA OMA KOOLIHIIS -\",\"isPartOf\":{\"@id\":\"https:\/\/web.alfanet.ee\/~hiiepaik\/#website\"},\"primaryImageOfPage\":{\"@id\":\"https:\/\/web.alfanet.ee\/~hiiepaik\/tegutse\/hiiekoolid\/kuidas-leida-oma-koolihiis\/#primaryimage\"},\"image\":{\"@id\":\"https:\/\/web.alfanet.ee\/~hiiepaik\/tegutse\/hiiekoolid\/kuidas-leida-oma-koolihiis\/#primaryimage\"},\"thumbnailUrl\":\"https:\/\/web.alfanet.ee\/~hiiepaik\/wp-content\/uploads\/2016\/03\/TammealVarav.jpg\",\"datePublished\":\"2016-03-31T12:57:30+00:00\",\"dateModified\":\"2016-04-14T08:37:59+00:00\",\"breadcrumb\":{\"@id\":\"https:\/\/web.alfanet.ee\/~hiiepaik\/tegutse\/hiiekoolid\/kuidas-leida-oma-koolihiis\/#breadcrumb\"},\"inLanguage\":\"et\",\"potentialAction\":[{\"@type\":\"ReadAction\",\"target\":[\"https:\/\/web.alfanet.ee\/~hiiepaik\/tegutse\/hiiekoolid\/kuidas-leida-oma-koolihiis\/\"]}]},{\"@type\":\"ImageObject\",\"inLanguage\":\"et\",\"@id\":\"https:\/\/web.alfanet.ee\/~hiiepaik\/tegutse\/hiiekoolid\/kuidas-leida-oma-koolihiis\/#primaryimage\",\"url\":\"https:\/\/web.alfanet.ee\/~hiiepaik\/wp-content\/uploads\/2016\/03\/TammealVarav.jpg\",\"contentUrl\":\"https:\/\/web.alfanet.ee\/~hiiepaik\/wp-content\/uploads\/2016\/03\/TammealVarav.jpg\",\"width\":736,\"height\":530},{\"@type\":\"BreadcrumbList\",\"@id\":\"https:\/\/web.alfanet.ee\/~hiiepaik\/tegutse\/hiiekoolid\/kuidas-leida-oma-koolihiis\/#breadcrumb\",\"itemListElement\":[{\"@type\":\"ListItem\",\"position\":1,\"name\":\"Home\",\"item\":\"https:\/\/web.alfanet.ee\/~hiiepaik\/\"},{\"@type\":\"ListItem\",\"position\":2,\"name\":\"TEGUTSE\",\"item\":\"https:\/\/web.alfanet.ee\/~hiiepaik\/tegutse\/\"},{\"@type\":\"ListItem\",\"position\":3,\"name\":\"HIIEKOOLID\",\"item\":\"https:\/\/web.alfanet.ee\/~hiiepaik\/tegutse\/hiiekoolid\/\"},{\"@type\":\"ListItem\",\"position\":4,\"name\":\"KUIDAS LEIDA OMA KOOLIHIIS\"}]},{\"@type\":\"WebSite\",\"@id\":\"https:\/\/web.alfanet.ee\/~hiiepaik\/#website\",\"url\":\"https:\/\/web.alfanet.ee\/~hiiepaik\/\",\"name\":\"Hiiepaik\",\"description\":\"\",\"potentialAction\":[{\"@type\":\"SearchAction\",\"target\":{\"@type\":\"EntryPoint\",\"urlTemplate\":\"https:\/\/web.alfanet.ee\/~hiiepaik\/?s={search_term_string}\"},\"query-input\":{\"@type\":\"PropertyValueSpecification\",\"valueRequired\":true,\"valueName\":\"search_term_string\"}}],\"inLanguage\":\"et\"}]}<\/script>\n<!-- \/ Yoast SEO plugin. -->","yoast_head_json":{"title":"KUIDAS LEIDA OMA KOOLIHIIS -","robots":{"index":"index","follow":"follow","max-snippet":"max-snippet:-1","max-image-preview":"max-image-preview:large","max-video-preview":"max-video-preview:-1"},"canonical":"https:\/\/web.alfanet.ee\/~hiiepaik\/tegutse\/hiiekoolid\/kuidas-leida-oma-koolihiis\/","og_locale":"et_EE","og_type":"article","og_title":"KUIDAS LEIDA OMA KOOLIHIIS -","og_description":"SOOVITUSI KOOLIHIIE VALIKUKS JA HOIDMISEKS Eestis on k\u00fcll sadu p\u00f5liseid hiiepaiku, kuid enamik neist on t\u00e4na r\u00fc\u00fcstatud ja halvas seisukorras. Hiis ja selle p\u00fchadus algab aga maast ja nii on neil v\u00f5imalik ajapikku taastuda. Hiis on loodus. Kui v\u00f5imalik, siis v\u00f5ib kaaluda r\u00fc\u00fcstatud hiie valimist ja j\u00e4lgida selle taastumist. Hingekosutavam ja turvalisem on muidugi k\u00fclastada&hellip;&nbsp;Read More &raquo;KUIDAS LEIDA OMA KOOLIHIIS","og_url":"https:\/\/web.alfanet.ee\/~hiiepaik\/tegutse\/hiiekoolid\/kuidas-leida-oma-koolihiis\/","article_publisher":"https:\/\/www.facebook.com\/hiiepaik\/","article_modified_time":"2016-04-14T08:37:59+00:00","og_image":[{"url":"https:\/\/web.alfanet.ee\/~hiiepaik\/wp-content\/uploads\/2016\/03\/TammealVarav.jpg","type":"","width":"","height":""}],"twitter_misc":{"Est. reading time":"2 minutit"},"schema":{"@context":"https:\/\/schema.org","@graph":[{"@type":"WebPage","@id":"https:\/\/web.alfanet.ee\/~hiiepaik\/tegutse\/hiiekoolid\/kuidas-leida-oma-koolihiis\/","url":"https:\/\/web.alfanet.ee\/~hiiepaik\/tegutse\/hiiekoolid\/kuidas-leida-oma-koolihiis\/","name":"KUIDAS LEIDA OMA KOOLIHIIS -","isPartOf":{"@id":"https:\/\/web.alfanet.ee\/~hiiepaik\/#website"},"primaryImageOfPage":{"@id":"https:\/\/web.alfanet.ee\/~hiiepaik\/tegutse\/hiiekoolid\/kuidas-leida-oma-koolihiis\/#primaryimage"},"image":{"@id":"https:\/\/web.alfanet.ee\/~hiiepaik\/tegutse\/hiiekoolid\/kuidas-leida-oma-koolihiis\/#primaryimage"},"thumbnailUrl":"https:\/\/web.alfanet.ee\/~hiiepaik\/wp-content\/uploads\/2016\/03\/TammealVarav.jpg","datePublished":"2016-03-31T12:57:30+00:00","dateModified":"2016-04-14T08:37:59+00:00","breadcrumb":{"@id":"https:\/\/web.alfanet.ee\/~hiiepaik\/tegutse\/hiiekoolid\/kuidas-leida-oma-koolihiis\/#breadcrumb"},"inLanguage":"et","potentialAction":[{"@type":"ReadAction","target":["https:\/\/web.alfanet.ee\/~hiiepaik\/tegutse\/hiiekoolid\/kuidas-leida-oma-koolihiis\/"]}]},{"@type":"ImageObject","inLanguage":"et","@id":"https:\/\/web.alfanet.ee\/~hiiepaik\/tegutse\/hiiekoolid\/kuidas-leida-oma-koolihiis\/#primaryimage","url":"https:\/\/web.alfanet.ee\/~hiiepaik\/wp-content\/uploads\/2016\/03\/TammealVarav.jpg","contentUrl":"https:\/\/web.alfanet.ee\/~hiiepaik\/wp-content\/uploads\/2016\/03\/TammealVarav.jpg","width":736,"height":530},{"@type":"BreadcrumbList","@id":"https:\/\/web.alfanet.ee\/~hiiepaik\/tegutse\/hiiekoolid\/kuidas-leida-oma-koolihiis\/#breadcrumb","itemListElement":[{"@type":"ListItem","position":1,"name":"Home","item":"https:\/\/web.alfanet.ee\/~hiiepaik\/"},{"@type":"ListItem","position":2,"name":"TEGUTSE","item":"https:\/\/web.alfanet.ee\/~hiiepaik\/tegutse\/"},{"@type":"ListItem","position":3,"name":"HIIEKOOLID","item":"https:\/\/web.alfanet.ee\/~hiiepaik\/tegutse\/hiiekoolid\/"},{"@type":"ListItem","position":4,"name":"KUIDAS LEIDA OMA KOOLIHIIS"}]},{"@type":"WebSite","@id":"https:\/\/web.alfanet.ee\/~hiiepaik\/#website","url":"https:\/\/web.alfanet.ee\/~hiiepaik\/","name":"Hiiepaik","description":"","potentialAction":[{"@type":"SearchAction","target":{"@type":"EntryPoint","urlTemplate":"https:\/\/web.alfanet.ee\/~hiiepaik\/?s={search_term_string}"},"query-input":{"@type":"PropertyValueSpecification","valueRequired":true,"valueName":"search_term_string"}}],"inLanguage":"et"}]}},"_links":{"self":[{"href":"https:\/\/web.alfanet.ee\/~hiiepaik\/wp-json\/wp\/v2\/pages\/3084","targetHints":{"allow":["GET"]}}],"collection":[{"href":"https:\/\/web.alfanet.ee\/~hiiepaik\/wp-json\/wp\/v2\/pages"}],"about":[{"href":"https:\/\/web.alfanet.ee\/~hiiepaik\/wp-json\/wp\/v2\/types\/page"}],"author":[{"embeddable":true,"href":"https:\/\/web.alfanet.ee\/~hiiepaik\/wp-json\/wp\/v2\/users\/1"}],"replies":[{"embeddable":true,"href":"https:\/\/web.alfanet.ee\/~hiiepaik\/wp-json\/wp\/v2\/comments?post=3084"}],"version-history":[{"count":0,"href":"https:\/\/web.alfanet.ee\/~hiiepaik\/wp-json\/wp\/v2\/pages\/3084\/revisions"}],"up":[{"embeddable":true,"href":"https:\/\/web.alfanet.ee\/~hiiepaik\/wp-json\/wp\/v2\/pages\/3074"}],"wp:attachment":[{"href":"https:\/\/web.alfanet.ee\/~hiiepaik\/wp-json\/wp\/v2\/media?parent=3084"}],"curies":[{"name":"wp","href":"https:\/\/api.w.org\/{rel}","templated":true}]}}