{"id":3082,"date":"2016-03-31T15:43:09","date_gmt":"2016-03-31T12:43:09","guid":{"rendered":"https:\/\/web.alfanet.ee\/~hiiepaik\/?page_id=3082"},"modified":"2017-11-28T22:35:41","modified_gmt":"2017-11-28T20:35:41","slug":"liitunud-koolid","status":"publish","type":"page","link":"https:\/\/web.alfanet.ee\/~hiiepaik\/tegutse\/hiiekoolid\/liitunud-koolid\/","title":{"rendered":"LIITUNUD KOOLID"},"content":{"rendered":"<p><strong>Koolihiite ringiga on liitunud:<\/strong><\/p>\n<p><strong>Kool:<\/strong> Gaia Kool , Weizenbergi 20b, Tallinn<br \/>\n<strong>Hiiepaik:<\/strong> Saula Siniallikad<br \/>\n<strong>Klass:<\/strong> 1-3 klass<br \/>\n<strong>Kontakt:<\/strong> Marit Otsing, <a href=\"mailto:marit@gaiakool.ee\">marit@gaiakool.ee<\/a>; <a href=\"http:\/\/www.gaiakool.ee\" target=\"_blank\">www.gaiakool.ee<\/a><\/p>\n<p><strong>Kool:<\/strong> Muraste Kool Harjumaal<br \/>\n<strong>Hiiepaik:<\/strong> Muraste hiis<br \/>\n<strong>Klass:<\/strong> 1b<br \/>\n<strong>Kontakt:<\/strong> Annika Hinn, <a href=\"mailto:annika.hinn@murastekool.edu.ee\">annika.hinn@murastekool.edu.ee<\/a>; <a href=\"http:\/\/murastekool.edu.ee\/\" target=\"_blank\">http:\/\/murastekool.edu.ee\/<\/a><\/p>\n<p><strong>Kool:<\/strong> Tera Peedu kool Tartumaal<br \/>\n<strong>Hiiepaik:<\/strong> &#8211;<br \/>\n<strong>Klass:\u00a0<\/strong> 1. ja 2. klass<br \/>\n<strong>Kontakt:<\/strong> Liina Luure, tel. 55 75 215, <a href=\"mailto:peedukool@tera.tartu.ee\">peedukool@tera.tartu.ee<\/a>, <a href=\"http:\/\/peedukool.weebly.com\/\" target=\"_blank\">http:\/\/peedukool.weebly.com\/<\/a> <a href=\"https:\/\/www.facebook.com\/PeeduKooliSelts\/?ref=aymt_homepage_panel\" target=\"_blank\">https:\/\/www.facebook.com\/PeeduKooliSelts\/?ref=aymt_homepage_panel<\/a><\/p>\n<p><strong>Kool:<\/strong> Tallinna Vaba Waldorfkool, Tallinn<br \/>\n<strong>Hiiepaik:<\/strong> &#8211;<br \/>\n<strong>Klass:<\/strong> 3 ja 4 klass<br \/>\n<strong>Kontakt:<\/strong> <a href=\"mailto:heli.piisang@waldorf.ee\">heli.piisang@waldorf.ee<\/a>, <a href=\"http:\/\/tallinn.waldorf.ee\/\" target=\"_blank\">http:\/\/tallinn.waldorf.ee\/<\/a><\/p>\n<p><strong>Kool: <\/strong>Tallinna Tondi P\u00f5hikool<strong><br \/>\nHiiepaik:\u00a0<\/strong>Noarootsis, Riguldi m\u00f5isas-meie kooli suvekodu \u00f5uel seisev\u00a0saja-aastane punane p\u00f6\u00f6k, mille m\u00f5isaproua oma pulmap\u00e4eval\u00a0istutas<strong><br \/>\nKlass:\u00a0<\/strong>2v,4a, L\u00d5<strong><br \/>\nKontakt:\u00a0<\/strong>Maire Paluveer,\u00a055596266, <a href=\"mailto:huvitegevus@gmail.com\">huvitegevus@gmail.com<\/a><\/p>\n<p><strong>Kool:\u00a0<\/strong>Osula p\u00f5hikool<br \/>\n<strong>Hiiepaik:\u00a0<\/strong>P\u00fchaliistu tamm, Juudapedastik<br \/>\n<strong>Klass:\u00a0<\/strong>1. &#8211; 9. klass<br \/>\n<strong>Kontakt:\u00a0<\/strong>Merili Ermel,\u00a0tel. 56652876,\u00a0<a href=\"mailto:merili.ermel@gmail.com\">merili.ermel@gmail.com<\/a><\/p>\n","protected":false},"excerpt":{"rendered":"<p>Koolihiite ringiga on liitunud: Kool: Gaia Kool , Weizenbergi 20b, Tallinn Hiiepaik: Saula Siniallikad Klass: 1-3 klass Kontakt: Marit Otsing, marit@gaiakool.ee; www.gaiakool.ee Kool: Muraste Kool Harjumaal Hiiepaik: Muraste hiis Klass: 1b Kontakt: Annika Hinn, annika.hinn@murastekool.edu.ee; http:\/\/murastekool.edu.ee\/ Kool: Tera Peedu kool Tartumaal Hiiepaik: &#8211; Klass:\u00a0 1. ja 2. klass Kontakt: Liina Luure, tel. 55 75 215,&hellip;&nbsp;<a href=\"https:\/\/web.alfanet.ee\/~hiiepaik\/tegutse\/hiiekoolid\/liitunud-koolid\/\" rel=\"bookmark\">Read More &raquo;<span class=\"screen-reader-text\">LIITUNUD KOOLID<\/span><\/a><\/p>\n","protected":false},"author":1,"featured_media":0,"parent":3074,"menu_order":0,"comment_status":"closed","ping_status":"open","template":"","meta":{"neve_meta_sidebar":"","neve_meta_container":"","neve_meta_enable_content_width":"","neve_meta_content_width":0,"neve_meta_title_alignment":"","neve_meta_author_avatar":"","neve_post_elements_order":"","neve_meta_disable_header":"","neve_meta_disable_footer":"","neve_meta_disable_title":"","ngg_post_thumbnail":0,"footnotes":""},"class_list":["post-3082","page","type-page","status-publish","hentry"],"yoast_head":"<!-- This site is optimized with the Yoast SEO plugin v26.7 - https:\/\/yoast.com\/wordpress\/plugins\/seo\/ -->\n<title>LIITUNUD KOOLID -<\/title>\n<meta name=\"robots\" content=\"index, follow, max-snippet:-1, max-image-preview:large, max-video-preview:-1\" \/>\n<link rel=\"canonical\" href=\"https:\/\/web.alfanet.ee\/~hiiepaik\/tegutse\/hiiekoolid\/liitunud-koolid\/\" \/>\n<meta property=\"og:locale\" content=\"et_EE\" \/>\n<meta property=\"og:type\" content=\"article\" \/>\n<meta property=\"og:title\" content=\"LIITUNUD KOOLID -\" \/>\n<meta property=\"og:description\" content=\"Koolihiite ringiga on liitunud: Kool: Gaia Kool , Weizenbergi 20b, Tallinn Hiiepaik: Saula Siniallikad Klass: 1-3 klass Kontakt: Marit Otsing, marit@gaiakool.ee; www.gaiakool.ee Kool: Muraste Kool Harjumaal Hiiepaik: Muraste hiis Klass: 1b Kontakt: Annika Hinn, annika.hinn@murastekool.edu.ee; http:\/\/murastekool.edu.ee\/ Kool: Tera Peedu kool Tartumaal Hiiepaik: &#8211; Klass:\u00a0 1. ja 2. klass Kontakt: Liina Luure, tel. 55 75 215,&hellip;&nbsp;Read More &raquo;LIITUNUD KOOLID\" \/>\n<meta property=\"og:url\" content=\"https:\/\/web.alfanet.ee\/~hiiepaik\/tegutse\/hiiekoolid\/liitunud-koolid\/\" \/>\n<meta property=\"article:publisher\" content=\"https:\/\/www.facebook.com\/hiiepaik\/\" \/>\n<meta property=\"article:modified_time\" content=\"2017-11-28T20:35:41+00:00\" \/>\n<meta name=\"twitter:label1\" content=\"Est. reading time\" \/>\n\t<meta name=\"twitter:data1\" content=\"1 minut\" \/>\n<script type=\"application\/ld+json\" class=\"yoast-schema-graph\">{\"@context\":\"https:\/\/schema.org\",\"@graph\":[{\"@type\":\"WebPage\",\"@id\":\"https:\/\/web.alfanet.ee\/~hiiepaik\/tegutse\/hiiekoolid\/liitunud-koolid\/\",\"url\":\"https:\/\/web.alfanet.ee\/~hiiepaik\/tegutse\/hiiekoolid\/liitunud-koolid\/\",\"name\":\"LIITUNUD KOOLID -\",\"isPartOf\":{\"@id\":\"https:\/\/web.alfanet.ee\/~hiiepaik\/#website\"},\"datePublished\":\"2016-03-31T12:43:09+00:00\",\"dateModified\":\"2017-11-28T20:35:41+00:00\",\"breadcrumb\":{\"@id\":\"https:\/\/web.alfanet.ee\/~hiiepaik\/tegutse\/hiiekoolid\/liitunud-koolid\/#breadcrumb\"},\"inLanguage\":\"et\",\"potentialAction\":[{\"@type\":\"ReadAction\",\"target\":[\"https:\/\/web.alfanet.ee\/~hiiepaik\/tegutse\/hiiekoolid\/liitunud-koolid\/\"]}]},{\"@type\":\"BreadcrumbList\",\"@id\":\"https:\/\/web.alfanet.ee\/~hiiepaik\/tegutse\/hiiekoolid\/liitunud-koolid\/#breadcrumb\",\"itemListElement\":[{\"@type\":\"ListItem\",\"position\":1,\"name\":\"Home\",\"item\":\"https:\/\/web.alfanet.ee\/~hiiepaik\/\"},{\"@type\":\"ListItem\",\"position\":2,\"name\":\"TEGUTSE\",\"item\":\"https:\/\/web.alfanet.ee\/~hiiepaik\/tegutse\/\"},{\"@type\":\"ListItem\",\"position\":3,\"name\":\"HIIEKOOLID\",\"item\":\"https:\/\/web.alfanet.ee\/~hiiepaik\/tegutse\/hiiekoolid\/\"},{\"@type\":\"ListItem\",\"position\":4,\"name\":\"LIITUNUD KOOLID\"}]},{\"@type\":\"WebSite\",\"@id\":\"https:\/\/web.alfanet.ee\/~hiiepaik\/#website\",\"url\":\"https:\/\/web.alfanet.ee\/~hiiepaik\/\",\"name\":\"Hiiepaik\",\"description\":\"\",\"potentialAction\":[{\"@type\":\"SearchAction\",\"target\":{\"@type\":\"EntryPoint\",\"urlTemplate\":\"https:\/\/web.alfanet.ee\/~hiiepaik\/?s={search_term_string}\"},\"query-input\":{\"@type\":\"PropertyValueSpecification\",\"valueRequired\":true,\"valueName\":\"search_term_string\"}}],\"inLanguage\":\"et\"}]}<\/script>\n<!-- \/ Yoast SEO plugin. -->","yoast_head_json":{"title":"LIITUNUD KOOLID -","robots":{"index":"index","follow":"follow","max-snippet":"max-snippet:-1","max-image-preview":"max-image-preview:large","max-video-preview":"max-video-preview:-1"},"canonical":"https:\/\/web.alfanet.ee\/~hiiepaik\/tegutse\/hiiekoolid\/liitunud-koolid\/","og_locale":"et_EE","og_type":"article","og_title":"LIITUNUD KOOLID -","og_description":"Koolihiite ringiga on liitunud: Kool: Gaia Kool , Weizenbergi 20b, Tallinn Hiiepaik: Saula Siniallikad Klass: 1-3 klass Kontakt: Marit Otsing, marit@gaiakool.ee; www.gaiakool.ee Kool: Muraste Kool Harjumaal Hiiepaik: Muraste hiis Klass: 1b Kontakt: Annika Hinn, annika.hinn@murastekool.edu.ee; http:\/\/murastekool.edu.ee\/ Kool: Tera Peedu kool Tartumaal Hiiepaik: &#8211; Klass:\u00a0 1. ja 2. klass Kontakt: Liina Luure, tel. 55 75 215,&hellip;&nbsp;Read More &raquo;LIITUNUD KOOLID","og_url":"https:\/\/web.alfanet.ee\/~hiiepaik\/tegutse\/hiiekoolid\/liitunud-koolid\/","article_publisher":"https:\/\/www.facebook.com\/hiiepaik\/","article_modified_time":"2017-11-28T20:35:41+00:00","twitter_misc":{"Est. reading time":"1 minut"},"schema":{"@context":"https:\/\/schema.org","@graph":[{"@type":"WebPage","@id":"https:\/\/web.alfanet.ee\/~hiiepaik\/tegutse\/hiiekoolid\/liitunud-koolid\/","url":"https:\/\/web.alfanet.ee\/~hiiepaik\/tegutse\/hiiekoolid\/liitunud-koolid\/","name":"LIITUNUD KOOLID -","isPartOf":{"@id":"https:\/\/web.alfanet.ee\/~hiiepaik\/#website"},"datePublished":"2016-03-31T12:43:09+00:00","dateModified":"2017-11-28T20:35:41+00:00","breadcrumb":{"@id":"https:\/\/web.alfanet.ee\/~hiiepaik\/tegutse\/hiiekoolid\/liitunud-koolid\/#breadcrumb"},"inLanguage":"et","potentialAction":[{"@type":"ReadAction","target":["https:\/\/web.alfanet.ee\/~hiiepaik\/tegutse\/hiiekoolid\/liitunud-koolid\/"]}]},{"@type":"BreadcrumbList","@id":"https:\/\/web.alfanet.ee\/~hiiepaik\/tegutse\/hiiekoolid\/liitunud-koolid\/#breadcrumb","itemListElement":[{"@type":"ListItem","position":1,"name":"Home","item":"https:\/\/web.alfanet.ee\/~hiiepaik\/"},{"@type":"ListItem","position":2,"name":"TEGUTSE","item":"https:\/\/web.alfanet.ee\/~hiiepaik\/tegutse\/"},{"@type":"ListItem","position":3,"name":"HIIEKOOLID","item":"https:\/\/web.alfanet.ee\/~hiiepaik\/tegutse\/hiiekoolid\/"},{"@type":"ListItem","position":4,"name":"LIITUNUD KOOLID"}]},{"@type":"WebSite","@id":"https:\/\/web.alfanet.ee\/~hiiepaik\/#website","url":"https:\/\/web.alfanet.ee\/~hiiepaik\/","name":"Hiiepaik","description":"","potentialAction":[{"@type":"SearchAction","target":{"@type":"EntryPoint","urlTemplate":"https:\/\/web.alfanet.ee\/~hiiepaik\/?s={search_term_string}"},"query-input":{"@type":"PropertyValueSpecification","valueRequired":true,"valueName":"search_term_string"}}],"inLanguage":"et"}]}},"_links":{"self":[{"href":"https:\/\/web.alfanet.ee\/~hiiepaik\/wp-json\/wp\/v2\/pages\/3082","targetHints":{"allow":["GET"]}}],"collection":[{"href":"https:\/\/web.alfanet.ee\/~hiiepaik\/wp-json\/wp\/v2\/pages"}],"about":[{"href":"https:\/\/web.alfanet.ee\/~hiiepaik\/wp-json\/wp\/v2\/types\/page"}],"author":[{"embeddable":true,"href":"https:\/\/web.alfanet.ee\/~hiiepaik\/wp-json\/wp\/v2\/users\/1"}],"replies":[{"embeddable":true,"href":"https:\/\/web.alfanet.ee\/~hiiepaik\/wp-json\/wp\/v2\/comments?post=3082"}],"version-history":[{"count":0,"href":"https:\/\/web.alfanet.ee\/~hiiepaik\/wp-json\/wp\/v2\/pages\/3082\/revisions"}],"up":[{"embeddable":true,"href":"https:\/\/web.alfanet.ee\/~hiiepaik\/wp-json\/wp\/v2\/pages\/3074"}],"wp:attachment":[{"href":"https:\/\/web.alfanet.ee\/~hiiepaik\/wp-json\/wp\/v2\/media?parent=3082"}],"curies":[{"name":"wp","href":"https:\/\/api.w.org\/{rel}","templated":true}]}}