{"id":3074,"date":"2016-03-31T14:42:06","date_gmt":"2016-03-31T11:42:06","guid":{"rendered":"https:\/\/web.alfanet.ee\/~hiiepaik\/?page_id=3074"},"modified":"2024-12-31T14:54:57","modified_gmt":"2024-12-31T12:54:57","slug":"hiiekoolid","status":"publish","type":"page","link":"https:\/\/web.alfanet.ee\/~hiiepaik\/tegutse\/hiiekoolid\/","title":{"rendered":"HIIEKOOLID"},"content":{"rendered":"\n<div class=\"wp-block-media-text is-stacked-on-mobile is-image-fill-element\"><figure class=\"wp-block-media-text__media\"><img loading=\"lazy\" decoding=\"async\" width=\"665\" height=\"535\" src=\"https:\/\/web.alfanet.ee\/~hiiepaik\/wp-content\/uploads\/2016\/03\/Kiik.jpg\" alt=\"\" class=\"wp-image-3102 size-full\" style=\"object-position:50% 50%\" srcset=\"https:\/\/web.alfanet.ee\/~hiiepaik\/wp-content\/uploads\/2016\/03\/Kiik.jpg 665w, https:\/\/web.alfanet.ee\/~hiiepaik\/wp-content\/uploads\/2016\/03\/Kiik-300x241.jpg 300w, https:\/\/web.alfanet.ee\/~hiiepaik\/wp-content\/uploads\/2016\/03\/Kiik-373x300.jpg 373w\" sizes=\"auto, (max-width: 665px) 100vw, 665px\" \/><\/figure><div class=\"wp-block-media-text__content\">\n<p>Eestis on 528 \u00fcldhariduskooli ning enam kui 800 ajaloolist hiiepaika. Enne II maailmas\u00f5da oli tavaks k\u00fclastada kooli\u00f5pilastega looduslikke p\u00fchapaiku, et anda kogemus\u00f5ppe varal edasi nendega seotud teadmisi ja v\u00e4\u00e4rtushinnanguid. T\u00e4naseks on paljud hiied unustatud ja ootavad taasavastamist. Koolides toimub \u00f5pe tihti siseruumides, \u00f5ues\u00f5ppe v\u00f5imaluste kasutamine ja lastes liikumisharjumuste kujundamine ei ole piisavalt levinud.<\/p>\n\n\n\n<p>Eesti Vabariigi 100. s\u00fcnnip\u00e4eva raames on plaanis anda elu uuele algatusele, mille eesm\u00e4rgiks on pakkuda lastele v\u00f5imalust tegutseda looduses, \u00f5ppida tundma kodukoha ajalugu ning p\u00f5list&nbsp; kombestikku.<\/p>\n\n\n\n<p>Igale projektis osalevale koolile leitakse kodukohas oma hiis, mille eest hoolitseda ja luua oma koolihiie tavad, seel\u00e4bi tekitada lastes huvi ja austust p\u00e4randkultuuri vastu.<\/p>\n\n\n\n<p>Ettev\u00f5tmise sihtr\u00fchmas on esialgu Eesti \u00fcldharidusekoolide algastme \u00f5pilased, kuid liituma on oodatud k\u00f5ik vanuser\u00fchmad.<\/p>\n<\/div><\/div>\n\n\n\n<div style=\"height:60px\" aria-hidden=\"true\" class=\"wp-block-spacer\"><\/div>\n\n\n\n<div class=\"wp-block-group has-nv-light-bg-background-color has-background\" style=\"border-style:none;border-width:0px;padding-top:var(--wp--preset--spacing--40);padding-right:var(--wp--preset--spacing--40);padding-bottom:var(--wp--preset--spacing--40);padding-left:var(--wp--preset--spacing--40)\"><div class=\"wp-block-group__inner-container is-layout-constrained wp-container-core-group-is-layout-65a08581 wp-block-group-is-layout-constrained\">\n<h3 class=\"wp-block-heading\">Tutvu materjalidega ja liitu hiiekoolide ringiga!<\/h3>\n\n\n\n<p>Kui oled valinud v\u00e4lja oma kooli hiie, oled alustanud hiie\u00f5ppega, v\u00f5i soovid seda teha, anna endast teada. Koos saame jagada kogemusi, leida k\u00fcsimustele vastuseid ja edendada koolihiite liikumist.<\/p>\n\n\n\n<div class=\"wp-block-buttons is-layout-flex wp-block-buttons-is-layout-flex\">\n<div class=\"wp-block-button is-style-primary\"><a class=\"wp-block-button__link wp-element-button\" href=\"https:\/\/web.alfanet.ee\/~hiiepaik\/tegutse\/hiiekoolid\/liitu-hiiekoolide-ringiga\/\">LIITU<\/a><\/div>\n<\/div>\n<\/div><\/div>\n\n\n\n<div class=\"menu-hiiekoolid-container\"><ul id=\"menu-hiiekoolid\" class=\"menu\"><li id=\"menu-item-3655\" class=\"menu-item menu-item-type-post_type menu-item-object-page menu-item-3655\"><a href=\"https:\/\/web.alfanet.ee\/~hiiepaik\/tegutse\/hiiekoolid\/kuidas-leida-oma-koolihiis\/\">KUIDAS LEIDA OMA KOOLIHIIS<\/a><\/li>\n<li id=\"menu-item-3656\" class=\"menu-item menu-item-type-post_type menu-item-object-page menu-item-3656\"><a href=\"https:\/\/web.alfanet.ee\/~hiiepaik\/tegutse\/hiiekoolid\/liitunud-koolid\/\">LIITUNUD KOOLID<\/a><\/li>\n<li id=\"menu-item-3657\" class=\"menu-item menu-item-type-post_type menu-item-object-page menu-item-3657\"><a href=\"https:\/\/web.alfanet.ee\/~hiiepaik\/tegutse\/hiiekoolid\/liitu-hiiekoolide-ringiga\/\">LIITU HIIEKOOLIDE RINGIGA<\/a><\/li>\n<li id=\"menu-item-3658\" class=\"menu-item menu-item-type-post_type menu-item-object-page menu-item-3658\"><a href=\"https:\/\/web.alfanet.ee\/~hiiepaik\/tegutse\/hiiekoolid\/oppematerjalid\/\">\u00d5PPEMATERJALID<\/a><\/li>\n<li id=\"menu-item-3659\" class=\"menu-item menu-item-type-post_type menu-item-object-page menu-item-3659\"><a href=\"https:\/\/web.alfanet.ee\/~hiiepaik\/tegutse\/hiiekoolid\/eestvedaja\/\">EESTVEDAJA<\/a><\/li>\n<li id=\"menu-item-3654\" class=\"menu-item menu-item-type-post_type menu-item-object-page menu-item-3654\"><a href=\"https:\/\/web.alfanet.ee\/~hiiepaik\/tegutse\/hiiekoolid\/hiiekoolide-hiieskaigud\/\">HIIEKOOLIDE HIIESK\u00c4IGUD<\/a><\/li>\n<\/ul><\/div>\n","protected":false},"excerpt":{"rendered":"<p>Eestis on 528 \u00fcldhariduskooli ning enam kui 800 ajaloolist hiiepaika. Enne II maailmas\u00f5da oli tavaks k\u00fclastada kooli\u00f5pilastega looduslikke p\u00fchapaiku, et anda kogemus\u00f5ppe varal edasi nendega seotud teadmisi ja v\u00e4\u00e4rtushinnanguid. T\u00e4naseks on paljud hiied unustatud ja ootavad taasavastamist. Koolides toimub \u00f5pe tihti siseruumides, \u00f5ues\u00f5ppe v\u00f5imaluste kasutamine ja lastes liikumisharjumuste kujundamine ei ole piisavalt levinud. Eesti Vabariigi&hellip;&nbsp;<a href=\"https:\/\/web.alfanet.ee\/~hiiepaik\/tegutse\/hiiekoolid\/\" rel=\"bookmark\">Read More &raquo;<span class=\"screen-reader-text\">HIIEKOOLID<\/span><\/a><\/p>\n","protected":false},"author":4,"featured_media":0,"parent":27,"menu_order":0,"comment_status":"closed","ping_status":"open","template":"","meta":{"neve_meta_sidebar":"","neve_meta_container":"","neve_meta_enable_content_width":"","neve_meta_content_width":0,"neve_meta_title_alignment":"","neve_meta_author_avatar":"","neve_post_elements_order":"","neve_meta_disable_header":"","neve_meta_disable_footer":"","neve_meta_disable_title":"","ngg_post_thumbnail":0,"footnotes":""},"class_list":["post-3074","page","type-page","status-publish","hentry"],"yoast_head":"<!-- This site is optimized with the Yoast SEO plugin v26.7 - https:\/\/yoast.com\/wordpress\/plugins\/seo\/ -->\n<title>HIIEKOOLID -<\/title>\n<meta name=\"robots\" content=\"index, follow, max-snippet:-1, max-image-preview:large, max-video-preview:-1\" \/>\n<link rel=\"canonical\" href=\"https:\/\/web.alfanet.ee\/~hiiepaik\/tegutse\/hiiekoolid\/\" \/>\n<meta property=\"og:locale\" content=\"et_EE\" \/>\n<meta property=\"og:type\" content=\"article\" \/>\n<meta property=\"og:title\" content=\"HIIEKOOLID -\" \/>\n<meta property=\"og:description\" content=\"Eestis on 528 \u00fcldhariduskooli ning enam kui 800 ajaloolist hiiepaika. Enne II maailmas\u00f5da oli tavaks k\u00fclastada kooli\u00f5pilastega looduslikke p\u00fchapaiku, et anda kogemus\u00f5ppe varal edasi nendega seotud teadmisi ja v\u00e4\u00e4rtushinnanguid. T\u00e4naseks on paljud hiied unustatud ja ootavad taasavastamist. Koolides toimub \u00f5pe tihti siseruumides, \u00f5ues\u00f5ppe v\u00f5imaluste kasutamine ja lastes liikumisharjumuste kujundamine ei ole piisavalt levinud. Eesti Vabariigi&hellip;&nbsp;Read More &raquo;HIIEKOOLID\" \/>\n<meta property=\"og:url\" content=\"https:\/\/web.alfanet.ee\/~hiiepaik\/tegutse\/hiiekoolid\/\" \/>\n<meta property=\"article:publisher\" content=\"https:\/\/www.facebook.com\/hiiepaik\/\" \/>\n<meta property=\"article:modified_time\" content=\"2024-12-31T12:54:57+00:00\" \/>\n<meta property=\"og:image\" content=\"https:\/\/web.alfanet.ee\/~hiiepaik\/wp-content\/uploads\/2016\/03\/Kiik.jpg\" \/>\n\t<meta property=\"og:image:width\" content=\"665\" \/>\n\t<meta property=\"og:image:height\" content=\"535\" \/>\n\t<meta property=\"og:image:type\" content=\"image\/jpeg\" \/>\n<meta name=\"twitter:label1\" content=\"Est. reading time\" \/>\n\t<meta name=\"twitter:data1\" content=\"2 minutit\" \/>\n<script type=\"application\/ld+json\" class=\"yoast-schema-graph\">{\"@context\":\"https:\/\/schema.org\",\"@graph\":[{\"@type\":\"WebPage\",\"@id\":\"https:\/\/web.alfanet.ee\/~hiiepaik\/tegutse\/hiiekoolid\/\",\"url\":\"https:\/\/web.alfanet.ee\/~hiiepaik\/tegutse\/hiiekoolid\/\",\"name\":\"HIIEKOOLID -\",\"isPartOf\":{\"@id\":\"https:\/\/web.alfanet.ee\/~hiiepaik\/#website\"},\"primaryImageOfPage\":{\"@id\":\"https:\/\/web.alfanet.ee\/~hiiepaik\/tegutse\/hiiekoolid\/#primaryimage\"},\"image\":{\"@id\":\"https:\/\/web.alfanet.ee\/~hiiepaik\/tegutse\/hiiekoolid\/#primaryimage\"},\"thumbnailUrl\":\"https:\/\/web.alfanet.ee\/~hiiepaik\/wp-content\/uploads\/2016\/03\/Kiik.jpg\",\"datePublished\":\"2016-03-31T11:42:06+00:00\",\"dateModified\":\"2024-12-31T12:54:57+00:00\",\"breadcrumb\":{\"@id\":\"https:\/\/web.alfanet.ee\/~hiiepaik\/tegutse\/hiiekoolid\/#breadcrumb\"},\"inLanguage\":\"et\",\"potentialAction\":[{\"@type\":\"ReadAction\",\"target\":[\"https:\/\/web.alfanet.ee\/~hiiepaik\/tegutse\/hiiekoolid\/\"]}]},{\"@type\":\"ImageObject\",\"inLanguage\":\"et\",\"@id\":\"https:\/\/web.alfanet.ee\/~hiiepaik\/tegutse\/hiiekoolid\/#primaryimage\",\"url\":\"https:\/\/web.alfanet.ee\/~hiiepaik\/wp-content\/uploads\/2016\/03\/Kiik.jpg\",\"contentUrl\":\"https:\/\/web.alfanet.ee\/~hiiepaik\/wp-content\/uploads\/2016\/03\/Kiik.jpg\",\"width\":665,\"height\":535},{\"@type\":\"BreadcrumbList\",\"@id\":\"https:\/\/web.alfanet.ee\/~hiiepaik\/tegutse\/hiiekoolid\/#breadcrumb\",\"itemListElement\":[{\"@type\":\"ListItem\",\"position\":1,\"name\":\"Home\",\"item\":\"https:\/\/web.alfanet.ee\/~hiiepaik\/\"},{\"@type\":\"ListItem\",\"position\":2,\"name\":\"TEGUTSE\",\"item\":\"https:\/\/web.alfanet.ee\/~hiiepaik\/tegutse\/\"},{\"@type\":\"ListItem\",\"position\":3,\"name\":\"HIIEKOOLID\"}]},{\"@type\":\"WebSite\",\"@id\":\"https:\/\/web.alfanet.ee\/~hiiepaik\/#website\",\"url\":\"https:\/\/web.alfanet.ee\/~hiiepaik\/\",\"name\":\"Hiiepaik\",\"description\":\"\",\"potentialAction\":[{\"@type\":\"SearchAction\",\"target\":{\"@type\":\"EntryPoint\",\"urlTemplate\":\"https:\/\/web.alfanet.ee\/~hiiepaik\/?s={search_term_string}\"},\"query-input\":{\"@type\":\"PropertyValueSpecification\",\"valueRequired\":true,\"valueName\":\"search_term_string\"}}],\"inLanguage\":\"et\"}]}<\/script>\n<!-- \/ Yoast SEO plugin. -->","yoast_head_json":{"title":"HIIEKOOLID -","robots":{"index":"index","follow":"follow","max-snippet":"max-snippet:-1","max-image-preview":"max-image-preview:large","max-video-preview":"max-video-preview:-1"},"canonical":"https:\/\/web.alfanet.ee\/~hiiepaik\/tegutse\/hiiekoolid\/","og_locale":"et_EE","og_type":"article","og_title":"HIIEKOOLID -","og_description":"Eestis on 528 \u00fcldhariduskooli ning enam kui 800 ajaloolist hiiepaika. Enne II maailmas\u00f5da oli tavaks k\u00fclastada kooli\u00f5pilastega looduslikke p\u00fchapaiku, et anda kogemus\u00f5ppe varal edasi nendega seotud teadmisi ja v\u00e4\u00e4rtushinnanguid. T\u00e4naseks on paljud hiied unustatud ja ootavad taasavastamist. Koolides toimub \u00f5pe tihti siseruumides, \u00f5ues\u00f5ppe v\u00f5imaluste kasutamine ja lastes liikumisharjumuste kujundamine ei ole piisavalt levinud. Eesti Vabariigi&hellip;&nbsp;Read More &raquo;HIIEKOOLID","og_url":"https:\/\/web.alfanet.ee\/~hiiepaik\/tegutse\/hiiekoolid\/","article_publisher":"https:\/\/www.facebook.com\/hiiepaik\/","article_modified_time":"2024-12-31T12:54:57+00:00","og_image":[{"width":665,"height":535,"url":"https:\/\/web.alfanet.ee\/~hiiepaik\/wp-content\/uploads\/2016\/03\/Kiik.jpg","type":"image\/jpeg"}],"twitter_misc":{"Est. reading time":"2 minutit"},"schema":{"@context":"https:\/\/schema.org","@graph":[{"@type":"WebPage","@id":"https:\/\/web.alfanet.ee\/~hiiepaik\/tegutse\/hiiekoolid\/","url":"https:\/\/web.alfanet.ee\/~hiiepaik\/tegutse\/hiiekoolid\/","name":"HIIEKOOLID -","isPartOf":{"@id":"https:\/\/web.alfanet.ee\/~hiiepaik\/#website"},"primaryImageOfPage":{"@id":"https:\/\/web.alfanet.ee\/~hiiepaik\/tegutse\/hiiekoolid\/#primaryimage"},"image":{"@id":"https:\/\/web.alfanet.ee\/~hiiepaik\/tegutse\/hiiekoolid\/#primaryimage"},"thumbnailUrl":"https:\/\/web.alfanet.ee\/~hiiepaik\/wp-content\/uploads\/2016\/03\/Kiik.jpg","datePublished":"2016-03-31T11:42:06+00:00","dateModified":"2024-12-31T12:54:57+00:00","breadcrumb":{"@id":"https:\/\/web.alfanet.ee\/~hiiepaik\/tegutse\/hiiekoolid\/#breadcrumb"},"inLanguage":"et","potentialAction":[{"@type":"ReadAction","target":["https:\/\/web.alfanet.ee\/~hiiepaik\/tegutse\/hiiekoolid\/"]}]},{"@type":"ImageObject","inLanguage":"et","@id":"https:\/\/web.alfanet.ee\/~hiiepaik\/tegutse\/hiiekoolid\/#primaryimage","url":"https:\/\/web.alfanet.ee\/~hiiepaik\/wp-content\/uploads\/2016\/03\/Kiik.jpg","contentUrl":"https:\/\/web.alfanet.ee\/~hiiepaik\/wp-content\/uploads\/2016\/03\/Kiik.jpg","width":665,"height":535},{"@type":"BreadcrumbList","@id":"https:\/\/web.alfanet.ee\/~hiiepaik\/tegutse\/hiiekoolid\/#breadcrumb","itemListElement":[{"@type":"ListItem","position":1,"name":"Home","item":"https:\/\/web.alfanet.ee\/~hiiepaik\/"},{"@type":"ListItem","position":2,"name":"TEGUTSE","item":"https:\/\/web.alfanet.ee\/~hiiepaik\/tegutse\/"},{"@type":"ListItem","position":3,"name":"HIIEKOOLID"}]},{"@type":"WebSite","@id":"https:\/\/web.alfanet.ee\/~hiiepaik\/#website","url":"https:\/\/web.alfanet.ee\/~hiiepaik\/","name":"Hiiepaik","description":"","potentialAction":[{"@type":"SearchAction","target":{"@type":"EntryPoint","urlTemplate":"https:\/\/web.alfanet.ee\/~hiiepaik\/?s={search_term_string}"},"query-input":{"@type":"PropertyValueSpecification","valueRequired":true,"valueName":"search_term_string"}}],"inLanguage":"et"}]}},"_links":{"self":[{"href":"https:\/\/web.alfanet.ee\/~hiiepaik\/wp-json\/wp\/v2\/pages\/3074","targetHints":{"allow":["GET"]}}],"collection":[{"href":"https:\/\/web.alfanet.ee\/~hiiepaik\/wp-json\/wp\/v2\/pages"}],"about":[{"href":"https:\/\/web.alfanet.ee\/~hiiepaik\/wp-json\/wp\/v2\/types\/page"}],"author":[{"embeddable":true,"href":"https:\/\/web.alfanet.ee\/~hiiepaik\/wp-json\/wp\/v2\/users\/4"}],"replies":[{"embeddable":true,"href":"https:\/\/web.alfanet.ee\/~hiiepaik\/wp-json\/wp\/v2\/comments?post=3074"}],"version-history":[{"count":4,"href":"https:\/\/web.alfanet.ee\/~hiiepaik\/wp-json\/wp\/v2\/pages\/3074\/revisions"}],"predecessor-version":[{"id":4439,"href":"https:\/\/web.alfanet.ee\/~hiiepaik\/wp-json\/wp\/v2\/pages\/3074\/revisions\/4439"}],"up":[{"embeddable":true,"href":"https:\/\/web.alfanet.ee\/~hiiepaik\/wp-json\/wp\/v2\/pages\/27"}],"wp:attachment":[{"href":"https:\/\/web.alfanet.ee\/~hiiepaik\/wp-json\/wp\/v2\/media?parent=3074"}],"curies":[{"name":"wp","href":"https:\/\/api.w.org\/{rel}","templated":true}]}}