{"id":2911,"date":"2015-06-04T10:39:54","date_gmt":"2015-06-04T07:39:54","guid":{"rendered":"https:\/\/web.alfanet.ee\/~hiiepaik\/?page_id=2911"},"modified":"2024-11-13T00:50:32","modified_gmt":"2024-11-12T22:50:32","slug":"puuendlite-galerii","status":"publish","type":"page","link":"https:\/\/web.alfanet.ee\/~hiiepaik\/puuendel\/puuendlite-galerii\/","title":{"rendered":"PUUENDLITE GALERII"},"content":{"rendered":"<p>Puuendli kampaania kutsub puid m\u00e4rkama, j\u00e4\u00e4dvustama ennast koos puuga pildile ning osalema oma puuendliga \u00fchisgaleriis. Muhe teavituskampaania soovib meenutada, et oleme puid ja loodust armastav metsarahvas.<\/p>\n<p><b>TEEME PUUENDLITE REKORDI &#8211; V\u00c4HEMALT 100 000 PUUENDLIT!&nbsp;<\/b><\/p>\n<p>Loe kuidas ja miks osaleda: <strong><a href=\"https:\/\/web.alfanet.ee\/~hiiepaik\/puuendel\/\">https:\/\/web.alfanet.ee\/~hiiepaik\/puuendel\/<\/a><\/strong><\/p>\n<p><strong>Hiiepaiga eesm\u00e4rk on inimestele teadvustada, kui oluline on loodus ja meie kultuurip\u00e4rand, selle hoidmine ja kaitse ning meenutada ja t\u00e4htsustada meie endi suhet loodusega. Hiiepaiga l\u00f5ppeesm\u00e4rk on leida ja <a title=\"KAARDISTAMINE\" href=\"https:\/\/web.alfanet.ee\/~hiiepaik\/tegutse\/kaardistamine\/\">kaardistada <\/a>k\u00f5ik Eestis asuvad looduslikud p\u00fchapaigad, et me ei unustaks oma p\u00f5liseid v\u00e4ekohti.<\/strong><\/p>\n<p><span style=\"color: #99cc00;\"><strong>PUUENDLITE GALERII<\/strong><\/span><\/p>\n[srizonfbalbum id=1]\n<p>&nbsp;<\/p>\n","protected":false},"excerpt":{"rendered":"<p>Puuendli kampaania kutsub puid m\u00e4rkama, j\u00e4\u00e4dvustama ennast koos puuga pildile ning osalema oma puuendliga \u00fchisgaleriis. Muhe teavituskampaania soovib meenutada, et oleme puid ja loodust armastav metsarahvas. TEEME PUUENDLITE REKORDI &#8211; V\u00c4HEMALT 100 000 PUUENDLIT!&nbsp; Loe kuidas ja miks osaleda: https:\/\/web.alfanet.ee\/~hiiepaik\/puuendel\/ Hiiepaiga eesm\u00e4rk on inimestele teadvustada, kui oluline on loodus ja meie kultuurip\u00e4rand, selle hoidmine ja&hellip;&nbsp;<a href=\"https:\/\/web.alfanet.ee\/~hiiepaik\/puuendel\/puuendlite-galerii\/\" rel=\"bookmark\">Read More &raquo;<span class=\"screen-reader-text\">PUUENDLITE GALERII<\/span><\/a><\/p>\n","protected":false},"author":1,"featured_media":0,"parent":89,"menu_order":0,"comment_status":"closed","ping_status":"open","template":"","meta":{"neve_meta_sidebar":"","neve_meta_container":"","neve_meta_enable_content_width":"off","neve_meta_content_width":100,"neve_meta_title_alignment":"","neve_meta_author_avatar":"","neve_post_elements_order":"","neve_meta_disable_header":"","neve_meta_disable_footer":"","neve_meta_disable_title":"","ngg_post_thumbnail":0,"footnotes":""},"class_list":["post-2911","page","type-page","status-publish","hentry"],"yoast_head":"<!-- This site is optimized with the Yoast SEO plugin v26.7 - https:\/\/yoast.com\/wordpress\/plugins\/seo\/ -->\n<title>PUUENDLITE GALERII -<\/title>\n<meta name=\"robots\" content=\"index, follow, max-snippet:-1, max-image-preview:large, max-video-preview:-1\" \/>\n<link rel=\"canonical\" href=\"https:\/\/web.alfanet.ee\/~hiiepaik\/puuendel\/puuendlite-galerii\/\" \/>\n<meta property=\"og:locale\" content=\"et_EE\" \/>\n<meta property=\"og:type\" content=\"article\" \/>\n<meta property=\"og:title\" content=\"PUUENDLITE GALERII -\" \/>\n<meta property=\"og:description\" content=\"Puuendli kampaania kutsub puid m\u00e4rkama, j\u00e4\u00e4dvustama ennast koos puuga pildile ning osalema oma puuendliga \u00fchisgaleriis. Muhe teavituskampaania soovib meenutada, et oleme puid ja loodust armastav metsarahvas. TEEME PUUENDLITE REKORDI &#8211; V\u00c4HEMALT 100 000 PUUENDLIT!&nbsp; Loe kuidas ja miks osaleda: https:\/\/web.alfanet.ee\/~hiiepaik\/puuendel\/ Hiiepaiga eesm\u00e4rk on inimestele teadvustada, kui oluline on loodus ja meie kultuurip\u00e4rand, selle hoidmine ja&hellip;&nbsp;Read More &raquo;PUUENDLITE GALERII\" \/>\n<meta property=\"og:url\" content=\"https:\/\/web.alfanet.ee\/~hiiepaik\/puuendel\/puuendlite-galerii\/\" \/>\n<meta property=\"article:publisher\" content=\"https:\/\/www.facebook.com\/hiiepaik\/\" \/>\n<meta property=\"article:modified_time\" content=\"2024-11-12T22:50:32+00:00\" \/>\n<meta name=\"twitter:label1\" content=\"Est. reading time\" \/>\n\t<meta name=\"twitter:data1\" content=\"1 minut\" \/>\n<script type=\"application\/ld+json\" class=\"yoast-schema-graph\">{\"@context\":\"https:\/\/schema.org\",\"@graph\":[{\"@type\":\"WebPage\",\"@id\":\"https:\/\/web.alfanet.ee\/~hiiepaik\/puuendel\/puuendlite-galerii\/\",\"url\":\"https:\/\/web.alfanet.ee\/~hiiepaik\/puuendel\/puuendlite-galerii\/\",\"name\":\"PUUENDLITE GALERII -\",\"isPartOf\":{\"@id\":\"https:\/\/web.alfanet.ee\/~hiiepaik\/#website\"},\"datePublished\":\"2015-06-04T07:39:54+00:00\",\"dateModified\":\"2024-11-12T22:50:32+00:00\",\"breadcrumb\":{\"@id\":\"https:\/\/web.alfanet.ee\/~hiiepaik\/puuendel\/puuendlite-galerii\/#breadcrumb\"},\"inLanguage\":\"et\",\"potentialAction\":[{\"@type\":\"ReadAction\",\"target\":[\"https:\/\/web.alfanet.ee\/~hiiepaik\/puuendel\/puuendlite-galerii\/\"]}]},{\"@type\":\"BreadcrumbList\",\"@id\":\"https:\/\/web.alfanet.ee\/~hiiepaik\/puuendel\/puuendlite-galerii\/#breadcrumb\",\"itemListElement\":[{\"@type\":\"ListItem\",\"position\":1,\"name\":\"Home\",\"item\":\"https:\/\/web.alfanet.ee\/~hiiepaik\/\"},{\"@type\":\"ListItem\",\"position\":2,\"name\":\"PUUENDEL\",\"item\":\"https:\/\/web.alfanet.ee\/~hiiepaik\/puuendel\/\"},{\"@type\":\"ListItem\",\"position\":3,\"name\":\"PUUENDLITE GALERII\"}]},{\"@type\":\"WebSite\",\"@id\":\"https:\/\/web.alfanet.ee\/~hiiepaik\/#website\",\"url\":\"https:\/\/web.alfanet.ee\/~hiiepaik\/\",\"name\":\"Hiiepaik\",\"description\":\"\",\"potentialAction\":[{\"@type\":\"SearchAction\",\"target\":{\"@type\":\"EntryPoint\",\"urlTemplate\":\"https:\/\/web.alfanet.ee\/~hiiepaik\/?s={search_term_string}\"},\"query-input\":{\"@type\":\"PropertyValueSpecification\",\"valueRequired\":true,\"valueName\":\"search_term_string\"}}],\"inLanguage\":\"et\"}]}<\/script>\n<!-- \/ Yoast SEO plugin. -->","yoast_head_json":{"title":"PUUENDLITE GALERII -","robots":{"index":"index","follow":"follow","max-snippet":"max-snippet:-1","max-image-preview":"max-image-preview:large","max-video-preview":"max-video-preview:-1"},"canonical":"https:\/\/web.alfanet.ee\/~hiiepaik\/puuendel\/puuendlite-galerii\/","og_locale":"et_EE","og_type":"article","og_title":"PUUENDLITE GALERII -","og_description":"Puuendli kampaania kutsub puid m\u00e4rkama, j\u00e4\u00e4dvustama ennast koos puuga pildile ning osalema oma puuendliga \u00fchisgaleriis. Muhe teavituskampaania soovib meenutada, et oleme puid ja loodust armastav metsarahvas. TEEME PUUENDLITE REKORDI &#8211; V\u00c4HEMALT 100 000 PUUENDLIT!&nbsp; Loe kuidas ja miks osaleda: https:\/\/web.alfanet.ee\/~hiiepaik\/puuendel\/ Hiiepaiga eesm\u00e4rk on inimestele teadvustada, kui oluline on loodus ja meie kultuurip\u00e4rand, selle hoidmine ja&hellip;&nbsp;Read More &raquo;PUUENDLITE GALERII","og_url":"https:\/\/web.alfanet.ee\/~hiiepaik\/puuendel\/puuendlite-galerii\/","article_publisher":"https:\/\/www.facebook.com\/hiiepaik\/","article_modified_time":"2024-11-12T22:50:32+00:00","twitter_misc":{"Est. reading time":"1 minut"},"schema":{"@context":"https:\/\/schema.org","@graph":[{"@type":"WebPage","@id":"https:\/\/web.alfanet.ee\/~hiiepaik\/puuendel\/puuendlite-galerii\/","url":"https:\/\/web.alfanet.ee\/~hiiepaik\/puuendel\/puuendlite-galerii\/","name":"PUUENDLITE GALERII -","isPartOf":{"@id":"https:\/\/web.alfanet.ee\/~hiiepaik\/#website"},"datePublished":"2015-06-04T07:39:54+00:00","dateModified":"2024-11-12T22:50:32+00:00","breadcrumb":{"@id":"https:\/\/web.alfanet.ee\/~hiiepaik\/puuendel\/puuendlite-galerii\/#breadcrumb"},"inLanguage":"et","potentialAction":[{"@type":"ReadAction","target":["https:\/\/web.alfanet.ee\/~hiiepaik\/puuendel\/puuendlite-galerii\/"]}]},{"@type":"BreadcrumbList","@id":"https:\/\/web.alfanet.ee\/~hiiepaik\/puuendel\/puuendlite-galerii\/#breadcrumb","itemListElement":[{"@type":"ListItem","position":1,"name":"Home","item":"https:\/\/web.alfanet.ee\/~hiiepaik\/"},{"@type":"ListItem","position":2,"name":"PUUENDEL","item":"https:\/\/web.alfanet.ee\/~hiiepaik\/puuendel\/"},{"@type":"ListItem","position":3,"name":"PUUENDLITE GALERII"}]},{"@type":"WebSite","@id":"https:\/\/web.alfanet.ee\/~hiiepaik\/#website","url":"https:\/\/web.alfanet.ee\/~hiiepaik\/","name":"Hiiepaik","description":"","potentialAction":[{"@type":"SearchAction","target":{"@type":"EntryPoint","urlTemplate":"https:\/\/web.alfanet.ee\/~hiiepaik\/?s={search_term_string}"},"query-input":{"@type":"PropertyValueSpecification","valueRequired":true,"valueName":"search_term_string"}}],"inLanguage":"et"}]}},"_links":{"self":[{"href":"https:\/\/web.alfanet.ee\/~hiiepaik\/wp-json\/wp\/v2\/pages\/2911","targetHints":{"allow":["GET"]}}],"collection":[{"href":"https:\/\/web.alfanet.ee\/~hiiepaik\/wp-json\/wp\/v2\/pages"}],"about":[{"href":"https:\/\/web.alfanet.ee\/~hiiepaik\/wp-json\/wp\/v2\/types\/page"}],"author":[{"embeddable":true,"href":"https:\/\/web.alfanet.ee\/~hiiepaik\/wp-json\/wp\/v2\/users\/1"}],"replies":[{"embeddable":true,"href":"https:\/\/web.alfanet.ee\/~hiiepaik\/wp-json\/wp\/v2\/comments?post=2911"}],"version-history":[{"count":1,"href":"https:\/\/web.alfanet.ee\/~hiiepaik\/wp-json\/wp\/v2\/pages\/2911\/revisions"}],"predecessor-version":[{"id":4311,"href":"https:\/\/web.alfanet.ee\/~hiiepaik\/wp-json\/wp\/v2\/pages\/2911\/revisions\/4311"}],"up":[{"embeddable":true,"href":"https:\/\/web.alfanet.ee\/~hiiepaik\/wp-json\/wp\/v2\/pages\/89"}],"wp:attachment":[{"href":"https:\/\/web.alfanet.ee\/~hiiepaik\/wp-json\/wp\/v2\/media?parent=2911"}],"curies":[{"name":"wp","href":"https:\/\/api.w.org\/{rel}","templated":true}]}}