{"id":27,"date":"2015-03-21T22:49:00","date_gmt":"2015-03-21T20:49:00","guid":{"rendered":"https:\/\/web.alfanet.ee\/~hiiepaik\/?page_id=27"},"modified":"2024-12-07T00:08:44","modified_gmt":"2024-12-06T22:08:44","slug":"tegutse","status":"publish","type":"page","link":"https:\/\/web.alfanet.ee\/~hiiepaik\/tegutse\/","title":{"rendered":"TEGUTSE"},"content":{"rendered":"\n<div class=\"wp-block-media-text is-stacked-on-mobile\" style=\"grid-template-columns:30% auto\"><figure class=\"wp-block-media-text__media\"><img loading=\"lazy\" decoding=\"async\" width=\"800\" height=\"531\" src=\"https:\/\/web.alfanet.ee\/~hiiepaik\/wp-content\/uploads\/2015\/05\/pilt2.jpg\" alt=\"\" class=\"wp-image-3186 size-full\" srcset=\"https:\/\/web.alfanet.ee\/~hiiepaik\/wp-content\/uploads\/2015\/05\/pilt2.jpg 800w, https:\/\/web.alfanet.ee\/~hiiepaik\/wp-content\/uploads\/2015\/05\/pilt2-300x199.jpg 300w, https:\/\/web.alfanet.ee\/~hiiepaik\/wp-content\/uploads\/2015\/05\/pilt2-768x510.jpg 768w, https:\/\/web.alfanet.ee\/~hiiepaik\/wp-content\/uploads\/2015\/05\/pilt2-452x300.jpg 452w\" sizes=\"auto, (max-width: 800px) 100vw, 800px\" \/><\/figure><div class=\"wp-block-media-text__content\">\n<div class=\"wp-block-buttons is-layout-flex wp-block-buttons-is-layout-flex\" style=\"padding-top:var(--wp--preset--spacing--40);padding-bottom:var(--wp--preset--spacing--40)\">\n<div class=\"wp-block-button is-style-secondary\"><a class=\"wp-block-button__link wp-element-button\" href=\"https:\/\/web.alfanet.ee\/~hiiepaik\/tegutse\/kaardistamine\/\">KAARDISTAMINE<\/a><\/div>\n<\/div>\n\n\n\n<p>Interaktiivne kaardirakendus meie p\u00fchapaikadest.<\/p>\n<\/div><\/div>\n\n\n\n<hr class=\"wp-block-separator has-alpha-channel-opacity\"\/>\n\n\n\n<div class=\"wp-block-media-text is-stacked-on-mobile\" style=\"grid-template-columns:30% auto\"><figure class=\"wp-block-media-text__media\"><img loading=\"lazy\" decoding=\"async\" width=\"736\" height=\"530\" src=\"https:\/\/web.alfanet.ee\/~hiiepaik\/wp-content\/uploads\/2016\/03\/TammealVarav.jpg\" alt=\"\" class=\"wp-image-3104 size-full\" srcset=\"https:\/\/web.alfanet.ee\/~hiiepaik\/wp-content\/uploads\/2016\/03\/TammealVarav.jpg 736w, https:\/\/web.alfanet.ee\/~hiiepaik\/wp-content\/uploads\/2016\/03\/TammealVarav-300x216.jpg 300w, https:\/\/web.alfanet.ee\/~hiiepaik\/wp-content\/uploads\/2016\/03\/TammealVarav-417x300.jpg 417w\" sizes=\"auto, (max-width: 736px) 100vw, 736px\" \/><\/figure><div class=\"wp-block-media-text__content\">\n<div class=\"wp-block-buttons is-layout-flex wp-block-buttons-is-layout-flex\" style=\"padding-top:var(--wp--preset--spacing--40);padding-bottom:var(--wp--preset--spacing--40)\">\n<div class=\"wp-block-button is-style-secondary\"><a class=\"wp-block-button__link wp-element-button\" href=\"https:\/\/web.alfanet.ee\/~hiiepaik\/tegutse\/hiiekoolid\/\">HIIEKOOLID<\/a><\/div>\n<\/div>\n\n\n\n<p>Eesti Vabariigi 100. s\u00fcnnip\u00e4eva raames on plaanis anda elu uuele algatusele, mille eesm\u00e4rgiks on pakkuda lastele v\u00f5imalust tegutseda looduses, \u00f5ppida tundma kodukoha ajalugu ning p\u00f5list\u00a0 kombestikku.<\/p>\n<\/div><\/div>\n\n\n\n<hr class=\"wp-block-separator has-alpha-channel-opacity\"\/>\n\n\n\n<div class=\"wp-block-media-text is-stacked-on-mobile\" style=\"grid-template-columns:30% auto\"><figure class=\"wp-block-media-text__media\"><img loading=\"lazy\" decoding=\"async\" width=\"1024\" height=\"577\" src=\"https:\/\/web.alfanet.ee\/~hiiepaik\/wp-content\/uploads\/2015\/06\/Contra-1024x577.jpg\" alt=\"\" class=\"wp-image-2797 size-full\" srcset=\"https:\/\/web.alfanet.ee\/~hiiepaik\/wp-content\/uploads\/2015\/06\/Contra-1024x577.jpg 1024w, https:\/\/web.alfanet.ee\/~hiiepaik\/wp-content\/uploads\/2015\/06\/Contra-300x169.jpg 300w, https:\/\/web.alfanet.ee\/~hiiepaik\/wp-content\/uploads\/2015\/06\/Contra-500x282.jpg 500w\" sizes=\"auto, (max-width: 1024px) 100vw, 1024px\" \/><\/figure><div class=\"wp-block-media-text__content\">\n<div class=\"wp-block-buttons is-layout-flex wp-block-buttons-is-layout-flex\" style=\"padding-top:var(--wp--preset--spacing--40);padding-bottom:var(--wp--preset--spacing--40)\">\n<div class=\"wp-block-button is-style-secondary\"><a class=\"wp-block-button__link wp-element-button\" href=\"https:\/\/web.alfanet.ee\/~hiiepaik\/puuendel\/\">PUUENDLID<\/a><\/div>\n<\/div>\n\n\n\n<p>Puuendli kampaania kutsub puid m\u00e4rkama, j\u00e4\u00e4dvustama ennast koos puuga pildile ning osalema oma puuendliga \u00fchisgaleriis. Muhe teavituskampaania soovib meenutada, et oleme puid ja loodust armastav metsarahvas.<\/p>\n<\/div><\/div>\n\n\n\n<hr class=\"wp-block-separator has-alpha-channel-opacity\"\/>\n\n\n\n<div class=\"wp-block-media-text is-stacked-on-mobile\" style=\"grid-template-columns:30% auto\"><figure class=\"wp-block-media-text__media\"><img loading=\"lazy\" decoding=\"async\" width=\"1024\" height=\"767\" src=\"https:\/\/web.alfanet.ee\/~hiiepaik\/wp-content\/uploads\/2017\/11\/Kuvav\u00f5istlus_2017_v\u00f5itjad_1._peaauhind_MargusVilisoo_Kaali-1024x767.jpg\" alt=\"\" class=\"wp-image-3209 size-full\" srcset=\"https:\/\/web.alfanet.ee\/~hiiepaik\/wp-content\/uploads\/2017\/11\/Kuvav\u00f5istlus_2017_v\u00f5itjad_1._peaauhind_MargusVilisoo_Kaali-1024x767.jpg 1024w, https:\/\/web.alfanet.ee\/~hiiepaik\/wp-content\/uploads\/2017\/11\/Kuvav\u00f5istlus_2017_v\u00f5itjad_1._peaauhind_MargusVilisoo_Kaali-300x225.jpg 300w, https:\/\/web.alfanet.ee\/~hiiepaik\/wp-content\/uploads\/2017\/11\/Kuvav\u00f5istlus_2017_v\u00f5itjad_1._peaauhind_MargusVilisoo_Kaali-768x575.jpg 768w, https:\/\/web.alfanet.ee\/~hiiepaik\/wp-content\/uploads\/2017\/11\/Kuvav\u00f5istlus_2017_v\u00f5itjad_1._peaauhind_MargusVilisoo_Kaali-401x300.jpg 401w, https:\/\/web.alfanet.ee\/~hiiepaik\/wp-content\/uploads\/2017\/11\/Kuvav\u00f5istlus_2017_v\u00f5itjad_1._peaauhind_MargusVilisoo_Kaali.jpg 1068w\" sizes=\"auto, (max-width: 1024px) 100vw, 1024px\" \/><\/figure><div class=\"wp-block-media-text__content\">\n<div class=\"wp-block-buttons is-layout-flex wp-block-buttons-is-layout-flex\" style=\"padding-top:var(--wp--preset--spacing--40);padding-bottom:var(--wp--preset--spacing--40)\">\n<div class=\"wp-block-button is-style-secondary\"><a class=\"wp-block-button__link wp-element-button\" href=\"https:\/\/web.alfanet.ee\/~hiiepaik\/tegutse\/kuvavoistlus\/\">KUVAV\u00d5ISTLUS<\/a><\/div>\n<\/div>\n\n\n\n<p>Hiite kuvav\u00f5istlus, kuhu oodatakse fotosid hiitest ja teistest looduslikest p\u00fchapaikadest. V\u00f5istluse eesm\u00e4rk on v\u00e4\u00e4rtustada ajalooliste p\u00fchapaikade kultuuri- ja loodusp\u00e4randit, j\u00e4\u00e4dvustada nende hetkeseisund ning suunata inimesi p\u00fchapaiku k\u00fclastama ja hoidma.<\/p>\n<\/div><\/div>\n\n\n\n<hr class=\"wp-block-separator has-alpha-channel-opacity\"\/>\n\n\n\n<div class=\"wp-block-media-text is-stacked-on-mobile\" style=\"grid-template-columns:30% auto\"><figure class=\"wp-block-media-text__media\"><img loading=\"lazy\" decoding=\"async\" width=\"1024\" height=\"683\" src=\"https:\/\/web.alfanet.ee\/~hiiepaik\/wp-content\/uploads\/2019\/04\/TartuToome-ohvrikivi-1-1024x683.jpg\" alt=\"\" class=\"wp-image-3650 size-full\" srcset=\"https:\/\/web.alfanet.ee\/~hiiepaik\/wp-content\/uploads\/2019\/04\/TartuToome-ohvrikivi-1-1024x683.jpg 1024w, https:\/\/web.alfanet.ee\/~hiiepaik\/wp-content\/uploads\/2019\/04\/TartuToome-ohvrikivi-1-300x200.jpg 300w, https:\/\/web.alfanet.ee\/~hiiepaik\/wp-content\/uploads\/2019\/04\/TartuToome-ohvrikivi-1-768x512.jpg 768w, https:\/\/web.alfanet.ee\/~hiiepaik\/wp-content\/uploads\/2019\/04\/TartuToome-ohvrikivi-1-450x300.jpg 450w\" sizes=\"auto, (max-width: 1024px) 100vw, 1024px\" \/><\/figure><div class=\"wp-block-media-text__content\">\n<div class=\"wp-block-buttons is-layout-flex wp-block-buttons-is-layout-flex\" style=\"padding-top:var(--wp--preset--spacing--40);padding-bottom:var(--wp--preset--spacing--40)\">\n<div class=\"wp-block-button is-style-secondary\"><a class=\"wp-block-button__link wp-element-button\" href=\"https:\/\/web.alfanet.ee\/~hiiepaik\/tegutse\/toeta-paku-abi\/\">TOETA \/ PAKU ABI<\/a><\/div>\n<\/div>\n\n\n\n<p>Kui sa tunned, et tahaksid teha midagi \u00e4ra meie kultuurip\u00e4randi ja keskkonna heaks siis tule liitu meiega.<\/p>\n<\/div><\/div>\n\n\n\n<hr class=\"wp-block-separator has-alpha-channel-opacity\"\/>\n\n\n\n<div class=\"wp-block-media-text is-stacked-on-mobile\" style=\"grid-template-columns:30% auto\"><figure class=\"wp-block-media-text__media\"><img loading=\"lazy\" decoding=\"async\" width=\"1024\" height=\"678\" src=\"https:\/\/web.alfanet.ee\/~hiiepaik\/wp-content\/uploads\/2018\/04\/DSC_5584-1024x678.jpg\" alt=\"\" class=\"wp-image-3368 size-full\" srcset=\"https:\/\/web.alfanet.ee\/~hiiepaik\/wp-content\/uploads\/2018\/04\/DSC_5584-1024x678.jpg 1024w, https:\/\/web.alfanet.ee\/~hiiepaik\/wp-content\/uploads\/2018\/04\/DSC_5584-300x199.jpg 300w, https:\/\/web.alfanet.ee\/~hiiepaik\/wp-content\/uploads\/2018\/04\/DSC_5584-768x509.jpg 768w, https:\/\/web.alfanet.ee\/~hiiepaik\/wp-content\/uploads\/2018\/04\/DSC_5584-453x300.jpg 453w\" sizes=\"auto, (max-width: 1024px) 100vw, 1024px\" \/><\/figure><div class=\"wp-block-media-text__content\">\n<div class=\"wp-block-buttons is-layout-flex wp-block-buttons-is-layout-flex\" style=\"padding-top:var(--wp--preset--spacing--40);padding-bottom:var(--wp--preset--spacing--40)\">\n<div class=\"wp-block-button is-style-secondary\"><a class=\"wp-block-button__link wp-element-button\" href=\"https:\/\/web.alfanet.ee\/~hiiepaik\/tegutse\/teata-rikkumisest\/\">TEATA RIKKUMISEST<\/a><\/div>\n<\/div>\n\n\n\n<p>Kui n\u00e4ed \/ kuuled p\u00fchapaiga rikkumist v\u00f5i h\u00e4vitamist, siis palun kirjuta sellest meile.<\/p>\n<\/div><\/div>\n\n\n\n<hr class=\"wp-block-separator has-alpha-channel-opacity\"\/>\n\n\n\n<div class=\"wp-block-media-text is-stacked-on-mobile\" style=\"grid-template-columns:30% auto\"><figure class=\"wp-block-media-text__media\"><img loading=\"lazy\" decoding=\"async\" width=\"1024\" height=\"678\" src=\"https:\/\/web.alfanet.ee\/~hiiepaik\/wp-content\/uploads\/2018\/04\/DSC_5584-1024x678.jpg\" alt=\"\" class=\"wp-image-3368 size-full\" srcset=\"https:\/\/web.alfanet.ee\/~hiiepaik\/wp-content\/uploads\/2018\/04\/DSC_5584-1024x678.jpg 1024w, https:\/\/web.alfanet.ee\/~hiiepaik\/wp-content\/uploads\/2018\/04\/DSC_5584-300x199.jpg 300w, https:\/\/web.alfanet.ee\/~hiiepaik\/wp-content\/uploads\/2018\/04\/DSC_5584-768x509.jpg 768w, https:\/\/web.alfanet.ee\/~hiiepaik\/wp-content\/uploads\/2018\/04\/DSC_5584-453x300.jpg 453w\" sizes=\"auto, (max-width: 1024px) 100vw, 1024px\" \/><\/figure><div class=\"wp-block-media-text__content\">\n<div class=\"wp-block-buttons is-layout-flex wp-block-buttons-is-layout-flex\" style=\"padding-top:var(--wp--preset--spacing--40);padding-bottom:var(--wp--preset--spacing--40)\">\n<div class=\"wp-block-button is-style-secondary\"><a class=\"wp-block-button__link wp-element-button\" href=\"https:\/\/web.alfanet.ee\/~hiiepaik\/tegutse\/kusi-nou\/\">K\u00dcSI N\u00d5U<\/a><\/div>\n<\/div>\n\n\n\n<p>Kui sa ei leidnud meie kodulehelt vastust oma k\u00fcsimustele, siis kirjuta ja k\u00fcsi julgesti.<\/p>\n<\/div><\/div>\n\n\n\n<hr class=\"wp-block-separator has-alpha-channel-opacity\"\/>\n","protected":false},"excerpt":{"rendered":"","protected":false},"author":1,"featured_media":0,"parent":0,"menu_order":0,"comment_status":"closed","ping_status":"open","template":"","meta":{"neve_meta_sidebar":"","neve_meta_container":"","neve_meta_enable_content_width":"","neve_meta_content_width":0,"neve_meta_title_alignment":"","neve_meta_author_avatar":"","neve_post_elements_order":"","neve_meta_disable_header":"","neve_meta_disable_footer":"","neve_meta_disable_title":"","ngg_post_thumbnail":0,"footnotes":""},"class_list":["post-27","page","type-page","status-publish","hentry"],"yoast_head":"<!-- This site is optimized with the Yoast SEO plugin v26.7 - https:\/\/yoast.com\/wordpress\/plugins\/seo\/ -->\n<title>TEGUTSE -<\/title>\n<meta name=\"robots\" content=\"index, follow, max-snippet:-1, max-image-preview:large, max-video-preview:-1\" \/>\n<link rel=\"canonical\" href=\"https:\/\/web.alfanet.ee\/~hiiepaik\/tegutse\/\" \/>\n<meta property=\"og:locale\" content=\"et_EE\" \/>\n<meta property=\"og:type\" content=\"article\" \/>\n<meta property=\"og:title\" content=\"TEGUTSE -\" \/>\n<meta property=\"og:url\" content=\"https:\/\/web.alfanet.ee\/~hiiepaik\/tegutse\/\" \/>\n<meta property=\"article:publisher\" content=\"https:\/\/www.facebook.com\/hiiepaik\/\" \/>\n<meta property=\"article:modified_time\" content=\"2024-12-06T22:08:44+00:00\" \/>\n<meta property=\"og:image\" content=\"https:\/\/web.alfanet.ee\/~hiiepaik\/wp-content\/uploads\/2015\/05\/pilt2.jpg\" \/>\n\t<meta property=\"og:image:width\" content=\"800\" \/>\n\t<meta property=\"og:image:height\" content=\"531\" \/>\n\t<meta property=\"og:image:type\" content=\"image\/jpeg\" \/>\n<meta name=\"twitter:label1\" content=\"Est. reading time\" \/>\n\t<meta name=\"twitter:data1\" content=\"3 minutit\" \/>\n<script type=\"application\/ld+json\" class=\"yoast-schema-graph\">{\"@context\":\"https:\/\/schema.org\",\"@graph\":[{\"@type\":\"WebPage\",\"@id\":\"https:\/\/web.alfanet.ee\/~hiiepaik\/tegutse\/\",\"url\":\"https:\/\/web.alfanet.ee\/~hiiepaik\/tegutse\/\",\"name\":\"TEGUTSE -\",\"isPartOf\":{\"@id\":\"https:\/\/web.alfanet.ee\/~hiiepaik\/#website\"},\"primaryImageOfPage\":{\"@id\":\"https:\/\/web.alfanet.ee\/~hiiepaik\/tegutse\/#primaryimage\"},\"image\":{\"@id\":\"https:\/\/web.alfanet.ee\/~hiiepaik\/tegutse\/#primaryimage\"},\"thumbnailUrl\":\"https:\/\/web.alfanet.ee\/~hiiepaik\/wp-content\/uploads\/2015\/05\/pilt2.jpg\",\"datePublished\":\"2015-03-21T20:49:00+00:00\",\"dateModified\":\"2024-12-06T22:08:44+00:00\",\"breadcrumb\":{\"@id\":\"https:\/\/web.alfanet.ee\/~hiiepaik\/tegutse\/#breadcrumb\"},\"inLanguage\":\"et\",\"potentialAction\":[{\"@type\":\"ReadAction\",\"target\":[\"https:\/\/web.alfanet.ee\/~hiiepaik\/tegutse\/\"]}]},{\"@type\":\"ImageObject\",\"inLanguage\":\"et\",\"@id\":\"https:\/\/web.alfanet.ee\/~hiiepaik\/tegutse\/#primaryimage\",\"url\":\"https:\/\/web.alfanet.ee\/~hiiepaik\/wp-content\/uploads\/2015\/05\/pilt2.jpg\",\"contentUrl\":\"https:\/\/web.alfanet.ee\/~hiiepaik\/wp-content\/uploads\/2015\/05\/pilt2.jpg\",\"width\":800,\"height\":531,\"caption\":\"Hiienimelised ja hiielaadsed suuremad kogukondlikud p\u00fchapaigad esialgse arhiivit\u00f6\u00f6 p\u00f5hjal. Lisaks on andmeid enam kui 2000 \u00fcksiku p\u00fcha puu, kivi, allika jm ajaloolise loodusliku p\u00fchapaiga kohta\"},{\"@type\":\"BreadcrumbList\",\"@id\":\"https:\/\/web.alfanet.ee\/~hiiepaik\/tegutse\/#breadcrumb\",\"itemListElement\":[{\"@type\":\"ListItem\",\"position\":1,\"name\":\"Home\",\"item\":\"https:\/\/web.alfanet.ee\/~hiiepaik\/\"},{\"@type\":\"ListItem\",\"position\":2,\"name\":\"TEGUTSE\"}]},{\"@type\":\"WebSite\",\"@id\":\"https:\/\/web.alfanet.ee\/~hiiepaik\/#website\",\"url\":\"https:\/\/web.alfanet.ee\/~hiiepaik\/\",\"name\":\"Hiiepaik\",\"description\":\"\",\"potentialAction\":[{\"@type\":\"SearchAction\",\"target\":{\"@type\":\"EntryPoint\",\"urlTemplate\":\"https:\/\/web.alfanet.ee\/~hiiepaik\/?s={search_term_string}\"},\"query-input\":{\"@type\":\"PropertyValueSpecification\",\"valueRequired\":true,\"valueName\":\"search_term_string\"}}],\"inLanguage\":\"et\"}]}<\/script>\n<!-- \/ Yoast SEO plugin. -->","yoast_head_json":{"title":"TEGUTSE -","robots":{"index":"index","follow":"follow","max-snippet":"max-snippet:-1","max-image-preview":"max-image-preview:large","max-video-preview":"max-video-preview:-1"},"canonical":"https:\/\/web.alfanet.ee\/~hiiepaik\/tegutse\/","og_locale":"et_EE","og_type":"article","og_title":"TEGUTSE -","og_url":"https:\/\/web.alfanet.ee\/~hiiepaik\/tegutse\/","article_publisher":"https:\/\/www.facebook.com\/hiiepaik\/","article_modified_time":"2024-12-06T22:08:44+00:00","og_image":[{"width":800,"height":531,"url":"https:\/\/web.alfanet.ee\/~hiiepaik\/wp-content\/uploads\/2015\/05\/pilt2.jpg","type":"image\/jpeg"}],"twitter_misc":{"Est. reading time":"3 minutit"},"schema":{"@context":"https:\/\/schema.org","@graph":[{"@type":"WebPage","@id":"https:\/\/web.alfanet.ee\/~hiiepaik\/tegutse\/","url":"https:\/\/web.alfanet.ee\/~hiiepaik\/tegutse\/","name":"TEGUTSE -","isPartOf":{"@id":"https:\/\/web.alfanet.ee\/~hiiepaik\/#website"},"primaryImageOfPage":{"@id":"https:\/\/web.alfanet.ee\/~hiiepaik\/tegutse\/#primaryimage"},"image":{"@id":"https:\/\/web.alfanet.ee\/~hiiepaik\/tegutse\/#primaryimage"},"thumbnailUrl":"https:\/\/web.alfanet.ee\/~hiiepaik\/wp-content\/uploads\/2015\/05\/pilt2.jpg","datePublished":"2015-03-21T20:49:00+00:00","dateModified":"2024-12-06T22:08:44+00:00","breadcrumb":{"@id":"https:\/\/web.alfanet.ee\/~hiiepaik\/tegutse\/#breadcrumb"},"inLanguage":"et","potentialAction":[{"@type":"ReadAction","target":["https:\/\/web.alfanet.ee\/~hiiepaik\/tegutse\/"]}]},{"@type":"ImageObject","inLanguage":"et","@id":"https:\/\/web.alfanet.ee\/~hiiepaik\/tegutse\/#primaryimage","url":"https:\/\/web.alfanet.ee\/~hiiepaik\/wp-content\/uploads\/2015\/05\/pilt2.jpg","contentUrl":"https:\/\/web.alfanet.ee\/~hiiepaik\/wp-content\/uploads\/2015\/05\/pilt2.jpg","width":800,"height":531,"caption":"Hiienimelised ja hiielaadsed suuremad kogukondlikud p\u00fchapaigad esialgse arhiivit\u00f6\u00f6 p\u00f5hjal. Lisaks on andmeid enam kui 2000 \u00fcksiku p\u00fcha puu, kivi, allika jm ajaloolise loodusliku p\u00fchapaiga kohta"},{"@type":"BreadcrumbList","@id":"https:\/\/web.alfanet.ee\/~hiiepaik\/tegutse\/#breadcrumb","itemListElement":[{"@type":"ListItem","position":1,"name":"Home","item":"https:\/\/web.alfanet.ee\/~hiiepaik\/"},{"@type":"ListItem","position":2,"name":"TEGUTSE"}]},{"@type":"WebSite","@id":"https:\/\/web.alfanet.ee\/~hiiepaik\/#website","url":"https:\/\/web.alfanet.ee\/~hiiepaik\/","name":"Hiiepaik","description":"","potentialAction":[{"@type":"SearchAction","target":{"@type":"EntryPoint","urlTemplate":"https:\/\/web.alfanet.ee\/~hiiepaik\/?s={search_term_string}"},"query-input":{"@type":"PropertyValueSpecification","valueRequired":true,"valueName":"search_term_string"}}],"inLanguage":"et"}]}},"_links":{"self":[{"href":"https:\/\/web.alfanet.ee\/~hiiepaik\/wp-json\/wp\/v2\/pages\/27","targetHints":{"allow":["GET"]}}],"collection":[{"href":"https:\/\/web.alfanet.ee\/~hiiepaik\/wp-json\/wp\/v2\/pages"}],"about":[{"href":"https:\/\/web.alfanet.ee\/~hiiepaik\/wp-json\/wp\/v2\/types\/page"}],"author":[{"embeddable":true,"href":"https:\/\/web.alfanet.ee\/~hiiepaik\/wp-json\/wp\/v2\/users\/1"}],"replies":[{"embeddable":true,"href":"https:\/\/web.alfanet.ee\/~hiiepaik\/wp-json\/wp\/v2\/comments?post=27"}],"version-history":[{"count":3,"href":"https:\/\/web.alfanet.ee\/~hiiepaik\/wp-json\/wp\/v2\/pages\/27\/revisions"}],"predecessor-version":[{"id":4384,"href":"https:\/\/web.alfanet.ee\/~hiiepaik\/wp-json\/wp\/v2\/pages\/27\/revisions\/4384"}],"wp:attachment":[{"href":"https:\/\/web.alfanet.ee\/~hiiepaik\/wp-json\/wp\/v2\/media?parent=27"}],"curies":[{"name":"wp","href":"https:\/\/api.w.org\/{rel}","templated":true}]}}