{"id":23,"date":"2015-03-21T22:48:28","date_gmt":"2015-03-21T20:48:28","guid":{"rendered":"https:\/\/web.alfanet.ee\/~hiiepaik\/?page_id=23"},"modified":"2024-12-31T15:32:32","modified_gmt":"2024-12-31T13:32:32","slug":"loe","status":"publish","type":"page","link":"https:\/\/web.alfanet.ee\/~hiiepaik\/loe\/","title":{"rendered":"LOE"},"content":{"rendered":"\n<div class=\"wp-block-columns is-layout-flex wp-container-core-columns-is-layout-9d6595d7 wp-block-columns-is-layout-flex\">\n<div class=\"wp-block-column is-layout-flow wp-block-column-is-layout-flow\">\n<figure class=\"wp-block-image size-full\"><a href=\"https:\/\/web.alfanet.ee\/~hiiepaik\/loe\/uudised\/\"><img loading=\"lazy\" decoding=\"async\" width=\"960\" height=\"640\" src=\"https:\/\/web.alfanet.ee\/~hiiepaik\/wp-content\/uploads\/2015\/05\/11377172_354318004764251_6007986980332333040_n.jpg\" alt=\"11377172_354318004764251_6007986980332333040_n\" class=\"wp-image-2761\" style=\"aspect-ratio:4\/3;object-fit:cover\" srcset=\"https:\/\/web.alfanet.ee\/~hiiepaik\/wp-content\/uploads\/2015\/05\/11377172_354318004764251_6007986980332333040_n.jpg 960w, https:\/\/web.alfanet.ee\/~hiiepaik\/wp-content\/uploads\/2015\/05\/11377172_354318004764251_6007986980332333040_n-300x200.jpg 300w, https:\/\/web.alfanet.ee\/~hiiepaik\/wp-content\/uploads\/2015\/05\/11377172_354318004764251_6007986980332333040_n-450x300.jpg 450w\" sizes=\"auto, (max-width: 960px) 100vw, 960px\" \/><\/a><\/figure>\n\n\n\n<h2 class=\"wp-block-heading\">UUDISED<\/h2>\n\n\n\n<p>Uudised, teated ja toimunud s\u00fcndmused.<\/p>\n\n\n\n<div class=\"wp-block-buttons is-layout-flex wp-block-buttons-is-layout-flex\">\n<div class=\"wp-block-button is-style-secondary\"><a class=\"wp-block-button__link wp-element-button\" href=\"https:\/\/web.alfanet.ee\/~hiiepaik\/loe\/uudised\/\">Loe edasi &#8230;<\/a><\/div>\n<\/div>\n<\/div>\n\n\n\n<div class=\"wp-block-column is-layout-flow wp-block-column-is-layout-flow\">\n<figure class=\"wp-block-image size-full\"><img loading=\"lazy\" decoding=\"async\" width=\"3072\" height=\"2304\" src=\"https:\/\/web.alfanet.ee\/~hiiepaik\/wp-content\/uploads\/2015\/08\/Lehiste-jt-puude-v\u00f5rade-ring-Lilli-Hiiem\u00e4el.jpg\" alt=\"\" class=\"wp-image-3036\" style=\"aspect-ratio:4\/3;object-fit:cover\" srcset=\"https:\/\/web.alfanet.ee\/~hiiepaik\/wp-content\/uploads\/2015\/08\/Lehiste-jt-puude-v\u00f5rade-ring-Lilli-Hiiem\u00e4el.jpg 3072w, https:\/\/web.alfanet.ee\/~hiiepaik\/wp-content\/uploads\/2015\/08\/Lehiste-jt-puude-v\u00f5rade-ring-Lilli-Hiiem\u00e4el-300x225.jpg 300w, https:\/\/web.alfanet.ee\/~hiiepaik\/wp-content\/uploads\/2015\/08\/Lehiste-jt-puude-v\u00f5rade-ring-Lilli-Hiiem\u00e4el-1024x768.jpg 1024w, https:\/\/web.alfanet.ee\/~hiiepaik\/wp-content\/uploads\/2015\/08\/Lehiste-jt-puude-v\u00f5rade-ring-Lilli-Hiiem\u00e4el-400x300.jpg 400w\" sizes=\"auto, (max-width: 3072px) 100vw, 3072px\" \/><\/figure>\n\n\n\n<h2 class=\"wp-block-heading\">ARTIKLID<\/h2>\n\n\n\n<p>Hiitest ja p\u00fchapaikadest ilmunud lood ja artiklid.<\/p>\n\n\n\n<div class=\"wp-block-buttons is-layout-flex wp-block-buttons-is-layout-flex\">\n<div class=\"wp-block-button is-style-secondary\"><a class=\"wp-block-button__link wp-element-button\" href=\"https:\/\/web.alfanet.ee\/~hiiepaik\/loe\/artiklid\/\">Loe edasi &#8230;<\/a><\/div>\n<\/div>\n<\/div>\n<\/div>\n\n\n\n<div class=\"wp-block-columns is-layout-flex wp-container-core-columns-is-layout-9d6595d7 wp-block-columns-is-layout-flex\">\n<div class=\"wp-block-column is-layout-flow wp-block-column-is-layout-flow\">\n<figure class=\"wp-block-image size-full\"><a href=\"https:\/\/web.alfanet.ee\/~hiiepaik\/loe\/puhapaik-mis-see-on\/\"><img loading=\"lazy\" decoding=\"async\" width=\"499\" height=\"350\" src=\"https:\/\/web.alfanet.ee\/~hiiepaik\/wp-content\/uploads\/2015\/04\/T\u00f5rma-hiis-L\u00e4\u00e4ne-Virumaal-Rakvere-kihelkonnas-e1431614752414.jpg\" alt=\"\" class=\"wp-image-1923\" style=\"aspect-ratio:4\/3;object-fit:cover\"\/><\/a><\/figure>\n\n\n\n<h2 class=\"wp-block-heading\">LOODUSLIK P\u00dcHAPAIK \u2013 MIS SEE ON?<\/h2>\n\n\n\n<p>Looduslikud p\u00fchapaigad on inimkonna vanimad kaitsealad (IUCN). Kuidas neid \u00e4ra tunda?<\/p>\n\n\n\n<div class=\"wp-block-buttons is-layout-flex wp-block-buttons-is-layout-flex\">\n<div class=\"wp-block-button is-style-secondary\"><a class=\"wp-block-button__link wp-element-button\" href=\"https:\/\/web.alfanet.ee\/~hiiepaik\/loe\/puhapaik-mis-see-on\/\">Loe edasi &#8230;<\/a><\/div>\n<\/div>\n<\/div>\n\n\n\n<div class=\"wp-block-column is-layout-flow wp-block-column-is-layout-flow\">\n<figure class=\"wp-block-image size-full\"><a href=\"https:\/\/web.alfanet.ee\/~hiiepaik\/loe\/kkk\/\"><img loading=\"lazy\" decoding=\"async\" width=\"1920\" height=\"1280\" src=\"https:\/\/web.alfanet.ee\/~hiiepaik\/wp-content\/uploads\/2019\/04\/characters-1018672_1920.jpg\" alt=\"\" class=\"wp-image-3702\" style=\"aspect-ratio:4\/3;object-fit:cover\" srcset=\"https:\/\/web.alfanet.ee\/~hiiepaik\/wp-content\/uploads\/2019\/04\/characters-1018672_1920.jpg 1920w, https:\/\/web.alfanet.ee\/~hiiepaik\/wp-content\/uploads\/2019\/04\/characters-1018672_1920-300x200.jpg 300w, https:\/\/web.alfanet.ee\/~hiiepaik\/wp-content\/uploads\/2019\/04\/characters-1018672_1920-768x512.jpg 768w, https:\/\/web.alfanet.ee\/~hiiepaik\/wp-content\/uploads\/2019\/04\/characters-1018672_1920-1024x683.jpg 1024w, https:\/\/web.alfanet.ee\/~hiiepaik\/wp-content\/uploads\/2019\/04\/characters-1018672_1920-450x300.jpg 450w\" sizes=\"auto, (max-width: 1920px) 100vw, 1920px\" \/><\/a><\/figure>\n\n\n\n<h2 class=\"wp-block-heading\">KKK<\/h2>\n\n\n\n<p>K\u00fcsimused, mis kipuvad korduma. Siit leiad ehk vastused tekkinud k\u00fcsimustele.<\/p>\n\n\n\n<div class=\"wp-block-buttons is-layout-flex wp-block-buttons-is-layout-flex\">\n<div class=\"wp-block-button is-style-secondary\"><a class=\"wp-block-button__link wp-element-button\" href=\"https:\/\/hiiephttps:\/\/web.alfanet.ee\/~hiiepaik\/loe\/kkk\/\">Loe edasi &#8230;<\/a><\/div>\n<\/div>\n<\/div>\n<\/div>\n\n\n\n<p><\/p>\n","protected":false},"excerpt":{"rendered":"<p>UUDISED Uudised, teated ja toimunud s\u00fcndmused. ARTIKLID Hiitest ja p\u00fchapaikadest ilmunud lood ja artiklid. LOODUSLIK P\u00dcHAPAIK \u2013 MIS SEE ON? Looduslikud p\u00fchapaigad on inimkonna vanimad kaitsealad (IUCN). Kuidas neid \u00e4ra tunda? KKK K\u00fcsimused, mis kipuvad korduma. Siit leiad ehk vastused tekkinud k\u00fcsimustele.<\/p>\n","protected":false},"author":4,"featured_media":0,"parent":0,"menu_order":0,"comment_status":"closed","ping_status":"open","template":"","meta":{"neve_meta_sidebar":"","neve_meta_container":"","neve_meta_enable_content_width":"","neve_meta_content_width":0,"neve_meta_title_alignment":"","neve_meta_author_avatar":"","neve_post_elements_order":"","neve_meta_disable_header":"","neve_meta_disable_footer":"","neve_meta_disable_title":"","ngg_post_thumbnail":0,"footnotes":""},"class_list":["post-23","page","type-page","status-publish","hentry"],"yoast_head":"<!-- This site is optimized with the Yoast SEO plugin v26.7 - https:\/\/yoast.com\/wordpress\/plugins\/seo\/ -->\n<title>LOE -<\/title>\n<meta name=\"robots\" content=\"index, follow, max-snippet:-1, max-image-preview:large, max-video-preview:-1\" \/>\n<link rel=\"canonical\" href=\"https:\/\/web.alfanet.ee\/~hiiepaik\/loe\/\" \/>\n<meta property=\"og:locale\" content=\"et_EE\" \/>\n<meta property=\"og:type\" content=\"article\" \/>\n<meta property=\"og:title\" content=\"LOE -\" \/>\n<meta property=\"og:description\" content=\"UUDISED Uudised, teated ja toimunud s\u00fcndmused. ARTIKLID Hiitest ja p\u00fchapaikadest ilmunud lood ja artiklid. LOODUSLIK P\u00dcHAPAIK \u2013 MIS SEE ON? Looduslikud p\u00fchapaigad on inimkonna vanimad kaitsealad (IUCN). Kuidas neid \u00e4ra tunda? KKK K\u00fcsimused, mis kipuvad korduma. Siit leiad ehk vastused tekkinud k\u00fcsimustele.\" \/>\n<meta property=\"og:url\" content=\"https:\/\/web.alfanet.ee\/~hiiepaik\/loe\/\" \/>\n<meta property=\"article:publisher\" content=\"https:\/\/www.facebook.com\/hiiepaik\/\" \/>\n<meta property=\"article:modified_time\" content=\"2024-12-31T13:32:32+00:00\" \/>\n<meta property=\"og:image\" content=\"https:\/\/web.alfanet.ee\/~hiiepaik\/wp-content\/uploads\/2015\/05\/11377172_354318004764251_6007986980332333040_n.jpg\" \/>\n\t<meta property=\"og:image:width\" content=\"960\" \/>\n\t<meta property=\"og:image:height\" content=\"640\" \/>\n\t<meta property=\"og:image:type\" content=\"image\/jpeg\" \/>\n<meta name=\"twitter:label1\" content=\"Est. reading time\" \/>\n\t<meta name=\"twitter:data1\" content=\"2 minutit\" \/>\n<script type=\"application\/ld+json\" class=\"yoast-schema-graph\">{\"@context\":\"https:\/\/schema.org\",\"@graph\":[{\"@type\":\"WebPage\",\"@id\":\"https:\/\/web.alfanet.ee\/~hiiepaik\/loe\/\",\"url\":\"https:\/\/web.alfanet.ee\/~hiiepaik\/loe\/\",\"name\":\"LOE -\",\"isPartOf\":{\"@id\":\"https:\/\/web.alfanet.ee\/~hiiepaik\/#website\"},\"primaryImageOfPage\":{\"@id\":\"https:\/\/web.alfanet.ee\/~hiiepaik\/loe\/#primaryimage\"},\"image\":{\"@id\":\"https:\/\/web.alfanet.ee\/~hiiepaik\/loe\/#primaryimage\"},\"thumbnailUrl\":\"https:\/\/web.alfanet.ee\/~hiiepaik\/wp-content\/uploads\/2015\/05\/11377172_354318004764251_6007986980332333040_n.jpg\",\"datePublished\":\"2015-03-21T20:48:28+00:00\",\"dateModified\":\"2024-12-31T13:32:32+00:00\",\"breadcrumb\":{\"@id\":\"https:\/\/web.alfanet.ee\/~hiiepaik\/loe\/#breadcrumb\"},\"inLanguage\":\"et\",\"potentialAction\":[{\"@type\":\"ReadAction\",\"target\":[\"https:\/\/web.alfanet.ee\/~hiiepaik\/loe\/\"]}]},{\"@type\":\"ImageObject\",\"inLanguage\":\"et\",\"@id\":\"https:\/\/web.alfanet.ee\/~hiiepaik\/loe\/#primaryimage\",\"url\":\"https:\/\/web.alfanet.ee\/~hiiepaik\/wp-content\/uploads\/2015\/05\/11377172_354318004764251_6007986980332333040_n.jpg\",\"contentUrl\":\"https:\/\/web.alfanet.ee\/~hiiepaik\/wp-content\/uploads\/2015\/05\/11377172_354318004764251_6007986980332333040_n.jpg\",\"width\":960,\"height\":640,\"caption\":\"Suvisted Tammealusel\"},{\"@type\":\"BreadcrumbList\",\"@id\":\"https:\/\/web.alfanet.ee\/~hiiepaik\/loe\/#breadcrumb\",\"itemListElement\":[{\"@type\":\"ListItem\",\"position\":1,\"name\":\"Home\",\"item\":\"https:\/\/web.alfanet.ee\/~hiiepaik\/\"},{\"@type\":\"ListItem\",\"position\":2,\"name\":\"LOE\"}]},{\"@type\":\"WebSite\",\"@id\":\"https:\/\/web.alfanet.ee\/~hiiepaik\/#website\",\"url\":\"https:\/\/web.alfanet.ee\/~hiiepaik\/\",\"name\":\"Hiiepaik\",\"description\":\"\",\"potentialAction\":[{\"@type\":\"SearchAction\",\"target\":{\"@type\":\"EntryPoint\",\"urlTemplate\":\"https:\/\/web.alfanet.ee\/~hiiepaik\/?s={search_term_string}\"},\"query-input\":{\"@type\":\"PropertyValueSpecification\",\"valueRequired\":true,\"valueName\":\"search_term_string\"}}],\"inLanguage\":\"et\"}]}<\/script>\n<!-- \/ Yoast SEO plugin. -->","yoast_head_json":{"title":"LOE -","robots":{"index":"index","follow":"follow","max-snippet":"max-snippet:-1","max-image-preview":"max-image-preview:large","max-video-preview":"max-video-preview:-1"},"canonical":"https:\/\/web.alfanet.ee\/~hiiepaik\/loe\/","og_locale":"et_EE","og_type":"article","og_title":"LOE -","og_description":"UUDISED Uudised, teated ja toimunud s\u00fcndmused. ARTIKLID Hiitest ja p\u00fchapaikadest ilmunud lood ja artiklid. LOODUSLIK P\u00dcHAPAIK \u2013 MIS SEE ON? Looduslikud p\u00fchapaigad on inimkonna vanimad kaitsealad (IUCN). Kuidas neid \u00e4ra tunda? KKK K\u00fcsimused, mis kipuvad korduma. Siit leiad ehk vastused tekkinud k\u00fcsimustele.","og_url":"https:\/\/web.alfanet.ee\/~hiiepaik\/loe\/","article_publisher":"https:\/\/www.facebook.com\/hiiepaik\/","article_modified_time":"2024-12-31T13:32:32+00:00","og_image":[{"width":960,"height":640,"url":"https:\/\/web.alfanet.ee\/~hiiepaik\/wp-content\/uploads\/2015\/05\/11377172_354318004764251_6007986980332333040_n.jpg","type":"image\/jpeg"}],"twitter_misc":{"Est. reading time":"2 minutit"},"schema":{"@context":"https:\/\/schema.org","@graph":[{"@type":"WebPage","@id":"https:\/\/web.alfanet.ee\/~hiiepaik\/loe\/","url":"https:\/\/web.alfanet.ee\/~hiiepaik\/loe\/","name":"LOE -","isPartOf":{"@id":"https:\/\/web.alfanet.ee\/~hiiepaik\/#website"},"primaryImageOfPage":{"@id":"https:\/\/web.alfanet.ee\/~hiiepaik\/loe\/#primaryimage"},"image":{"@id":"https:\/\/web.alfanet.ee\/~hiiepaik\/loe\/#primaryimage"},"thumbnailUrl":"https:\/\/web.alfanet.ee\/~hiiepaik\/wp-content\/uploads\/2015\/05\/11377172_354318004764251_6007986980332333040_n.jpg","datePublished":"2015-03-21T20:48:28+00:00","dateModified":"2024-12-31T13:32:32+00:00","breadcrumb":{"@id":"https:\/\/web.alfanet.ee\/~hiiepaik\/loe\/#breadcrumb"},"inLanguage":"et","potentialAction":[{"@type":"ReadAction","target":["https:\/\/web.alfanet.ee\/~hiiepaik\/loe\/"]}]},{"@type":"ImageObject","inLanguage":"et","@id":"https:\/\/web.alfanet.ee\/~hiiepaik\/loe\/#primaryimage","url":"https:\/\/web.alfanet.ee\/~hiiepaik\/wp-content\/uploads\/2015\/05\/11377172_354318004764251_6007986980332333040_n.jpg","contentUrl":"https:\/\/web.alfanet.ee\/~hiiepaik\/wp-content\/uploads\/2015\/05\/11377172_354318004764251_6007986980332333040_n.jpg","width":960,"height":640,"caption":"Suvisted Tammealusel"},{"@type":"BreadcrumbList","@id":"https:\/\/web.alfanet.ee\/~hiiepaik\/loe\/#breadcrumb","itemListElement":[{"@type":"ListItem","position":1,"name":"Home","item":"https:\/\/web.alfanet.ee\/~hiiepaik\/"},{"@type":"ListItem","position":2,"name":"LOE"}]},{"@type":"WebSite","@id":"https:\/\/web.alfanet.ee\/~hiiepaik\/#website","url":"https:\/\/web.alfanet.ee\/~hiiepaik\/","name":"Hiiepaik","description":"","potentialAction":[{"@type":"SearchAction","target":{"@type":"EntryPoint","urlTemplate":"https:\/\/web.alfanet.ee\/~hiiepaik\/?s={search_term_string}"},"query-input":{"@type":"PropertyValueSpecification","valueRequired":true,"valueName":"search_term_string"}}],"inLanguage":"et"}]}},"_links":{"self":[{"href":"https:\/\/web.alfanet.ee\/~hiiepaik\/wp-json\/wp\/v2\/pages\/23","targetHints":{"allow":["GET"]}}],"collection":[{"href":"https:\/\/web.alfanet.ee\/~hiiepaik\/wp-json\/wp\/v2\/pages"}],"about":[{"href":"https:\/\/web.alfanet.ee\/~hiiepaik\/wp-json\/wp\/v2\/types\/page"}],"author":[{"embeddable":true,"href":"https:\/\/web.alfanet.ee\/~hiiepaik\/wp-json\/wp\/v2\/users\/4"}],"replies":[{"embeddable":true,"href":"https:\/\/web.alfanet.ee\/~hiiepaik\/wp-json\/wp\/v2\/comments?post=23"}],"version-history":[{"count":4,"href":"https:\/\/web.alfanet.ee\/~hiiepaik\/wp-json\/wp\/v2\/pages\/23\/revisions"}],"predecessor-version":[{"id":4453,"href":"https:\/\/web.alfanet.ee\/~hiiepaik\/wp-json\/wp\/v2\/pages\/23\/revisions\/4453"}],"wp:attachment":[{"href":"https:\/\/web.alfanet.ee\/~hiiepaik\/wp-json\/wp\/v2\/media?parent=23"}],"curies":[{"name":"wp","href":"https:\/\/api.w.org\/{rel}","templated":true}]}}