{"id":201,"date":"2015-03-23T00:17:42","date_gmt":"2015-03-22T22:17:42","guid":{"rendered":"https:\/\/web.alfanet.ee\/~hiiepaik\/?page_id=201"},"modified":"2015-03-23T00:17:42","modified_gmt":"2015-03-22T22:17:42","slug":"kaardistamise-kusimustik","status":"publish","type":"page","link":"https:\/\/web.alfanet.ee\/~hiiepaik\/about\/kaardistamise-kusimustik\/","title":{"rendered":"Kaardistamise k\u00fcsimustik"},"content":{"rendered":"<div id=\"vfb-form-2\" class=\"visual-form-builder-container\"><form id=\"puhapaikade-kaardistamise-esmane-kusimustik-2\" class=\"visual-form-builder vfb-form-2 \" method=\"post\" enctype=\"multipart\/form-data\">\n\t  \t<input type=\"hidden\" name=\"form_id\" value=\"2\" \/><fieldset class=\"vfb-fieldset vfb-fieldset-1 teabe-vahendaja-andmed \" id=\"item-vfb-25\"><div class=\"vfb-legend\"><h3>Teabe vahendaja andmed<\/h3><\/div><ul class=\"vfb-section vfb-section-1\"><li class=\"vfb-item vfb-item-text  \" id=\"item-vfb-29\"><label for=\"vfb-29\" class=\"vfb-desc\">Nimi  <span class=\"vfb-required-asterisk\">*<\/span><\/label><input type=\"text\" name=\"vfb-29\" id=\"vfb-29\" value=\"\" class=\"vfb-text  vfb-medium  required  \" \/><\/li><li class=\"vfb-item vfb-item-text  \" id=\"item-vfb-30\"><label for=\"vfb-30\" class=\"vfb-desc\">Vanus  <span class=\"vfb-required-asterisk\">*<\/span><\/label><input type=\"text\" name=\"vfb-30\" id=\"vfb-30\" value=\"\" class=\"vfb-text  vfb-medium  required  number \" \/><\/li><li class=\"vfb-item vfb-item-text  \" id=\"item-vfb-32\"><label for=\"vfb-32\" class=\"vfb-desc\">Elukoht  <span class=\"vfb-required-asterisk\">*<\/span><\/label><span class=\"vfb-span\"><input type=\"text\" name=\"vfb-32\" id=\"vfb-32\" value=\"\" class=\"vfb-text  vfb-large  required  \" \/><label>T\u00e4nav, maja, linn, maakond, postiindeks<\/label><\/span><\/li><li class=\"vfb-item vfb-item-phone  \" id=\"item-vfb-33\"><label for=\"vfb-33\" class=\"vfb-desc\">Telefon  <span class=\"vfb-required-asterisk\">*<\/span><\/label><input type=\"tel\" name=\"vfb-33\" id=\"vfb-33\" value=\"372\" class=\"vfb-text  vfb-medium  required  phone \" \/><\/li><li class=\"vfb-item vfb-item-email  \" id=\"item-vfb-34\"><label for=\"vfb-34\" class=\"vfb-desc\">Email  <span class=\"vfb-required-asterisk\">*<\/span><\/label><input type=\"email\" name=\"vfb-34\" id=\"vfb-34\" value=\"\" class=\"vfb-text  vfb-medium  required  email \" \/><\/li><\/ul>&nbsp;<\/fieldset><fieldset class=\"vfb-fieldset vfb-fieldset-2 kusimustik \" id=\"item-vfb-39\"><div class=\"vfb-legend\"><h3>K\u00fcsimustik<\/h3><\/div><ul class=\"vfb-section vfb-section-2\"><li class=\"vfb-item vfb-item-textarea  \" id=\"item-vfb-36\"><label for=\"vfb-36\" class=\"vfb-desc\">Kas sinu kodukohas oli\/on m\u00f5ni looduslik p\u00fchapaik \u2013 hiis, p\u00fcha allikas, ohvrikivi, p\u00fcha puu, ristipuu jms? <\/label><div><textarea name=\"vfb-36\" id=\"vfb-36\" class=\"vfb-textarea  vfb-small  \"><\/textarea><\/div><\/li><li class=\"vfb-item vfb-item-textarea  \" id=\"item-vfb-38\"><label for=\"vfb-38\" class=\"vfb-desc\">Kuidas seda nimetatakse? (\u00dchel paigal v\u00f5ib olla mitu erinevat nimetust ja kirjaviisi. Kui nime polegi, siis tuleb selles punktis t\u00f5mmata kriips.) <\/label><div><textarea name=\"vfb-38\" id=\"vfb-38\" class=\"vfb-textarea  vfb-small  \"><\/textarea><\/div><\/li><li class=\"vfb-item vfb-item-textarea  \" id=\"item-vfb-40\"><label for=\"vfb-40\" class=\"vfb-desc\">Kuidas see v\u00e4lja n\u00e4eb? (v\u00f5imalusel anda t\u00e4pne kirjeldus p\u00fchapaiga v\u00e4limuse ja m\u00f5\u00f5tude kohta) <\/label><div><textarea name=\"vfb-40\" id=\"vfb-40\" class=\"vfb-textarea  vfb-medium  \"><\/textarea><\/div><\/li><li class=\"vfb-item vfb-item-textarea  \" id=\"item-vfb-41\"><label for=\"vfb-41\" class=\"vfb-desc\">Kus see t\u00e4psemalt asub ? (maakond, vald, k\u00fcla talu ning t\u00e4psem asukohakirjeldus) <\/label><div><textarea name=\"vfb-41\" id=\"vfb-41\" class=\"vfb-textarea  vfb-small  \"><\/textarea><\/div><\/li><li class=\"vfb-item vfb-item-textarea  \" id=\"item-vfb-42\"><label for=\"vfb-42\" class=\"vfb-desc\">Millised suuremad p\u00fcsivad loodusobjektid ja rajatised selle l\u00e4hikonnas asuvad, mis suunas ja kui kaugel? <\/label><div><textarea name=\"vfb-42\" id=\"vfb-42\" class=\"vfb-textarea  vfb-small  \"><\/textarea><\/div><\/li><li class=\"vfb-item vfb-item-textarea  \" id=\"item-vfb-43\"><label for=\"vfb-43\" class=\"vfb-desc\">Mida on p\u00fchapaigas  tehtud? <\/label><div><textarea name=\"vfb-43\" id=\"vfb-43\" class=\"vfb-textarea  vfb-small  \"><\/textarea><\/div><\/li><li class=\"vfb-item vfb-item-textarea  \" id=\"item-vfb-44\"><label for=\"vfb-44\" class=\"vfb-desc\">Mis seal aegade jooksul juhtunud on? <\/label><div><textarea name=\"vfb-44\" id=\"vfb-44\" class=\"vfb-textarea  vfb-medium  \"><\/textarea><\/div><\/li><li class=\"vfb-item vfb-item-textarea  \" id=\"item-vfb-45\"><label for=\"vfb-45\" class=\"vfb-desc\">Milliseid p\u00e4rimusi ja lugusid veel selle kohta k\u00f5neldud on? <\/label><div><textarea name=\"vfb-45\" id=\"vfb-45\" class=\"vfb-textarea  vfb-medium  \"><\/textarea><\/div><\/li><li class=\"vfb-item vfb-item-textarea  \" id=\"item-vfb-46\"><label for=\"vfb-46\" class=\"vfb-desc\">Kas p\u00fchapaiga kohta meenub veel midagi? <\/label><div><textarea name=\"vfb-46\" id=\"vfb-46\" class=\"vfb-textarea  vfb-small  \"><\/textarea><\/div><\/li><li class=\"vfb-item vfb-item-textarea  \" id=\"item-vfb-47\"><label for=\"vfb-47\" class=\"vfb-desc\">Kellelt ja millal sa p\u00fchapaiga kohta kuulsid?  (nimi, vanus, elukoht, v\u00f5imalusel telefon ja e-aadress) <\/label><div><textarea name=\"vfb-47\" id=\"vfb-47\" class=\"vfb-textarea  vfb-small  \"><\/textarea><\/div><\/li><li class=\"vfb-item vfb-item-textarea  \" id=\"item-vfb-49\"><label for=\"vfb-49\" class=\"vfb-desc\">Kas tahad midagi lisada? <\/label><div><textarea name=\"vfb-49\" id=\"vfb-49\" class=\"vfb-textarea  vfb-small  \"><\/textarea><\/div><\/li><li class=\"vfb-item vfb-item-textarea  \" id=\"item-vfb-50\"><label for=\"vfb-50\" class=\"vfb-desc\">K\u00fcsitlemise viis (vahetu, telefon, e-kiri)  <span class=\"vfb-required-asterisk\">*<\/span><\/label><div><textarea name=\"vfb-50\" id=\"vfb-50\" class=\"vfb-textarea  vfb-small  required \"><\/textarea><\/div><\/li><li class=\"vfb-item vfb-item-date  \" id=\"item-vfb-51\"><label for=\"vfb-51\" class=\"vfb-desc\">K\u00fcsimustiku t\u00e4itmise aeg (p\u00e4ev, kuu aasta)  <span class=\"vfb-required-asterisk\">*<\/span><\/label><input type=\"text\" name=\"vfb-51\" id=\"vfb-51\" value=\"\" class=\"vfb-text vfb-date-picker  vfb-medium  required \" data-dp-dateFormat=\"mm\/dd\/yy\" \/><\/li><li class=\"vfb-item vfb-item-instructions  \" id=\"item-vfb-52\"><label class=\"vfb-desc\">Iga p\u00fchapaiga kohta tuleb t\u00e4ita eraldi k\u00fcsimustik. Juhul, kui \u00fcks inimene k\u00f5neleb mitmest p\u00fchapaigast, tuleb iga paiga kohta t\u00e4ita eralid k\u00fcsimustik.   K\u00fcsimustik t\u00e4idetakse teabe andja \u00fctluste p\u00f5hjal v\u00f5imalikult t\u00e4pselt. Kui teavet  vahendab keegi teine <\/label><\/li><\/ul>&nbsp;<\/fieldset><fieldset class=\"vfb-fieldset vfb-fieldset-3 failide-saatmine-votab-aega-ara-sulge-akent-enne-kui-oled-saanud-peale-nupule-saada-vajutamist-kinnitava-teate \" id=\"item-vfb-69\"><div class=\"vfb-legend\"><h3>Failide saatmine v\u00f5tab aega, \u00e4ra sulge akent enne kui oled saanud peale nupule SAADA vajutamist kinnitava teate!<\/h3><\/div><ul class=\"vfb-section vfb-section-3\"><li class=\"vfb-item vfb-item-file-upload  \" id=\"item-vfb-63\"><label for=\"vfb-63\" class=\"vfb-desc\">Faili, foto, video, helisalvestise \u00fcleslaadimine <\/label><span class=\"vfb-span\"><input type=\"file\" name=\"vfb-63\" id=\"vfb-63\" value=\"\" class=\"vfb-text  vfb-medium     {accept:'png|jpeg|jpg|gif|mp3|mp4|wma|wav|mov|pdf|mpeg|doc|m4a|avi|'}\" \/><label>\u00dcleslaadimine toetab j\u00e4rgmiseid formaate: png|jpeg|jpg|gif|mp3|mp4|wma|wav|mov|pdf|mpeg|doc|m4a|avi|<\/label><\/span><\/li><li class=\"vfb-item vfb-item-file-upload  \" id=\"item-vfb-64\"><label for=\"vfb-64\" class=\"vfb-desc\">Faili, foto, video, helisalvestise \u00fcleslaadimine <\/label><span class=\"vfb-span\"><input type=\"file\" name=\"vfb-64\" id=\"vfb-64\" value=\"\" class=\"vfb-text  vfb-medium     {accept:'png|jpeg|jpg|gif|mp3|mp4|wma|wav|mov|pdf|mpeg|doc|m4a|avi|'}\" \/><label>\u00dcleslaadimine toetab j\u00e4rgmisi formaate: png|jpeg|jpg|gif|mp3|mp4|wma|wav|mov|pdf|mpeg|doc|m4a|avi|<\/label><\/span><\/li><li class=\"vfb-item vfb-item-file-upload  \" id=\"item-vfb-65\"><label for=\"vfb-65\" class=\"vfb-desc\">Faili, foto, video, helisalvestise \u00fcleslaadimine <\/label><span class=\"vfb-span\"><input type=\"file\" name=\"vfb-65\" id=\"vfb-65\" value=\"\" class=\"vfb-text  vfb-medium     {accept:'png|jpeg|jpg|gif|mp3|mp4|wma|wav|mov|pdf|mpeg|doc|m4a|avi|'}\" \/><label>\u00dcleslaadimine toetab j\u00e4rgmisi formaate: png|jpeg|jpg|gif|mp3|mp4|wma|wav|mov|pdf|mpeg|doc|m4a|avi|<\/label><\/span><\/li><li class=\"vfb-item vfb-item-file-upload  \" id=\"item-vfb-66\"><label for=\"vfb-66\" class=\"vfb-desc\">Faili, foto, video, helisalvestise \u00fcleslaadimine <\/label><span class=\"vfb-span\"><input type=\"file\" name=\"vfb-66\" id=\"vfb-66\" value=\"\" class=\"vfb-text  vfb-medium     {accept:'png|jpeg|jpg|gif|mp3|mp4|wma|wav|mov|pdf|mpeg|doc|m4a|avi|'}\" \/><label>\u00dcleslaadimine toetab j\u00e4rgmisi formaate: png|jpeg|jpg|gif|mp3|mp4|wma|wav|mov|pdf|mpeg|doc|m4a|avi|<\/label><\/span><\/li><li class=\"vfb-item vfb-item-file-upload  \" id=\"item-vfb-67\"><label for=\"vfb-67\" class=\"vfb-desc\">Faili, foto, video, helisalvestise \u00fcleslaadimine <\/label><span class=\"vfb-span\"><input type=\"file\" name=\"vfb-67\" id=\"vfb-67\" value=\"\" class=\"vfb-text  vfb-medium     {accept:'png|jpeg|jpg|gif|mp3|mp4|wma|wav|mov|pdf|mpeg|doc|m4a|avi|'}\" \/><label>\u00dcleslaadimine toetab j\u00e4rgmisi formaate: png|jpeg|jpg|gif|mp3|mp4|wma|wav|mov|pdf|mpeg|doc|m4a|avi|<\/label><\/span><\/li><\/ul>&nbsp;<\/fieldset><fieldset class=\"vfb-fieldset vfb-fieldset-4 kinnitamine \" id=\"item-vfb-26\" style=\"display:block\"><div class=\"vfb-legend\"><h3>Kinnitamine<\/h3><\/div><ul class=\"vfb-section vfb-section-4\"><li class=\"vfb-item vfb-item-secret\"  style=\"display:block\"><label for=\"vfb-27\" class=\"vfb-desc\">Palun sisesta \u00fcksk\u00f5ik millised kaks numbrit <span class=\"vfb-required-asterisk\">*<\/span><\/label><input type=\"hidden\" name=\"_vfb-secret\" value=\"vfb-27\" \/><span class=\"vfb-span\"><input type=\"text\" name=\"vfb-27\" id=\"vfb-27\" value=\"\" class=\"vfb-text  vfb-medium  required {digits:true,maxlength:2,minlength:2} \" style=\"display:block\" \/><label>N\u00e4iteks: 12<\/label><\/span><li style=\"display:none;\"><label>This box is for spam protection - &lt;strong&gt;please leave it blank&lt;\/strong&gt;:<\/label><div><input name=\"vfb-spam\" \/><\/div><\/li>\n\t\t\t<li class=\"vfb-item vfb-item-submit\" id=\"item-vfb-28\">\n\t\t\t\t<input type=\"submit\" name=\"vfb-submit\" id=\"vfb-28\" value=\"SAADA\" class=\"vfb-submit \" \/>\n\t\t\t\t<\/li><\/ul>\n\t\t\t<\/fieldset><input type=\"hidden\" name=\"_wp_http_referer\" value=\"\/~hiiepaik\/wp-json\/wp\/v2\/pages\/201\" \/><\/form><\/div> <!-- .visual-form-builder-container -->\n","protected":false},"excerpt":{"rendered":"","protected":false},"author":1,"featured_media":0,"parent":2,"menu_order":0,"comment_status":"closed","ping_status":"open","template":"","meta":{"neve_meta_sidebar":"","neve_meta_container":"","neve_meta_enable_content_width":"","neve_meta_content_width":0,"neve_meta_title_alignment":"","neve_meta_author_avatar":"","neve_post_elements_order":"","neve_meta_disable_header":"","neve_meta_disable_footer":"","neve_meta_disable_title":"","ngg_post_thumbnail":0,"footnotes":""},"class_list":["post-201","page","type-page","status-publish","hentry"],"yoast_head":"<!-- This site is optimized with the Yoast SEO plugin v26.7 - https:\/\/yoast.com\/wordpress\/plugins\/seo\/ -->\n<title>Kaardistamise k\u00fcsimustik -<\/title>\n<meta name=\"robots\" content=\"index, follow, max-snippet:-1, max-image-preview:large, max-video-preview:-1\" \/>\n<link rel=\"canonical\" href=\"https:\/\/web.alfanet.ee\/~hiiepaik\/about\/kaardistamise-kusimustik\/\" \/>\n<meta property=\"og:locale\" content=\"et_EE\" \/>\n<meta property=\"og:type\" content=\"article\" \/>\n<meta property=\"og:title\" content=\"Kaardistamise k\u00fcsimustik -\" \/>\n<meta property=\"og:url\" content=\"https:\/\/web.alfanet.ee\/~hiiepaik\/about\/kaardistamise-kusimustik\/\" \/>\n<meta property=\"article:publisher\" content=\"https:\/\/www.facebook.com\/hiiepaik\/\" \/>\n<script type=\"application\/ld+json\" class=\"yoast-schema-graph\">{\"@context\":\"https:\/\/schema.org\",\"@graph\":[{\"@type\":\"WebPage\",\"@id\":\"https:\/\/web.alfanet.ee\/~hiiepaik\/about\/kaardistamise-kusimustik\/\",\"url\":\"https:\/\/web.alfanet.ee\/~hiiepaik\/about\/kaardistamise-kusimustik\/\",\"name\":\"Kaardistamise k\u00fcsimustik -\",\"isPartOf\":{\"@id\":\"https:\/\/web.alfanet.ee\/~hiiepaik\/#website\"},\"datePublished\":\"2015-03-22T22:17:42+00:00\",\"breadcrumb\":{\"@id\":\"https:\/\/web.alfanet.ee\/~hiiepaik\/about\/kaardistamise-kusimustik\/#breadcrumb\"},\"inLanguage\":\"et\",\"potentialAction\":[{\"@type\":\"ReadAction\",\"target\":[\"https:\/\/web.alfanet.ee\/~hiiepaik\/about\/kaardistamise-kusimustik\/\"]}]},{\"@type\":\"BreadcrumbList\",\"@id\":\"https:\/\/web.alfanet.ee\/~hiiepaik\/about\/kaardistamise-kusimustik\/#breadcrumb\",\"itemListElement\":[{\"@type\":\"ListItem\",\"position\":1,\"name\":\"Home\",\"item\":\"https:\/\/web.alfanet.ee\/~hiiepaik\/\"},{\"@type\":\"ListItem\",\"position\":2,\"name\":\"About\",\"item\":\"https:\/\/web.alfanet.ee\/~hiiepaik\/about\/\"},{\"@type\":\"ListItem\",\"position\":3,\"name\":\"Kaardistamise k\u00fcsimustik\"}]},{\"@type\":\"WebSite\",\"@id\":\"https:\/\/web.alfanet.ee\/~hiiepaik\/#website\",\"url\":\"https:\/\/web.alfanet.ee\/~hiiepaik\/\",\"name\":\"Hiiepaik\",\"description\":\"\",\"potentialAction\":[{\"@type\":\"SearchAction\",\"target\":{\"@type\":\"EntryPoint\",\"urlTemplate\":\"https:\/\/web.alfanet.ee\/~hiiepaik\/?s={search_term_string}\"},\"query-input\":{\"@type\":\"PropertyValueSpecification\",\"valueRequired\":true,\"valueName\":\"search_term_string\"}}],\"inLanguage\":\"et\"}]}<\/script>\n<!-- \/ Yoast SEO plugin. -->","yoast_head_json":{"title":"Kaardistamise k\u00fcsimustik -","robots":{"index":"index","follow":"follow","max-snippet":"max-snippet:-1","max-image-preview":"max-image-preview:large","max-video-preview":"max-video-preview:-1"},"canonical":"https:\/\/web.alfanet.ee\/~hiiepaik\/about\/kaardistamise-kusimustik\/","og_locale":"et_EE","og_type":"article","og_title":"Kaardistamise k\u00fcsimustik -","og_url":"https:\/\/web.alfanet.ee\/~hiiepaik\/about\/kaardistamise-kusimustik\/","article_publisher":"https:\/\/www.facebook.com\/hiiepaik\/","schema":{"@context":"https:\/\/schema.org","@graph":[{"@type":"WebPage","@id":"https:\/\/web.alfanet.ee\/~hiiepaik\/about\/kaardistamise-kusimustik\/","url":"https:\/\/web.alfanet.ee\/~hiiepaik\/about\/kaardistamise-kusimustik\/","name":"Kaardistamise k\u00fcsimustik -","isPartOf":{"@id":"https:\/\/web.alfanet.ee\/~hiiepaik\/#website"},"datePublished":"2015-03-22T22:17:42+00:00","breadcrumb":{"@id":"https:\/\/web.alfanet.ee\/~hiiepaik\/about\/kaardistamise-kusimustik\/#breadcrumb"},"inLanguage":"et","potentialAction":[{"@type":"ReadAction","target":["https:\/\/web.alfanet.ee\/~hiiepaik\/about\/kaardistamise-kusimustik\/"]}]},{"@type":"BreadcrumbList","@id":"https:\/\/web.alfanet.ee\/~hiiepaik\/about\/kaardistamise-kusimustik\/#breadcrumb","itemListElement":[{"@type":"ListItem","position":1,"name":"Home","item":"https:\/\/web.alfanet.ee\/~hiiepaik\/"},{"@type":"ListItem","position":2,"name":"About","item":"https:\/\/web.alfanet.ee\/~hiiepaik\/about\/"},{"@type":"ListItem","position":3,"name":"Kaardistamise k\u00fcsimustik"}]},{"@type":"WebSite","@id":"https:\/\/web.alfanet.ee\/~hiiepaik\/#website","url":"https:\/\/web.alfanet.ee\/~hiiepaik\/","name":"Hiiepaik","description":"","potentialAction":[{"@type":"SearchAction","target":{"@type":"EntryPoint","urlTemplate":"https:\/\/web.alfanet.ee\/~hiiepaik\/?s={search_term_string}"},"query-input":{"@type":"PropertyValueSpecification","valueRequired":true,"valueName":"search_term_string"}}],"inLanguage":"et"}]}},"_links":{"self":[{"href":"https:\/\/web.alfanet.ee\/~hiiepaik\/wp-json\/wp\/v2\/pages\/201","targetHints":{"allow":["GET"]}}],"collection":[{"href":"https:\/\/web.alfanet.ee\/~hiiepaik\/wp-json\/wp\/v2\/pages"}],"about":[{"href":"https:\/\/web.alfanet.ee\/~hiiepaik\/wp-json\/wp\/v2\/types\/page"}],"author":[{"embeddable":true,"href":"https:\/\/web.alfanet.ee\/~hiiepaik\/wp-json\/wp\/v2\/users\/1"}],"replies":[{"embeddable":true,"href":"https:\/\/web.alfanet.ee\/~hiiepaik\/wp-json\/wp\/v2\/comments?post=201"}],"version-history":[{"count":0,"href":"https:\/\/web.alfanet.ee\/~hiiepaik\/wp-json\/wp\/v2\/pages\/201\/revisions"}],"up":[{"embeddable":true,"href":"https:\/\/web.alfanet.ee\/~hiiepaik\/wp-json\/wp\/v2\/pages\/2"}],"wp:attachment":[{"href":"https:\/\/web.alfanet.ee\/~hiiepaik\/wp-json\/wp\/v2\/media?parent=201"}],"curies":[{"name":"wp","href":"https:\/\/api.w.org\/{rel}","templated":true}]}}