{"id":1943,"date":"2015-05-21T13:36:13","date_gmt":"2015-05-21T10:36:13","guid":{"rendered":"https:\/\/web.alfanet.ee\/~hiiepaik\/?page_id=1943"},"modified":"2024-12-07T00:33:00","modified_gmt":"2024-12-06T22:33:00","slug":"hiiepaiga-inimesed-algrakud","status":"publish","type":"page","link":"https:\/\/web.alfanet.ee\/~hiiepaik\/kontaktid\/hiiepaiga-inimesed-algrakud\/","title":{"rendered":"HIIEPAIGA INIMESED"},"content":{"rendered":"<p><strong>Koost\u00f6\u00f6ring Hiiepaik \u00fchendab inimesi, kes soovivad koos teiste vabatahtlikega Eesti p\u00fchapaikade heaks midagi \u00e4ra teha.&nbsp;<\/strong><\/p>\n<p><strong>Saa Hiiepaiga ellukutsujatega tuttavaks ja tule meile appi!<\/strong><\/p>\n<p><strong><a href=\"https:\/\/web.alfanet.ee\/~hiiepaik\/wp-content\/uploads\/2015\/05\/Ahto1.jpg\"><img loading=\"lazy\" decoding=\"async\" class=\"alignleft wp-image-2198 size-thumbnail\" style=\"margin-bottom: 5px; margin-right: 10px;\" src=\"https:\/\/web.alfanet.ee\/~hiiepaik\/wp-content\/uploads\/2015\/05\/Ahto1-150x150.jpg\" alt=\"Ahto1\" width=\"150\" height=\"150\" srcset=\"https:\/\/web.alfanet.ee\/~hiiepaik\/wp-content\/uploads\/2015\/05\/Ahto1-150x150.jpg 150w, https:\/\/web.alfanet.ee\/~hiiepaik\/wp-content\/uploads\/2015\/05\/Ahto1-200x200.jpg 200w\" sizes=\"auto, (max-width: 150px) 100vw, 150px\" \/><\/a><br>AHTO KAASIK &#8211;&nbsp;<\/strong>Mu koduhiis on Viru-Nigula l\u00e4hedal asuv Tammealuse. Soov seda paremini hoida ajendas mind kunagi p\u00fchapaiku uurima &nbsp;ja tutvustama. T\u00f6\u00f6tan Tartu \u00dclikooli looduslike p\u00fchapaikade keskuses ning aitan p\u00fchapaikadega seotud asjus ka Hiite Maja sihtasutust. Huvitun rahvakalendrist ja laiemalt maarahva p\u00e4randist. Leian, et looduse ja esivanemate p\u00e4randi tundmine aitab meid inimese ja rahvana end siin ja praegu paremini m\u00f5ista ning tervemalt ja \u00f5nnelikumalt elada. Vabatahtlik t\u00f6\u00f6 on meie rahvale omane &#8211; kogukonna jaoks olulisi asju on alati talgukorras tehtud.<\/p>\n<p>&nbsp;<\/p>\n<p><strong><a href=\"https:\/\/web.alfanet.ee\/~hiiepaik\/wp-content\/uploads\/2015\/05\/Kaia-Kaire.jpg\"><img loading=\"lazy\" decoding=\"async\" class=\"alignleft wp-image-2206 size-thumbnail\" style=\"margin-bottom: 5px; margin-right: 10px;\" src=\"https:\/\/web.alfanet.ee\/~hiiepaik\/wp-content\/uploads\/2015\/05\/Kaia-Kaire-150x150.jpg\" alt=\"Kaia-Kaire\" width=\"150\" height=\"150\" srcset=\"https:\/\/web.alfanet.ee\/~hiiepaik\/wp-content\/uploads\/2015\/05\/Kaia-Kaire-150x150.jpg 150w, https:\/\/web.alfanet.ee\/~hiiepaik\/wp-content\/uploads\/2015\/05\/Kaia-Kaire-200x200.jpg 200w\" sizes=\"auto, (max-width: 150px) 100vw, 150px\" \/><\/a><br>KAIA-KAIRE HUNT &#8211;&nbsp;<\/strong>Olen puude ja hiiteni j\u00f5udnud loomuliku arengu ja kasvamise k\u00e4igus. T\u00e4na on looduses olemisest ja selle j\u00e4lgimisest saanud igap\u00e4evane osa minu elus. Usun, et iga h\u00f5ivatud linnainimene vajab mingil hetkel oma elus maandamist ja tuge, mida saab pakkuda vaid meid \u00fcmbritsev elus ja hingestatud loodus. Minu igap\u00e4evased tegevused on t\u00e4na seotud inimeste ja tervisega &#8211; tegutsen terapeudi ja kodu\u00f5ena, teen ja organiseerin tervikliku tervise, keha-meele ja tervikliku maailmapildi teemalisi koolitusi, laagreid ja s\u00fcndmusi ning olen P\u00f5listarkuste ja Rahvaravi Kooli eestvedaja. Hiiepaiga koost\u00f6\u00f6ring on imeline ettev\u00f5tmine, kuhu mul on suur r\u00f5\u00f5m oma aega panustada.<\/p>\n<p><strong><a href=\"https:\/\/web.alfanet.ee\/~hiiepaik\/wp-content\/uploads\/2015\/05\/KarolinKruuse.jpg\"><img loading=\"lazy\" decoding=\"async\" class=\"alignleft size-thumbnail wp-image-2253\" src=\"https:\/\/web.alfanet.ee\/~hiiepaik\/wp-content\/uploads\/2015\/05\/KarolinKruuse-150x150.jpg\" alt=\"KarolinKruuse\" width=\"150\" height=\"150\" srcset=\"https:\/\/web.alfanet.ee\/~hiiepaik\/wp-content\/uploads\/2015\/05\/KarolinKruuse-150x150.jpg 150w, https:\/\/web.alfanet.ee\/~hiiepaik\/wp-content\/uploads\/2015\/05\/KarolinKruuse-200x200.jpg 200w\" sizes=\"auto, (max-width: 150px) 100vw, 150px\" \/><\/a><br>KAROLIN KRUUSE &#8211;<\/strong> Meil k\u00f5igil on \u00f5igus ja kohustus elada \u00f5nnelikult, tervelt ja t\u00e4henduslikult, ennast ja teisi armastades. Kuna minu hinge paneb r\u00f5\u00f5must r\u00f5kkama meie rikkalik p\u00e4rimus, siis p\u00fc\u00fcan sellele r\u00f5\u00f5mule enda elus aina rohkem ruumi teha. Harin end vanarahva p\u00e4rimuse ja p\u00e4rimusmeditsiini valdkonnas ja teen kaaniravi ning soonetasumist ehk vana-eesti massaa\u017ei.<\/p>\n<p>Soovin, et k\u00f5ik inimesed n\u00e4eksid kui erilised, rikkad ja ilusad p\u00e4rimuse kandjad ja loojad nad on ning tunneksid endas voolamas esivanemate ja looduse \u00fcrgset eluj\u00f5udu, tarkust ja v\u00e4ge. See on ka p\u00f5hjus, miks Hiiepaiga tegemistes kaasa l\u00f6\u00f6n.<\/p>\n<p><strong><a href=\"https:\/\/web.alfanet.ee\/~hiiepaik\/wp-content\/uploads\/2015\/05\/MeelikaHirmo.png\"><img loading=\"lazy\" decoding=\"async\" class=\"alignleft wp-image-2199 size-thumbnail\" style=\"margin-bottom: 5px; margin-right: 10px;\" src=\"https:\/\/web.alfanet.ee\/~hiiepaik\/wp-content\/uploads\/2015\/05\/MeelikaHirmo-150x150.png\" alt=\"MeelikaHirmo\" width=\"150\" height=\"150\" srcset=\"https:\/\/web.alfanet.ee\/~hiiepaik\/wp-content\/uploads\/2015\/05\/MeelikaHirmo-150x150.png 150w, https:\/\/web.alfanet.ee\/~hiiepaik\/wp-content\/uploads\/2015\/05\/MeelikaHirmo-200x200.png 200w\" sizes=\"auto, (max-width: 150px) 100vw, 150px\" \/><\/a><br>MEELIKA HIRMO &#8211;&nbsp;<\/strong>Olen 10 aastat olnud seotud erinevate kodaniku\u00fchiskonna projektidega nii keskkonna-, noorte-, kultuuri- kui ka integratsiooni valdkonnas. Alates 2011. aastast olen Teeme \u00c4ra Maailmakoristuse tiimi liige. Leiba teenin kommunikatsiooniprojektidega ning ka Hiiepaigas olen j\u00f5udu m\u00f6\u00f6da abiks erinevate kommunikatsioonijuhtimise tegevustega. Huvi hiite vastu algas lapsep\u00f5lves muistendite lugemisest. Ma ei pea ennast selle ala suureks eksperdiks ega tuliseks \u00f6kos\u00f5dalaseks. Mulle lihtsalt l\u00e4heb Eesti elu korda ja tunnen, et hiied on midagi sellist ehedat ja erilist, mida eestlased peaks hoidma ja millest v\u00f5iks rohkem teada. Hiied v\u00f5iks olla \u00fcks osa sellest Eesti loost, mida me nii kangesti otsime.<\/p>\n<p><strong><img loading=\"lazy\" decoding=\"async\" class=\"alignleft wp-image-4316 size-thumbnail\" src=\"https:\/\/web.alfanet.ee\/~hiiepaik\/wp-content\/uploads\/2024\/11\/DSC_91842-2-150x150.jpg\" alt=\"\" width=\"150\" height=\"150\" srcset=\"https:\/\/web.alfanet.ee\/~hiiepaik\/wp-content\/uploads\/2024\/11\/DSC_91842-2-150x150.jpg 150w, https:\/\/web.alfanet.ee\/~hiiepaik\/wp-content\/uploads\/2024\/11\/DSC_91842-2-300x300.jpg 300w, https:\/\/web.alfanet.ee\/~hiiepaik\/wp-content\/uploads\/2024\/11\/DSC_91842-2.jpg 671w\" sizes=\"auto, (max-width: 150px) 100vw, 150px\" \/><\/strong><\/p>\n<p><strong><br>MERLE LIISA ILVES &#8211; <\/strong>Minu valdkond t\u00e4nasel p\u00e4eval on h\u00f5imuteadvuse tundmine ja jagamine, inimese looduse ja juurte juurde tagasitoomine, inimese heaolu, ravitsemine, meie oma p\u00e4rimus ja teisedki p\u00f5lised p\u00f5hjala traditsioonid.<br>Meie loodus, p\u00e4rimus ja juured on mulle v\u00e4ga olulised ja olen t\u00e4nulik, et saan meie hiite ja p\u00fchapaikade heaks midagi teha. Hiiepaigale aitan kaasa n\u00f5u ja j\u00f5uga, k\u00f5igega milles oman kogemust, sisekommunikatsioon, turundus, samuti veebilehe haldus.<\/p>\n<p><strong><br>PIRET MAIBERG &#8211;&nbsp;<\/strong>Juba v\u00e4ikese t\u00fcdrukutirtsuna meeldis mulle s\u00f5strap\u00f5\u00f5saste vahelt vaadata ning m\u00f5tiskleda looduse ja inimeste tegemiste \u00fcle. Metsaradadel ja heinamaadel m\u00e4ngides sain tuttavaks nii m\u00f5negi puu, kivi ja pilvepoisiga. T\u00e4naseni on metsarajad ja heinamaad mulle s\u00fcdamel\u00e4hedased. Igap\u00e4evaelus tegelen praegu kommunikatsioonit\u00f6\u00f6ga, selle k\u00f5rvalt \u00f5pin Tiibeti traditsioonilist meditsiinii ning praktiseerin mass\u00f6\u00f6rina. &nbsp;Hiiepaigas suunan ja abistan vabatahtlikke, kes soovivad anda oma panuse p\u00fchapaikade heaks, &nbsp;sest mina usun, et koos me suudame unustuseh\u00f5lma vajuvad p\u00fchapaigad taas p\u00e4evavalgele tuua. Meie kultuur ja p\u00e4rimus on mulle olulised!<\/p>\n<p><strong><a href=\"https:\/\/web.alfanet.ee\/~hiiepaik\/wp-content\/uploads\/2015\/05\/Tiit.jpg\"><img loading=\"lazy\" decoding=\"async\" class=\"alignleft wp-image-2200 size-thumbnail\" style=\"margin-bottom: 5px; margin-right: 10px;\" src=\"https:\/\/web.alfanet.ee\/~hiiepaik\/wp-content\/uploads\/2015\/05\/Tiit-150x150.jpg\" alt=\"Tiit\" width=\"150\" height=\"150\" srcset=\"https:\/\/web.alfanet.ee\/~hiiepaik\/wp-content\/uploads\/2015\/05\/Tiit-150x150.jpg 150w, https:\/\/web.alfanet.ee\/~hiiepaik\/wp-content\/uploads\/2015\/05\/Tiit-200x200.jpg 200w\" sizes=\"auto, (max-width: 150px) 100vw, 150px\" \/><\/a><br>TIIT KAASIK &#8211;&nbsp;<\/strong>Inimesel peab ilmas olema millele kinnituda, toetuda. Hiied ja teised p\u00fchad paigad on l\u00e4bi p\u00f5imunud meie rahva kujunemise ja olemise loost ning seep\u00e4rast on loomulik,&nbsp;et hiied loovad minus turvatunde. Minu kodu l\u00e4hedal on p\u00fchad lujapedajad, p\u00fcha silmaalikas ja L\u00f5una-Eesti suurim ning tuntuim p\u00fchapaik \u2013 Taevaskoda.&nbsp;Hiiepaigas osalen ennek\u00f5ike \u201e\u00d5hinap\u00f5hise kaardistamise\u201c ja N\u00f5ukoja projektis.<\/p>\n<p>&nbsp;<\/p>\n<p><strong><a href=\"https:\/\/web.alfanet.ee\/~hiiepaik\/wp-content\/uploads\/2015\/05\/Toomas.png\"><img loading=\"lazy\" decoding=\"async\" class=\"alignleft wp-image-2201 size-thumbnail\" style=\"margin-bottom: 5px; margin-right: 10px;\" src=\"https:\/\/web.alfanet.ee\/~hiiepaik\/wp-content\/uploads\/2015\/05\/Toomas-150x150.png\" alt=\"Toomas\" width=\"150\" height=\"150\" srcset=\"https:\/\/web.alfanet.ee\/~hiiepaik\/wp-content\/uploads\/2015\/05\/Toomas-150x150.png 150w, https:\/\/web.alfanet.ee\/~hiiepaik\/wp-content\/uploads\/2015\/05\/Toomas-200x200.png 200w\" sizes=\"auto, (max-width: 150px) 100vw, 150px\" \/><\/a><br>TOOMAS TRAPIDO &#8211;&nbsp;<\/strong>K\u00e4isin esimest korda Tammealuse hiies 90ndate alguses kahel kevadisel p\u00e4eval, kui seal toimus hiie korrastamine, laulmine, tantsimine, m\u00e4ngud ja lihtsalt olemine. Need kaks p\u00e4eva tekitasid minus uue sideme iseenda, looduse ja elava p\u00e4rimuskultuuri vahel. Loodusega olen alati l\u00e4hedast suhet tundnud ning looduslikes p\u00fchapaikades saabki kogu elu oma terviklikkuses minu jaoks r\u00f5\u00f5msal ja elaval moel kokku. Olen tasapisi p\u00fc\u00fcdnud looduslike p\u00fchapaikade leidmisele ja hoidmisele kaasa aidata, seda nii Eestimaa Looduse Fondis kui riigikogus t\u00f6\u00f6tades ja n\u00fc\u00fcd siis Hiiepaiga vabatahtlikus koost\u00f6\u00f6ringis.<\/p>\n<p>&nbsp;<\/p>\n<p><strong>KRISTJAN ADOJAAN<\/strong><\/p>\n<p><strong>URMAS J\u00d5GI<\/strong><\/p>\n<p><strong>INGRID PEEK<\/strong><\/p>\n<p><strong>SULEV OLL<\/strong><\/p>\n<p><strong>ARTUR TALVIK<br><br><\/strong><\/p>\n\n\n<hr class=\"wp-block-separator has-alpha-channel-opacity\"\/>\n\n\n\n<div class=\"wp-block-buttons is-layout-flex wp-block-buttons-is-layout-flex\">\n<div class=\"wp-block-button is-style-primary\"><a class=\"wp-block-button__link wp-element-button\" href=\"https:\/\/web.alfanet.ee\/~hiiepaik\/about\/liitu-vabatahtlikuks\/\">SOOVIN LIITUDA HIIEPAIGA VABATAHTLIKEGA<\/a><\/div>\n<\/div>\n","protected":false},"excerpt":{"rendered":"<p>Koost\u00f6\u00f6ring Hiiepaik \u00fchendab inimesi, kes soovivad koos teiste vabatahtlikega Eesti p\u00fchapaikade heaks midagi \u00e4ra teha.&nbsp; Saa Hiiepaiga ellukutsujatega tuttavaks ja tule meile appi! AHTO KAASIK &#8211;&nbsp;Mu koduhiis on Viru-Nigula l\u00e4hedal asuv Tammealuse. Soov seda paremini hoida ajendas mind kunagi p\u00fchapaiku uurima &nbsp;ja tutvustama. T\u00f6\u00f6tan Tartu \u00dclikooli looduslike p\u00fchapaikade keskuses ning aitan p\u00fchapaikadega seotud asjus ka&hellip;&nbsp;<a href=\"https:\/\/web.alfanet.ee\/~hiiepaik\/kontaktid\/hiiepaiga-inimesed-algrakud\/\" rel=\"bookmark\">Read More &raquo;<span class=\"screen-reader-text\">HIIEPAIGA INIMESED<\/span><\/a><\/p>\n","protected":false},"author":1,"featured_media":0,"parent":29,"menu_order":0,"comment_status":"closed","ping_status":"open","template":"","meta":{"neve_meta_sidebar":"","neve_meta_container":"","neve_meta_enable_content_width":"","neve_meta_content_width":0,"neve_meta_title_alignment":"","neve_meta_author_avatar":"","neve_post_elements_order":"","neve_meta_disable_header":"","neve_meta_disable_footer":"","neve_meta_disable_title":"","ngg_post_thumbnail":0,"footnotes":""},"class_list":["post-1943","page","type-page","status-publish","hentry"],"yoast_head":"<!-- This site is optimized with the Yoast SEO plugin v26.7 - https:\/\/yoast.com\/wordpress\/plugins\/seo\/ -->\n<title>HIIEPAIGA INIMESED -<\/title>\n<meta name=\"robots\" content=\"index, follow, max-snippet:-1, max-image-preview:large, max-video-preview:-1\" \/>\n<link rel=\"canonical\" href=\"https:\/\/web.alfanet.ee\/~hiiepaik\/kontaktid\/hiiepaiga-inimesed-algrakud\/\" \/>\n<meta property=\"og:locale\" content=\"et_EE\" \/>\n<meta property=\"og:type\" content=\"article\" \/>\n<meta property=\"og:title\" content=\"HIIEPAIGA INIMESED -\" \/>\n<meta property=\"og:description\" content=\"Koost\u00f6\u00f6ring Hiiepaik \u00fchendab inimesi, kes soovivad koos teiste vabatahtlikega Eesti p\u00fchapaikade heaks midagi \u00e4ra teha.&nbsp; Saa Hiiepaiga ellukutsujatega tuttavaks ja tule meile appi! AHTO KAASIK &#8211;&nbsp;Mu koduhiis on Viru-Nigula l\u00e4hedal asuv Tammealuse. Soov seda paremini hoida ajendas mind kunagi p\u00fchapaiku uurima &nbsp;ja tutvustama. T\u00f6\u00f6tan Tartu \u00dclikooli looduslike p\u00fchapaikade keskuses ning aitan p\u00fchapaikadega seotud asjus ka&hellip;&nbsp;Read More &raquo;HIIEPAIGA INIMESED\" \/>\n<meta property=\"og:url\" content=\"https:\/\/web.alfanet.ee\/~hiiepaik\/kontaktid\/hiiepaiga-inimesed-algrakud\/\" \/>\n<meta property=\"article:publisher\" content=\"https:\/\/www.facebook.com\/hiiepaik\/\" \/>\n<meta property=\"article:modified_time\" content=\"2024-12-06T22:33:00+00:00\" \/>\n<meta property=\"og:image\" content=\"https:\/\/web.alfanet.ee\/~hiiepaik\/wp-content\/uploads\/2015\/05\/Ahto1-1024x749.jpg\" \/>\n\t<meta property=\"og:image:width\" content=\"1024\" \/>\n\t<meta property=\"og:image:height\" content=\"749\" \/>\n\t<meta property=\"og:image:type\" content=\"image\/jpeg\" \/>\n<meta name=\"twitter:label1\" content=\"Est. reading time\" \/>\n\t<meta name=\"twitter:data1\" content=\"6 minutit\" \/>\n<script type=\"application\/ld+json\" class=\"yoast-schema-graph\">{\"@context\":\"https:\/\/schema.org\",\"@graph\":[{\"@type\":\"WebPage\",\"@id\":\"https:\/\/web.alfanet.ee\/~hiiepaik\/kontaktid\/hiiepaiga-inimesed-algrakud\/\",\"url\":\"https:\/\/web.alfanet.ee\/~hiiepaik\/kontaktid\/hiiepaiga-inimesed-algrakud\/\",\"name\":\"HIIEPAIGA INIMESED -\",\"isPartOf\":{\"@id\":\"https:\/\/web.alfanet.ee\/~hiiepaik\/#website\"},\"primaryImageOfPage\":{\"@id\":\"https:\/\/web.alfanet.ee\/~hiiepaik\/kontaktid\/hiiepaiga-inimesed-algrakud\/#primaryimage\"},\"image\":{\"@id\":\"https:\/\/web.alfanet.ee\/~hiiepaik\/kontaktid\/hiiepaiga-inimesed-algrakud\/#primaryimage\"},\"thumbnailUrl\":\"https:\/\/web.alfanet.ee\/~hiiepaik\/wp-content\/uploads\/2015\/05\/Ahto1-150x150.jpg\",\"datePublished\":\"2015-05-21T10:36:13+00:00\",\"dateModified\":\"2024-12-06T22:33:00+00:00\",\"breadcrumb\":{\"@id\":\"https:\/\/web.alfanet.ee\/~hiiepaik\/kontaktid\/hiiepaiga-inimesed-algrakud\/#breadcrumb\"},\"inLanguage\":\"et\",\"potentialAction\":[{\"@type\":\"ReadAction\",\"target\":[\"https:\/\/web.alfanet.ee\/~hiiepaik\/kontaktid\/hiiepaiga-inimesed-algrakud\/\"]}]},{\"@type\":\"ImageObject\",\"inLanguage\":\"et\",\"@id\":\"https:\/\/web.alfanet.ee\/~hiiepaik\/kontaktid\/hiiepaiga-inimesed-algrakud\/#primaryimage\",\"url\":\"https:\/\/web.alfanet.ee\/~hiiepaik\/wp-content\/uploads\/2015\/05\/Ahto1.jpg\",\"contentUrl\":\"https:\/\/web.alfanet.ee\/~hiiepaik\/wp-content\/uploads\/2015\/05\/Ahto1.jpg\",\"width\":4199,\"height\":3072},{\"@type\":\"BreadcrumbList\",\"@id\":\"https:\/\/web.alfanet.ee\/~hiiepaik\/kontaktid\/hiiepaiga-inimesed-algrakud\/#breadcrumb\",\"itemListElement\":[{\"@type\":\"ListItem\",\"position\":1,\"name\":\"Home\",\"item\":\"https:\/\/web.alfanet.ee\/~hiiepaik\/\"},{\"@type\":\"ListItem\",\"position\":2,\"name\":\"KONTAKTID\",\"item\":\"https:\/\/web.alfanet.ee\/~hiiepaik\/kontaktid\/\"},{\"@type\":\"ListItem\",\"position\":3,\"name\":\"HIIEPAIGA INIMESED\"}]},{\"@type\":\"WebSite\",\"@id\":\"https:\/\/web.alfanet.ee\/~hiiepaik\/#website\",\"url\":\"https:\/\/web.alfanet.ee\/~hiiepaik\/\",\"name\":\"Hiiepaik\",\"description\":\"\",\"potentialAction\":[{\"@type\":\"SearchAction\",\"target\":{\"@type\":\"EntryPoint\",\"urlTemplate\":\"https:\/\/web.alfanet.ee\/~hiiepaik\/?s={search_term_string}\"},\"query-input\":{\"@type\":\"PropertyValueSpecification\",\"valueRequired\":true,\"valueName\":\"search_term_string\"}}],\"inLanguage\":\"et\"}]}<\/script>\n<!-- \/ Yoast SEO plugin. -->","yoast_head_json":{"title":"HIIEPAIGA INIMESED -","robots":{"index":"index","follow":"follow","max-snippet":"max-snippet:-1","max-image-preview":"max-image-preview:large","max-video-preview":"max-video-preview:-1"},"canonical":"https:\/\/web.alfanet.ee\/~hiiepaik\/kontaktid\/hiiepaiga-inimesed-algrakud\/","og_locale":"et_EE","og_type":"article","og_title":"HIIEPAIGA INIMESED -","og_description":"Koost\u00f6\u00f6ring Hiiepaik \u00fchendab inimesi, kes soovivad koos teiste vabatahtlikega Eesti p\u00fchapaikade heaks midagi \u00e4ra teha.&nbsp; Saa Hiiepaiga ellukutsujatega tuttavaks ja tule meile appi! AHTO KAASIK &#8211;&nbsp;Mu koduhiis on Viru-Nigula l\u00e4hedal asuv Tammealuse. Soov seda paremini hoida ajendas mind kunagi p\u00fchapaiku uurima &nbsp;ja tutvustama. T\u00f6\u00f6tan Tartu \u00dclikooli looduslike p\u00fchapaikade keskuses ning aitan p\u00fchapaikadega seotud asjus ka&hellip;&nbsp;Read More &raquo;HIIEPAIGA INIMESED","og_url":"https:\/\/web.alfanet.ee\/~hiiepaik\/kontaktid\/hiiepaiga-inimesed-algrakud\/","article_publisher":"https:\/\/www.facebook.com\/hiiepaik\/","article_modified_time":"2024-12-06T22:33:00+00:00","og_image":[{"width":1024,"height":749,"url":"https:\/\/web.alfanet.ee\/~hiiepaik\/wp-content\/uploads\/2015\/05\/Ahto1-1024x749.jpg","type":"image\/jpeg"}],"twitter_misc":{"Est. reading time":"6 minutit"},"schema":{"@context":"https:\/\/schema.org","@graph":[{"@type":"WebPage","@id":"https:\/\/web.alfanet.ee\/~hiiepaik\/kontaktid\/hiiepaiga-inimesed-algrakud\/","url":"https:\/\/web.alfanet.ee\/~hiiepaik\/kontaktid\/hiiepaiga-inimesed-algrakud\/","name":"HIIEPAIGA INIMESED -","isPartOf":{"@id":"https:\/\/web.alfanet.ee\/~hiiepaik\/#website"},"primaryImageOfPage":{"@id":"https:\/\/web.alfanet.ee\/~hiiepaik\/kontaktid\/hiiepaiga-inimesed-algrakud\/#primaryimage"},"image":{"@id":"https:\/\/web.alfanet.ee\/~hiiepaik\/kontaktid\/hiiepaiga-inimesed-algrakud\/#primaryimage"},"thumbnailUrl":"https:\/\/web.alfanet.ee\/~hiiepaik\/wp-content\/uploads\/2015\/05\/Ahto1-150x150.jpg","datePublished":"2015-05-21T10:36:13+00:00","dateModified":"2024-12-06T22:33:00+00:00","breadcrumb":{"@id":"https:\/\/web.alfanet.ee\/~hiiepaik\/kontaktid\/hiiepaiga-inimesed-algrakud\/#breadcrumb"},"inLanguage":"et","potentialAction":[{"@type":"ReadAction","target":["https:\/\/web.alfanet.ee\/~hiiepaik\/kontaktid\/hiiepaiga-inimesed-algrakud\/"]}]},{"@type":"ImageObject","inLanguage":"et","@id":"https:\/\/web.alfanet.ee\/~hiiepaik\/kontaktid\/hiiepaiga-inimesed-algrakud\/#primaryimage","url":"https:\/\/web.alfanet.ee\/~hiiepaik\/wp-content\/uploads\/2015\/05\/Ahto1.jpg","contentUrl":"https:\/\/web.alfanet.ee\/~hiiepaik\/wp-content\/uploads\/2015\/05\/Ahto1.jpg","width":4199,"height":3072},{"@type":"BreadcrumbList","@id":"https:\/\/web.alfanet.ee\/~hiiepaik\/kontaktid\/hiiepaiga-inimesed-algrakud\/#breadcrumb","itemListElement":[{"@type":"ListItem","position":1,"name":"Home","item":"https:\/\/web.alfanet.ee\/~hiiepaik\/"},{"@type":"ListItem","position":2,"name":"KONTAKTID","item":"https:\/\/web.alfanet.ee\/~hiiepaik\/kontaktid\/"},{"@type":"ListItem","position":3,"name":"HIIEPAIGA INIMESED"}]},{"@type":"WebSite","@id":"https:\/\/web.alfanet.ee\/~hiiepaik\/#website","url":"https:\/\/web.alfanet.ee\/~hiiepaik\/","name":"Hiiepaik","description":"","potentialAction":[{"@type":"SearchAction","target":{"@type":"EntryPoint","urlTemplate":"https:\/\/web.alfanet.ee\/~hiiepaik\/?s={search_term_string}"},"query-input":{"@type":"PropertyValueSpecification","valueRequired":true,"valueName":"search_term_string"}}],"inLanguage":"et"}]}},"_links":{"self":[{"href":"https:\/\/web.alfanet.ee\/~hiiepaik\/wp-json\/wp\/v2\/pages\/1943","targetHints":{"allow":["GET"]}}],"collection":[{"href":"https:\/\/web.alfanet.ee\/~hiiepaik\/wp-json\/wp\/v2\/pages"}],"about":[{"href":"https:\/\/web.alfanet.ee\/~hiiepaik\/wp-json\/wp\/v2\/types\/page"}],"author":[{"embeddable":true,"href":"https:\/\/web.alfanet.ee\/~hiiepaik\/wp-json\/wp\/v2\/users\/1"}],"replies":[{"embeddable":true,"href":"https:\/\/web.alfanet.ee\/~hiiepaik\/wp-json\/wp\/v2\/comments?post=1943"}],"version-history":[{"count":2,"href":"https:\/\/web.alfanet.ee\/~hiiepaik\/wp-json\/wp\/v2\/pages\/1943\/revisions"}],"predecessor-version":[{"id":4391,"href":"https:\/\/web.alfanet.ee\/~hiiepaik\/wp-json\/wp\/v2\/pages\/1943\/revisions\/4391"}],"up":[{"embeddable":true,"href":"https:\/\/web.alfanet.ee\/~hiiepaik\/wp-json\/wp\/v2\/pages\/29"}],"wp:attachment":[{"href":"https:\/\/web.alfanet.ee\/~hiiepaik\/wp-json\/wp\/v2\/media?parent=1943"}],"curies":[{"name":"wp","href":"https:\/\/api.w.org\/{rel}","templated":true}]}}