{"id":1926,"date":"2015-04-29T00:27:56","date_gmt":"2015-04-28T21:27:56","guid":{"rendered":"https:\/\/web.alfanet.ee\/~hiiepaik\/?page_id=1926"},"modified":"2024-12-04T12:15:01","modified_gmt":"2024-12-04T10:15:01","slug":"puhapaik-mis-see-on","status":"publish","type":"page","link":"https:\/\/web.alfanet.ee\/~hiiepaik\/loe\/puhapaik-mis-see-on\/","title":{"rendered":"LOODUSLIK P\u00dcHAPAIK &#8211; MIS SEE ON?"},"content":{"rendered":"\n<div class=\"wp-block-media-text is-stacked-on-mobile is-image-fill-element\" style=\"grid-template-columns:30% auto\"><figure class=\"wp-block-media-text__media\"><img loading=\"lazy\" decoding=\"async\" width=\"499\" height=\"350\" src=\"https:\/\/web.alfanet.ee\/~hiiepaik\/wp-content\/uploads\/2015\/04\/T\u00f5rma-hiis-L\u00e4\u00e4ne-Virumaal-Rakvere-kihelkonnas-e1431614752414.jpg\" alt=\"T\u00f5rma hiis L\u00e4\u00e4ne-Virumaal Rakvere kihelkonnas\" class=\"wp-image-1923 size-full\" style=\"object-position:50% 50%\"\/><\/figure><div class=\"wp-block-media-text__content\">\n<p><strong>Looduslikud p\u00fchapaigad on inimkonna vanimad kaitsealad (IUCN)<\/strong><\/p>\n\n\n\n<ul class=\"wp-block-list\">\n<li>~ 10000 aastat inimasustust ning p\u00fchapaikasid Eestis<\/li>\n\n\n\n<li>Pinnase, vee, taimede jt\u00a0elusolendite kaitsmine<\/li>\n\n\n\n<li>Teadmiste, p\u00e4rimuste,\u00a0uskumuste ja tavade hoidmine<\/li>\n\n\n\n<li>Rahvusvahelise Looduskaitseliidu (IUCN) maailmakongress (s.h EV) tunnistas 2008. a p\u00fchapaigad inimkonna vanimateks kaitsealadeks<\/li>\n\n\n\n<li>P\u00fchapaigad on Eesti maastike, kultuuri ja identiteedi olemuslik osa.<\/li>\n<\/ul>\n<\/div><\/div>\n\n\n<p><strong>P\u00fchapaikadega seoses avaldub:<\/strong><\/p>\n<ul>\n<li>Maastikuline mitmekesisus<\/li>\n<li>Elurikkus<\/li>\n<li>P\u00f5lisrahva kultuur ja usund<\/li>\n<li>Eesti ja s-ugri identiteet<\/li>\n<li>Siseriiklikud ja rahvusvahelised dokumendid v\u00e4\u00e4rtustavad p\u00fchapaiku ning nendivad suurt ohustatust<\/li>\n<li>Eesti rahvas peab looduslikke p\u00fchapaiku t\u00e4htsaks<\/li>\n<\/ul>\n<p>&nbsp;<\/p>\n<p><strong>P\u00fchapaikade kaitsmist peab t\u00e4htsaks 65-86% Eesti elanikkonnast (Faktum &amp; Ariko avaliku arvamuse uuringud 2011, 2012, 2014)<br><\/strong><br>&#8211; <a href=\"http:\/\/www.flaj.ut.ee\/sites\/default\/files\/www_ut\/aruanne2014_faktumariko.pdf\" target=\"_blank\" rel=\"noopener noreferrer\">2014.a.&nbsp;aruanne<\/a><\/p>\n<ul>\n<li>Kasutusel on sajad looduslikud p\u00fchapaigad (Muinsuskaitseameti looduslike p\u00fchapaikade eksperdin\u00f5ukogu 2014)<\/li>\n<li>P\u00fchapaikade kaitsmisel osalevad erineva maailmavaatega inimesed, mh mitmed kiriku\u00f5petajad<\/li>\n<\/ul>\n<figure id=\"attachment_1925\" aria-describedby=\"caption-attachment-1925\" style=\"width: 300px\" class=\"wp-caption alignright\"><img loading=\"lazy\" decoding=\"async\" class=\"size-medium wp-image-1925\" src=\"https:\/\/web.alfanet.ee\/~hiiepaik\/wp-content\/uploads\/2015\/04\/Palivere-hiiek\u00fcnnapuu-L\u00e4\u00e4nemaal.-Foto_-Merilin-Kaustel-Lehemets-300x200.jpg\" alt=\"Palivere hiiek\u00fcnnapuu L\u00e4\u00e4nemaal. Foto: Merilin-Kaustel Lehemets\" width=\"300\" height=\"200\" srcset=\"https:\/\/web.alfanet.ee\/~hiiepaik\/wp-content\/uploads\/2015\/04\/Palivere-hiiek\u00fcnnapuu-L\u00e4\u00e4nemaal.-Foto_-Merilin-Kaustel-Lehemets-300x200.jpg 300w, https:\/\/web.alfanet.ee\/~hiiepaik\/wp-content\/uploads\/2015\/04\/Palivere-hiiek\u00fcnnapuu-L\u00e4\u00e4nemaal.-Foto_-Merilin-Kaustel-Lehemets-450x300.jpg 450w, https:\/\/web.alfanet.ee\/~hiiepaik\/wp-content\/uploads\/2015\/04\/Palivere-hiiek\u00fcnnapuu-L\u00e4\u00e4nemaal.-Foto_-Merilin-Kaustel-Lehemets.jpg 856w\" sizes=\"auto, (max-width: 300px) 100vw, 300px\" \/><figcaption id=\"caption-attachment-1925\" class=\"wp-caption-text\"><em>Palivere hiiek\u00fcnnapuu L\u00e4\u00e4nemaal. Foto: Merilin-Kaustel Lehemets<\/em><\/figcaption><\/figure>\n<p><strong><br>Looduslik p\u00fchapaik on maismaa- v\u00f5i veeala, millega on ajalooliselt seotud vaimsed t\u00f5ekspidamised&nbsp;ja\/v\u00f5i kombetalitused<\/strong><\/p>\n<p>P\u00fchapaikadega seotud peamised tavad:<\/p>\n<ul>\n<li>P\u00fchaks pidamine, austamine<\/li>\n<li>Palvetamine<\/li>\n<li>Andide j\u00e4tmine<\/li>\n<li>Ravimine<\/li>\n<li>N\u00f5u k\u00fcsimine\/ pidamine<\/li>\n<li>Tantsimine, laulmine, m\u00e4ngimine<\/li>\n<li>Kiikumine<\/li>\n<li>Tule tegemine<\/li>\n<\/ul>\n<p><strong><br>P\u00fchapaigad asuvad peamiselt maal.&nbsp;P\u00fchapaik v\u00f5ib asuda:<\/strong><\/p>\n<ul>\n<li>Metsas<\/li>\n<li>P\u00f5llul<\/li>\n<li>Niidul<\/li>\n<li>Soos<\/li>\n<li>Tee \u00e4\u00e4res<\/li>\n<li>K\u00fclavahel (m\u00f5nikord)<\/li>\n<li>Linnas (m\u00f5nikord)<\/li>\n<\/ul>\n<p><strong><br>P\u00fchapaik on tervik, mis h\u00f5lmab nii looduslikku, kui inimtekkelist<\/strong><\/p>\n<p>P\u00fchapaik koosneb looduslikust pinnavormist, maapinnast, taimestikust ja loomastikust ning seal v\u00f5ivad olla veekogud ja kivid. P\u00fchapaiga iseloomulikuks osaks on sellega seotud kohanimed, teadmised, p\u00e4rimused, uskumused ja tavad. Inimene on v\u00f5inud p\u00fchapaika rajada l\u00f5kkekoha, kiige- ja tantsukoha, matusekoha, j\u00e4tta ande ning selle maapinda on v\u00f5inud inimtegevusest j\u00e4\u00e4da arheoloogilist ainest.<\/p>\n<p>Tuntumaid p\u00fchapaiku on&nbsp;Taevaskoda P\u00f5lva maakonnas,&nbsp;Panga pank Saaremaal,&nbsp;P\u00fchaj\u00e4rv Valgamaal Otep\u00e4\u00e4 kihelkonnas,&nbsp;Kurem\u00e4e Hiiem\u00e4gi Virumaal Iisaku kihelkonnas,&nbsp;Ebavere hiiem\u00e4gi Virumaal V\u00e4ike-Maarja kihelkonnas,&nbsp;Tamme-Lauri tamm V\u00f5rumaal Urvaste kihelkonnas (mis oli ka 10-kroonise rahat\u00e4he tagak\u00fcljel).<\/p>\n<p>Eestis on teada \u00fcle 800 hiielaadse (suurema) kogukondliku p\u00fchapaiga<\/p>\n<p>P\u00fchad puud \u2013 hingeside esivanemate ja loodusega.&nbsp;P\u00fcha puu v\u00f5ib olla igast kodumaisest puuliigist.<\/p>\n<p>Sagedamini esinevad p\u00fchad puud:<\/p>\n<ul>\n<li>Tamm<\/li>\n<li>M\u00e4nd<\/li>\n<li>P\u00e4rn<\/li>\n<li>Kask<\/li>\n<li>Kadakas<\/li>\n<li>Lepp<\/li>\n<li>Kuusk<\/li>\n<li>Jalakas<\/li>\n<li>K\u00fcnnapuu<\/li>\n<li>Saar<\/li>\n<li>Pihlakas<\/li>\n<\/ul>\n<figure id=\"attachment_1921\" aria-describedby=\"caption-attachment-1921\" style=\"width: 225px\" class=\"wp-caption alignleft\"><img loading=\"lazy\" decoding=\"async\" class=\" wp-image-1921\" src=\"https:\/\/web.alfanet.ee\/~hiiepaik\/wp-content\/uploads\/2015\/04\/P\u00f6ide-khk-Tumala-hiie-lohukivi-e1430254879692-300x284.jpg\" alt=\"P\u00f6ide khk Tumala hiie lohukivi\" width=\"225\" height=\"213\" srcset=\"https:\/\/web.alfanet.ee\/~hiiepaik\/wp-content\/uploads\/2015\/04\/P\u00f6ide-khk-Tumala-hiie-lohukivi-e1430254879692-300x284.jpg 300w, https:\/\/web.alfanet.ee\/~hiiepaik\/wp-content\/uploads\/2015\/04\/P\u00f6ide-khk-Tumala-hiie-lohukivi-e1430254879692-317x300.jpg 317w, https:\/\/web.alfanet.ee\/~hiiepaik\/wp-content\/uploads\/2015\/04\/P\u00f6ide-khk-Tumala-hiie-lohukivi-e1430254879692.jpg 566w\" sizes=\"auto, (max-width: 225px) 100vw, 225px\" \/><figcaption id=\"caption-attachment-1921\" class=\"wp-caption-text\"><em>P\u00f6ide khk Tumala hiie lohukivi<\/em><\/figcaption><\/figure>\n<p>&nbsp;<\/p>\n<p><strong>Tervis ja \u00f5nn p\u00fchadest kividest<\/strong><\/p>\n<p>J\u00e4\u00e4ajal kandsid liustikud Eesti aladele rohkesti suuremaid ja v\u00e4iksemaid kive. Esivanemad on neist sajad valinud p\u00fchadeks kivideks, mille juures end ravida, palvetada, ande j\u00e4tta jm kombetalitusi t\u00e4ita. M\u00f5ni p\u00fcha kivi on maaga tasa ja \u00fcsna v\u00e4ike, m\u00f5ni j\u00e4lle saunasuurune m\u00fcrakas. P\u00fchadel kividel ei ole tavaliselt lohke. Vahel on neil aga looduslikke lohke, mida on nimetatud kitse-, p\u00f5dra-, hundi-, hobuse-, Kalevi-, jumala-, kuradi- jne j\u00e4lgedeks. V\u00e4hestel p\u00fchadel kividel on inimese tehtud lohke.<\/p>\n<p><strong>Kultusekivi pole tavaliselt p\u00fcha<\/strong><\/p>\n<p>P\u00fchal kivil ei ole tavaliselt inimtekkelisi lohke.<\/p>\n<p>Eestis on teada ca 2000 v\u00e4ikeselohulist kultusekivi ehk lohukivi, millel on 5-10 cm l\u00e4bim\u00f5\u00f5duga lohukesed. Nende seas on p\u00fchaks peetud kive teada vaid paark\u00fcmmend.<br>P\u00fchasid kive nagu ka muid looduslikke p\u00fchapaiku ei ole inimene reeglina kuidagi vigastanud.<\/p>\n<p><strong>Ristipuud on seotud hingede-usu ja iidsete matusetavadega<\/strong><\/p>\n<p>L\u00f5una-Eestis s\u00e4ilinud iidse tava kohaselt&nbsp; l\u00f5ikavad&nbsp; matuselised teel kalmistule puule ristim\u00e4rgi. Teatud m\u00f5ttes j\u00e4\u00e4b inimese hing&nbsp; selle puuga seotuks. Ristipuid ei tohi&nbsp; langetada.<\/p>\n<p><strong>Paljud p\u00fchapaigad on inimtegevuse t\u00f5ttu halvas seisukorras<\/strong><\/p>\n<p>Suurem osa Virumaa J\u00f5hvi khk Tammiku hiiest on j\u00e4\u00e4nud p\u00f5levkivikaevanduse aherainem\u00e4e alla. S\u00e4ilinud on \u00fcksikud vanad hiiepuud.<\/p>\n<p>P\u00fchapaigad on (m\u00e4lu)maastike n\u00e4htus.<\/p>\n<ul>\n<li>Reeglina puuduvad ainuomased v\u00e4listunnused<\/li>\n<li>Arhiiviteadetes puuduvad sageli selged asukohaandmed<\/li>\n<li>Kaardistamisel on esmaseks uuritavaks kohap\u00e4rimust ja mikro- topon\u00fc\u00fcme tundev p\u00f5liselanik, kes reeglina kuulub viimasesse taludeaegsesse p\u00f5lvkonda<\/li>\n<li>KIIRE: koos k\u00fclade t\u00fchjenemise ja p\u00f5liselanike lahkumisega kaob v\u00f5imalus tuhandete p\u00fchapaikade kaardistamiseks<\/li>\n<\/ul>\n<p><strong><br>Eeloleval k\u00fcmnendil on h\u00e4vimas kuni 3000 looduslikku p\u00fchapaika<\/strong><\/p>\n<p>P\u00fchapaiku ohustab:<\/p>\n<ul>\n<li>P\u00fchapaiku ohustab eelk\u00f5ige&nbsp;unustamine<\/li>\n<li>Lisaks: teadmatu inimtegevus &#8211; maaharimine, karjakasvatus, metsat\u00f6\u00f6d, ehitamine, kaevandamine, kaitsekorraldus, maastikuhooldus &#8230;<\/li>\n<li>Aardek\u00fctid<\/li>\n<\/ul>\n<p><strong><br>P\u00fchapaikade kaardistamine on algusj\u00e4rgus<\/strong><\/p>\n<p>2014.a, seisuga on p\u00fchapaikade uuringud toimunud Muhu, Juuru, P\u00f5lva ja V\u00f5nnu kihelkonnas. Eeluuring on tehtud Hargla, R\u00e4pina, Kambja, Kanepi, Tartu ja N\u00f5o kihelkonnas ning Kuusalu khk p\u00f5hjaosas.<\/p>\n<p>Hiiepaiga eesm\u00e4rk on kaardistada ja hoida Eesti looduslikke p\u00fchapaiku. Sinagi saad kaasa aidata meie looduse, kultuuri ja p\u00fchapaikade s\u00e4ilimisele.<\/p>\n<p>&nbsp;<\/p>\n\n\n<div class=\"wp-block-media-text is-stacked-on-mobile is-image-fill-element\" style=\"grid-template-columns:30% auto\"><figure class=\"wp-block-media-text__media\"><img loading=\"lazy\" decoding=\"async\" width=\"1024\" height=\"685\" src=\"https:\/\/web.alfanet.ee\/~hiiepaik\/wp-content\/uploads\/2015\/04\/b_1600_800_4095_00_images_artiklid_Tammealuse_AinRaal-1024x685.jpg\" alt=\"Tammealuse, Foto: Ain Raal\" class=\"wp-image-1935 size-full\" style=\"object-position:50% 50%\" srcset=\"https:\/\/web.alfanet.ee\/~hiiepaik\/wp-content\/uploads\/2015\/04\/b_1600_800_4095_00_images_artiklid_Tammealuse_AinRaal-1024x685.jpg 1024w, https:\/\/web.alfanet.ee\/~hiiepaik\/wp-content\/uploads\/2015\/04\/b_1600_800_4095_00_images_artiklid_Tammealuse_AinRaal-300x201.jpg 300w, https:\/\/web.alfanet.ee\/~hiiepaik\/wp-content\/uploads\/2015\/04\/b_1600_800_4095_00_images_artiklid_Tammealuse_AinRaal-449x300.jpg 449w, https:\/\/web.alfanet.ee\/~hiiepaik\/wp-content\/uploads\/2015\/04\/b_1600_800_4095_00_images_artiklid_Tammealuse_AinRaal.jpg 1196w\" sizes=\"auto, (max-width: 1024px) 100vw, 1024px\" \/><\/figure><div class=\"wp-block-media-text__content\">\n<div class=\"wp-block-buttons is-layout-flex wp-block-buttons-is-layout-flex\" style=\"padding-top:var(--wp--preset--spacing--40);padding-bottom:var(--wp--preset--spacing--40)\">\n<div class=\"wp-block-button\"><a class=\"wp-block-button__link wp-element-button\" href=\"https:\/\/web.alfanet.ee\/~hiiepaik\/about\/kaardistamise-kusimustik\/\">SOOVIN ANDA TEAVET KUULDUD\/N\u00c4HTUD P\u00dcHAPAIGA KOHTA<\/a><\/div>\n<\/div>\n\n\n\n<p>Vaata ka <a href=\"https:\/\/web.alfanet.ee\/~hiiepaik\/loe\/kkk\/\"><strong>korduma kippuvaid k\u00fcsimusi<\/strong><\/a>, ehk leiad oma k\u00fcsimuse vastuse siit ja kui j\u00e4\u00e4b ikkagi m\u00f5ni k\u00fcsimus vastuseta, siis kirjuta meile <strong>hiiepaik@hiiepaik.ee\u00a0<\/strong><\/p>\n<\/div><\/div>\n\n\n\n<div style=\"height:60px\" aria-hidden=\"true\" class=\"wp-block-spacer\"><\/div>\n\n\n<div class=\"ead-preview\"><div class=\"ead-document\" style=\"position: relative;\"><iframe src=\"\/\/view.officeapps.live.com\/op\/embed.aspx?src=https%3A%2F%2Fweb.alfanet.ee%2F~hiiepaik%2Fwp-content%2Fuploads%2F2015%2F04%2F280505_HIIEPAIK_kaardistamine.ppt\" title=\"Embedded Document\" class=\"ead-iframe\" style=\"width: 100%;height: 500px;border: none;\"><\/iframe><\/div><\/div>\n","protected":false},"excerpt":{"rendered":"<p>Looduslikud p\u00fchapaigad on inimkonna vanimad kaitsealad (IUCN). Kuidas neid \u00e4ra tunda?<\/p>\n","protected":false},"author":1,"featured_media":1923,"parent":23,"menu_order":0,"comment_status":"closed","ping_status":"open","template":"","meta":{"neve_meta_sidebar":"","neve_meta_container":"","neve_meta_enable_content_width":"","neve_meta_content_width":0,"neve_meta_title_alignment":"","neve_meta_author_avatar":"","neve_post_elements_order":"","neve_meta_disable_header":"","neve_meta_disable_footer":"","neve_meta_disable_title":"","ngg_post_thumbnail":0,"footnotes":""},"class_list":["post-1926","page","type-page","status-publish","has-post-thumbnail","hentry"],"yoast_head":"<!-- This site is optimized with the Yoast SEO plugin v26.7 - https:\/\/yoast.com\/wordpress\/plugins\/seo\/ -->\n<title>LOODUSLIK P\u00dcHAPAIK - MIS SEE ON? -<\/title>\n<meta name=\"robots\" content=\"index, follow, max-snippet:-1, max-image-preview:large, max-video-preview:-1\" \/>\n<link rel=\"canonical\" href=\"https:\/\/web.alfanet.ee\/~hiiepaik\/loe\/puhapaik-mis-see-on\/\" \/>\n<meta property=\"og:locale\" content=\"et_EE\" \/>\n<meta property=\"og:type\" content=\"article\" \/>\n<meta property=\"og:title\" content=\"LOODUSLIK P\u00dcHAPAIK - MIS SEE ON? -\" \/>\n<meta property=\"og:description\" content=\"Looduslikud p\u00fchapaigad on inimkonna vanimad kaitsealad (IUCN). Kuidas neid \u00e4ra tunda?\" \/>\n<meta property=\"og:url\" content=\"https:\/\/web.alfanet.ee\/~hiiepaik\/loe\/puhapaik-mis-see-on\/\" \/>\n<meta property=\"article:publisher\" content=\"https:\/\/www.facebook.com\/hiiepaik\/\" \/>\n<meta property=\"article:modified_time\" content=\"2024-12-04T10:15:01+00:00\" \/>\n<meta property=\"og:image\" content=\"https:\/\/web.alfanet.ee\/~hiiepaik\/wp-content\/uploads\/2015\/04\/T\u00f5rma-hiis-L\u00e4\u00e4ne-Virumaal-Rakvere-kihelkonnas-e1431614752414.jpg\" \/>\n\t<meta property=\"og:image:width\" content=\"499\" \/>\n\t<meta property=\"og:image:height\" content=\"350\" \/>\n\t<meta property=\"og:image:type\" content=\"image\/jpeg\" \/>\n<meta name=\"twitter:label1\" content=\"Est. reading time\" \/>\n\t<meta name=\"twitter:data1\" content=\"5 minutit\" \/>\n<script type=\"application\/ld+json\" class=\"yoast-schema-graph\">{\"@context\":\"https:\/\/schema.org\",\"@graph\":[{\"@type\":\"WebPage\",\"@id\":\"https:\/\/web.alfanet.ee\/~hiiepaik\/loe\/puhapaik-mis-see-on\/\",\"url\":\"https:\/\/web.alfanet.ee\/~hiiepaik\/loe\/puhapaik-mis-see-on\/\",\"name\":\"LOODUSLIK P\u00dcHAPAIK - MIS SEE ON? -\",\"isPartOf\":{\"@id\":\"https:\/\/web.alfanet.ee\/~hiiepaik\/#website\"},\"primaryImageOfPage\":{\"@id\":\"https:\/\/web.alfanet.ee\/~hiiepaik\/loe\/puhapaik-mis-see-on\/#primaryimage\"},\"image\":{\"@id\":\"https:\/\/web.alfanet.ee\/~hiiepaik\/loe\/puhapaik-mis-see-on\/#primaryimage\"},\"thumbnailUrl\":\"https:\/\/web.alfanet.ee\/~hiiepaik\/wp-content\/uploads\/2015\/04\/T\u00f5rma-hiis-L\u00e4\u00e4ne-Virumaal-Rakvere-kihelkonnas-e1431614752414.jpg\",\"datePublished\":\"2015-04-28T21:27:56+00:00\",\"dateModified\":\"2024-12-04T10:15:01+00:00\",\"breadcrumb\":{\"@id\":\"https:\/\/web.alfanet.ee\/~hiiepaik\/loe\/puhapaik-mis-see-on\/#breadcrumb\"},\"inLanguage\":\"et\",\"potentialAction\":[{\"@type\":\"ReadAction\",\"target\":[\"https:\/\/web.alfanet.ee\/~hiiepaik\/loe\/puhapaik-mis-see-on\/\"]}]},{\"@type\":\"ImageObject\",\"inLanguage\":\"et\",\"@id\":\"https:\/\/web.alfanet.ee\/~hiiepaik\/loe\/puhapaik-mis-see-on\/#primaryimage\",\"url\":\"https:\/\/web.alfanet.ee\/~hiiepaik\/wp-content\/uploads\/2015\/04\/T\u00f5rma-hiis-L\u00e4\u00e4ne-Virumaal-Rakvere-kihelkonnas-e1431614752414.jpg\",\"contentUrl\":\"https:\/\/web.alfanet.ee\/~hiiepaik\/wp-content\/uploads\/2015\/04\/T\u00f5rma-hiis-L\u00e4\u00e4ne-Virumaal-Rakvere-kihelkonnas-e1431614752414.jpg\",\"width\":499,\"height\":350,\"caption\":\"T\u00f5rma hiis L\u00e4\u00e4ne-Virumaal Rakvere kihelkonnas\"},{\"@type\":\"BreadcrumbList\",\"@id\":\"https:\/\/web.alfanet.ee\/~hiiepaik\/loe\/puhapaik-mis-see-on\/#breadcrumb\",\"itemListElement\":[{\"@type\":\"ListItem\",\"position\":1,\"name\":\"Home\",\"item\":\"https:\/\/web.alfanet.ee\/~hiiepaik\/\"},{\"@type\":\"ListItem\",\"position\":2,\"name\":\"LOE\",\"item\":\"https:\/\/web.alfanet.ee\/~hiiepaik\/loe\/\"},{\"@type\":\"ListItem\",\"position\":3,\"name\":\"LOODUSLIK P\u00dcHAPAIK &#8211; MIS SEE ON?\"}]},{\"@type\":\"WebSite\",\"@id\":\"https:\/\/web.alfanet.ee\/~hiiepaik\/#website\",\"url\":\"https:\/\/web.alfanet.ee\/~hiiepaik\/\",\"name\":\"Hiiepaik\",\"description\":\"\",\"potentialAction\":[{\"@type\":\"SearchAction\",\"target\":{\"@type\":\"EntryPoint\",\"urlTemplate\":\"https:\/\/web.alfanet.ee\/~hiiepaik\/?s={search_term_string}\"},\"query-input\":{\"@type\":\"PropertyValueSpecification\",\"valueRequired\":true,\"valueName\":\"search_term_string\"}}],\"inLanguage\":\"et\"}]}<\/script>\n<!-- \/ Yoast SEO plugin. -->","yoast_head_json":{"title":"LOODUSLIK P\u00dcHAPAIK - MIS SEE ON? -","robots":{"index":"index","follow":"follow","max-snippet":"max-snippet:-1","max-image-preview":"max-image-preview:large","max-video-preview":"max-video-preview:-1"},"canonical":"https:\/\/web.alfanet.ee\/~hiiepaik\/loe\/puhapaik-mis-see-on\/","og_locale":"et_EE","og_type":"article","og_title":"LOODUSLIK P\u00dcHAPAIK - MIS SEE ON? -","og_description":"Looduslikud p\u00fchapaigad on inimkonna vanimad kaitsealad (IUCN). Kuidas neid \u00e4ra tunda?","og_url":"https:\/\/web.alfanet.ee\/~hiiepaik\/loe\/puhapaik-mis-see-on\/","article_publisher":"https:\/\/www.facebook.com\/hiiepaik\/","article_modified_time":"2024-12-04T10:15:01+00:00","og_image":[{"width":499,"height":350,"url":"https:\/\/web.alfanet.ee\/~hiiepaik\/wp-content\/uploads\/2015\/04\/T\u00f5rma-hiis-L\u00e4\u00e4ne-Virumaal-Rakvere-kihelkonnas-e1431614752414.jpg","type":"image\/jpeg"}],"twitter_misc":{"Est. reading time":"5 minutit"},"schema":{"@context":"https:\/\/schema.org","@graph":[{"@type":"WebPage","@id":"https:\/\/web.alfanet.ee\/~hiiepaik\/loe\/puhapaik-mis-see-on\/","url":"https:\/\/web.alfanet.ee\/~hiiepaik\/loe\/puhapaik-mis-see-on\/","name":"LOODUSLIK P\u00dcHAPAIK - MIS SEE ON? -","isPartOf":{"@id":"https:\/\/web.alfanet.ee\/~hiiepaik\/#website"},"primaryImageOfPage":{"@id":"https:\/\/web.alfanet.ee\/~hiiepaik\/loe\/puhapaik-mis-see-on\/#primaryimage"},"image":{"@id":"https:\/\/web.alfanet.ee\/~hiiepaik\/loe\/puhapaik-mis-see-on\/#primaryimage"},"thumbnailUrl":"https:\/\/web.alfanet.ee\/~hiiepaik\/wp-content\/uploads\/2015\/04\/T\u00f5rma-hiis-L\u00e4\u00e4ne-Virumaal-Rakvere-kihelkonnas-e1431614752414.jpg","datePublished":"2015-04-28T21:27:56+00:00","dateModified":"2024-12-04T10:15:01+00:00","breadcrumb":{"@id":"https:\/\/web.alfanet.ee\/~hiiepaik\/loe\/puhapaik-mis-see-on\/#breadcrumb"},"inLanguage":"et","potentialAction":[{"@type":"ReadAction","target":["https:\/\/web.alfanet.ee\/~hiiepaik\/loe\/puhapaik-mis-see-on\/"]}]},{"@type":"ImageObject","inLanguage":"et","@id":"https:\/\/web.alfanet.ee\/~hiiepaik\/loe\/puhapaik-mis-see-on\/#primaryimage","url":"https:\/\/web.alfanet.ee\/~hiiepaik\/wp-content\/uploads\/2015\/04\/T\u00f5rma-hiis-L\u00e4\u00e4ne-Virumaal-Rakvere-kihelkonnas-e1431614752414.jpg","contentUrl":"https:\/\/web.alfanet.ee\/~hiiepaik\/wp-content\/uploads\/2015\/04\/T\u00f5rma-hiis-L\u00e4\u00e4ne-Virumaal-Rakvere-kihelkonnas-e1431614752414.jpg","width":499,"height":350,"caption":"T\u00f5rma hiis L\u00e4\u00e4ne-Virumaal Rakvere kihelkonnas"},{"@type":"BreadcrumbList","@id":"https:\/\/web.alfanet.ee\/~hiiepaik\/loe\/puhapaik-mis-see-on\/#breadcrumb","itemListElement":[{"@type":"ListItem","position":1,"name":"Home","item":"https:\/\/web.alfanet.ee\/~hiiepaik\/"},{"@type":"ListItem","position":2,"name":"LOE","item":"https:\/\/web.alfanet.ee\/~hiiepaik\/loe\/"},{"@type":"ListItem","position":3,"name":"LOODUSLIK P\u00dcHAPAIK &#8211; MIS SEE ON?"}]},{"@type":"WebSite","@id":"https:\/\/web.alfanet.ee\/~hiiepaik\/#website","url":"https:\/\/web.alfanet.ee\/~hiiepaik\/","name":"Hiiepaik","description":"","potentialAction":[{"@type":"SearchAction","target":{"@type":"EntryPoint","urlTemplate":"https:\/\/web.alfanet.ee\/~hiiepaik\/?s={search_term_string}"},"query-input":{"@type":"PropertyValueSpecification","valueRequired":true,"valueName":"search_term_string"}}],"inLanguage":"et"}]}},"_links":{"self":[{"href":"https:\/\/web.alfanet.ee\/~hiiepaik\/wp-json\/wp\/v2\/pages\/1926","targetHints":{"allow":["GET"]}}],"collection":[{"href":"https:\/\/web.alfanet.ee\/~hiiepaik\/wp-json\/wp\/v2\/pages"}],"about":[{"href":"https:\/\/web.alfanet.ee\/~hiiepaik\/wp-json\/wp\/v2\/types\/page"}],"author":[{"embeddable":true,"href":"https:\/\/web.alfanet.ee\/~hiiepaik\/wp-json\/wp\/v2\/users\/1"}],"replies":[{"embeddable":true,"href":"https:\/\/web.alfanet.ee\/~hiiepaik\/wp-json\/wp\/v2\/comments?post=1926"}],"version-history":[{"count":5,"href":"https:\/\/web.alfanet.ee\/~hiiepaik\/wp-json\/wp\/v2\/pages\/1926\/revisions"}],"predecessor-version":[{"id":4341,"href":"https:\/\/web.alfanet.ee\/~hiiepaik\/wp-json\/wp\/v2\/pages\/1926\/revisions\/4341"}],"up":[{"embeddable":true,"href":"https:\/\/web.alfanet.ee\/~hiiepaik\/wp-json\/wp\/v2\/pages\/23"}],"wp:featuredmedia":[{"embeddable":true,"href":"https:\/\/web.alfanet.ee\/~hiiepaik\/wp-json\/wp\/v2\/media\/1923"}],"wp:attachment":[{"href":"https:\/\/web.alfanet.ee\/~hiiepaik\/wp-json\/wp\/v2\/media?parent=1926"}],"curies":[{"name":"wp","href":"https:\/\/api.w.org\/{rel}","templated":true}]}}