{"id":181,"date":"2015-03-22T22:43:07","date_gmt":"2015-03-22T20:43:07","guid":{"rendered":"https:\/\/web.alfanet.ee\/~hiiepaik\/?page_id=181"},"modified":"2016-04-14T12:44:27","modified_gmt":"2016-04-14T09:44:27","slug":"liitu-vabatahtlikuks","status":"publish","type":"page","link":"https:\/\/web.alfanet.ee\/~hiiepaik\/about\/liitu-vabatahtlikuks\/","title":{"rendered":"Liitu vabatahtlikuks"},"content":{"rendered":"<p>Hiiepaiga eesm\u00e4rk on leida ja kaardistada k\u00f5ik v\u00f5imalikud Eestimaa p\u00fchapaigad, v\u00e4hemalt suurema osa neist.<br \/>\nSul on v\u00f5imalus kaasa aidata millelegi v\u00e4ga suurele.<br \/>\nHiiepaik vajab mitmete vabatahtlike abi: \u00fcrituste korraldamine; projektide kirjutamine v\u00f5i elluviimine; sise- v\u00f5i v\u00e4liskommunikastioon, k\u00fcsitluste l\u00e4biviimine, inimeste v\u00f5i gruppide juhendamine, administratiivne t\u00f6\u00f6, vahendite v\u00f5i raha kogumine heategevuslikul eesm\u00e4rgil ja veel palju muud.<\/p>\n<p>Kui sa tunned, et tahaksid teha midagi \u00e4ra meie kultuurip\u00e4randi ja keskonna heaks siis tule liitu meiega.<\/p>\n<div id=\"vfb-form-4\" class=\"visual-form-builder-container\"><form id=\"liitu-vabatahtlikuks-4\" class=\"visual-form-builder vfb-form-4 \" method=\"post\" enctype=\"multipart\/form-data\">\n\t  \t<input type=\"hidden\" name=\"form_id\" value=\"4\" \/><fieldset class=\"vfb-fieldset vfb-fieldset-1 andmed \" id=\"item-vfb-70\"><div class=\"vfb-legend\"><h3>Andmed<\/h3><\/div><ul class=\"vfb-section vfb-section-1\"><li class=\"vfb-item vfb-item-text  \" id=\"item-vfb-74\"><label for=\"vfb-74\" class=\"vfb-desc\">Nimi  <span class=\"vfb-required-asterisk\">*<\/span><\/label><input type=\"text\" name=\"vfb-74\" id=\"vfb-74\" value=\"\" class=\"vfb-text  vfb-medium  required  \" \/><\/li><li class=\"vfb-item vfb-item-checkbox  \" id=\"item-vfb-82\"><label class=\"vfb-desc\">Sugu  <span class=\"vfb-required-asterisk\">*<\/span><\/label><div><span class=\"vfb-span\"><input type=\"checkbox\" name=\"vfb-82[]\" id=\"vfb-82-0\" value=\"naine\" class=\"vfb-checkbox  required \" \/><label for=\"vfb-82-0\" class=\"vfb-choice\">naine<\/label><\/span><span class=\"vfb-span\"><input type=\"checkbox\" name=\"vfb-82[]\" id=\"vfb-82-1\" value=\"mees\" class=\"vfb-checkbox  required \" \/><label for=\"vfb-82-1\" class=\"vfb-choice\">mees<\/label><\/span><div style=\"clear:both\"><\/div><\/div><\/li><li class=\"vfb-item vfb-item-text  \" id=\"item-vfb-83\"><label for=\"vfb-83\" class=\"vfb-desc\">S\u00fcnniaasta  <span class=\"vfb-required-asterisk\">*<\/span><\/label><input type=\"text\" name=\"vfb-83\" id=\"vfb-83\" value=\"\" class=\"vfb-text  vfb-medium  required  number \" \/><\/li><li class=\"vfb-item vfb-item-email  \" id=\"item-vfb-75\"><label for=\"vfb-75\" class=\"vfb-desc\">E-post  <span class=\"vfb-required-asterisk\">*<\/span><\/label><input type=\"email\" name=\"vfb-75\" id=\"vfb-75\" value=\"\" class=\"vfb-text  vfb-medium  required  email \" \/><\/li><li class=\"vfb-item vfb-item-phone  \" id=\"item-vfb-76\"><label for=\"vfb-76\" class=\"vfb-desc\">Telefon  <span class=\"vfb-required-asterisk\">*<\/span><\/label><input type=\"tel\" name=\"vfb-76\" id=\"vfb-76\" value=\"\" class=\"vfb-text  vfb-medium  required  phone \" \/><\/li><li class=\"vfb-item vfb-item-textarea  \" id=\"item-vfb-86\"><label for=\"vfb-86\" class=\"vfb-desc\">Elukoht <\/label><div><span class=\"vfb-span\"><label>T\u00e4nav, maja, number, linn, maakond<\/label><\/span><textarea name=\"vfb-86\" id=\"vfb-86\" class=\"vfb-textarea  vfb-small  \"><\/textarea><\/div><\/li><\/ul>&nbsp;<\/fieldset><fieldset class=\"vfb-fieldset vfb-fieldset-2 vabatahtlikuks-liitumine \" id=\"item-vfb-85\"><div class=\"vfb-legend\"><h3>Vabatahtlikuks liitumine<\/h3><\/div><ul class=\"vfb-section vfb-section-2\"><li class=\"vfb-item vfb-item-textarea  \" id=\"item-vfb-87\"><label for=\"vfb-87\" class=\"vfb-desc\">Millises valdkonnas tahad kaasa l\u00fc\u00fca?  <span class=\"vfb-required-asterisk\">*<\/span><\/label><div><span class=\"vfb-span\"><label>Vaata \u00fclesandeid allolevast nimekirjast v\u00f5i lisa oma m\u00f5tted: \r\n* \u00fcrituste korraldamine\r\n* projektide kirjutamine v\u00f5i elluviimine\r\n* sise- v\u00f5i v\u00e4liskommunikatsioon\r\n* k\u00fcsitluste l\u00e4biviimine\r\n* inimeste v\u00f5i gruppide juhendamine\r\n* administratiivne t\u00f6\u00f6\r\n* vahendite v\u00f5i raha kogumine heategevuslikul eesm\u00e4rgil\r\n* Midagi muud?<\/label><\/span><textarea name=\"vfb-87\" id=\"vfb-87\" class=\"vfb-textarea  vfb-small  required \"><\/textarea><\/div><\/li><li class=\"vfb-item vfb-item-select  \" id=\"item-vfb-78\"><label for=\"vfb-78\" class=\"vfb-desc\">Vabatahtlikuks tegevuseks sobivad asukohad  <span class=\"vfb-required-asterisk\">*<\/span><\/label><select name=\"vfb-78\" id=\"vfb-78\" class=\"vfb-select  vfb-large  required \"><option value=\"Tallinn\">Tallinn<\/option><option value=\"Tartu\">Tartu<\/option><option value=\"Harjumaa\">Harjumaa<\/option><option value=\"Hiiumaa\">Hiiumaa<\/option><option value=\"Ida-Virumaa\">Ida-Virumaa<\/option><option value=\"J\u00f5gevamaa\">J\u00f5gevamaa<\/option><option value=\"J\u00e4rvamaa\">J\u00e4rvamaa<\/option><option value=\"L\u00e4\u00e4ne-Virumaa\">L\u00e4\u00e4ne-Virumaa<\/option><option value=\"L\u00e4\u00e4nemaa\">L\u00e4\u00e4nemaa<\/option><option value=\"P\u00f5lvamaa\">P\u00f5lvamaa<\/option><option value=\"Raplamaa\">Raplamaa<\/option><option value=\"Saaremaa\">Saaremaa<\/option><option value=\"Tartumaa\">Tartumaa<\/option><option value=\"Valgamaa\">Valgamaa<\/option><option value=\"Viljandimaa\">Viljandimaa<\/option><option value=\"V\u00f5rumaa\">V\u00f5rumaa<\/option><option value=\"\u00dcle Eesti\">\u00dcle Eesti<\/option><option value=\"Muu\">Muu<\/option><\/select><\/li><li class=\"vfb-item vfb-item-textarea  \" id=\"item-vfb-84\"><label for=\"vfb-84\" class=\"vfb-desc\">T\u00e4psusta <\/label><div><textarea name=\"vfb-84\" id=\"vfb-84\" class=\"vfb-textarea  vfb-small  \"><\/textarea><\/div><\/li><li class=\"vfb-item vfb-item-checkbox  \" id=\"item-vfb-77\"><label class=\"vfb-desc\">Vabatahtlikuks tegevuseks sobivad ajad  <span class=\"vfb-required-asterisk\">*<\/span><\/label><div><span class=\"vfb-span\"><input type=\"checkbox\" name=\"vfb-77[]\" id=\"vfb-77-0\" value=\"T\u00f6\u00f6p\u00e4evad\" class=\"vfb-checkbox  required \" \/><label for=\"vfb-77-0\" class=\"vfb-choice\">T\u00f6\u00f6p\u00e4evad<\/label><\/span><span class=\"vfb-span\"><input type=\"checkbox\" name=\"vfb-77[]\" id=\"vfb-77-1\" value=\"N\u00e4dalavahetused\" class=\"vfb-checkbox  required \" \/><label for=\"vfb-77-1\" class=\"vfb-choice\">N\u00e4dalavahetused<\/label><\/span><span class=\"vfb-span\"><input type=\"checkbox\" name=\"vfb-77[]\" id=\"vfb-77-2\" value=\"Muu (n\u00e4iteks \u00f5htul, \u00f6\u00f6sel, kindlal aastaajal, \u00fcksk\u00f5ik millal vmt.)\" class=\"vfb-checkbox  required \" \/><label for=\"vfb-77-2\" class=\"vfb-choice\">Muu (n\u00e4iteks \u00f5htul, \u00f6\u00f6sel, kindlal aastaajal, \u00fcksk\u00f5ik millal vmt.)<\/label><\/span><div style=\"clear:both\"><\/div><\/div><\/li><li class=\"vfb-item vfb-item-textarea  \" id=\"item-vfb-79\"><label for=\"vfb-79\" class=\"vfb-desc\">T\u00e4psusta <\/label><div><textarea name=\"vfb-79\" id=\"vfb-79\" class=\"vfb-textarea  vfb-small  \"><\/textarea><\/div><\/li><li class=\"vfb-item vfb-item-select  \" id=\"item-vfb-81\"><label for=\"vfb-81\" class=\"vfb-desc\">Tegevusala (millega praegu tegelen):  <span class=\"vfb-required-asterisk\">*<\/span><\/label><select name=\"vfb-81\" id=\"vfb-81\" class=\"vfb-select  vfb-medium  required \"><option value=\"\u00f5pilane\">\u00f5pilane<\/option><option value=\"tudeng\">tudeng<\/option><option value=\"t\u00f6\u00f6taja\">t\u00f6\u00f6taja<\/option><option value=\"ettev\u00f5tja\">ettev\u00f5tja<\/option><option value=\"t\u00f6\u00f6tu\">t\u00f6\u00f6tu<\/option><option value=\"kodune\">kodune<\/option><option value=\"pensionil\">pensionil<\/option><option value=\"muu\">muu<\/option><\/select><\/li><li class=\"vfb-item vfb-item-text  \" id=\"item-vfb-80\"><label for=\"vfb-80\" class=\"vfb-desc\">Hobid, huvialad  <span class=\"vfb-required-asterisk\">*<\/span><\/label><input type=\"text\" name=\"vfb-80\" id=\"vfb-80\" value=\"\" class=\"vfb-text  vfb-medium  required  \" \/><\/li><\/ul>&nbsp;<\/fieldset><fieldset class=\"vfb-fieldset vfb-fieldset-3 kinnitamine \" id=\"item-vfb-71\" style=\"display:block\"><div class=\"vfb-legend\"><h3>Kinnitamine<\/h3><\/div><ul class=\"vfb-section vfb-section-3\"><li class=\"vfb-item vfb-item-secret\"  style=\"display:block\"><label for=\"vfb-72\" class=\"vfb-desc\">Sisesta \u00fcksk\u00f5ik millised kaks numbrit <span class=\"vfb-required-asterisk\">*<\/span><\/label><input type=\"hidden\" name=\"_vfb-secret\" value=\"vfb-72\" \/><span class=\"vfb-span\"><input type=\"text\" name=\"vfb-72\" id=\"vfb-72\" value=\"\" class=\"vfb-text  vfb-medium  required {digits:true,maxlength:2,minlength:2} \" style=\"display:block\" \/><label>N\u00e4iteks: 12<\/label><\/span><li style=\"display:none;\"><label>This box is for spam protection - &lt;strong&gt;please leave it blank&lt;\/strong&gt;:<\/label><div><input name=\"vfb-spam\" \/><\/div><\/li>\n\t\t\t<li class=\"vfb-item vfb-item-submit\" id=\"item-vfb-73\">\n\t\t\t\t<input type=\"submit\" name=\"vfb-submit\" id=\"vfb-73\" value=\"LIITU\" class=\"vfb-submit \" \/>\n\t\t\t\t<\/li><\/ul>\n\t\t\t<\/fieldset><input type=\"hidden\" name=\"_wp_http_referer\" value=\"\/~hiiepaik\/wp-json\/wp\/v2\/pages\/181\" \/><\/form><\/div> <!-- .visual-form-builder-container -->\n","protected":false},"excerpt":{"rendered":"<p>Hiiepaiga eesm\u00e4rk on leida ja kaardistada k\u00f5ik v\u00f5imalikud Eestimaa p\u00fchapaigad, v\u00e4hemalt suurema osa neist. Sul on v\u00f5imalus kaasa aidata millelegi v\u00e4ga suurele. Hiiepaik vajab mitmete vabatahtlike abi: \u00fcrituste korraldamine; projektide kirjutamine v\u00f5i elluviimine; sise- v\u00f5i v\u00e4liskommunikastioon, k\u00fcsitluste l\u00e4biviimine, inimeste v\u00f5i gruppide juhendamine, administratiivne t\u00f6\u00f6, vahendite v\u00f5i raha kogumine heategevuslikul eesm\u00e4rgil ja veel palju muud. Kui&hellip;&nbsp;<a href=\"https:\/\/web.alfanet.ee\/~hiiepaik\/about\/liitu-vabatahtlikuks\/\" rel=\"bookmark\">Read More &raquo;<span class=\"screen-reader-text\">Liitu vabatahtlikuks<\/span><\/a><\/p>\n","protected":false},"author":1,"featured_media":0,"parent":2,"menu_order":0,"comment_status":"closed","ping_status":"open","template":"","meta":{"neve_meta_sidebar":"","neve_meta_container":"","neve_meta_enable_content_width":"","neve_meta_content_width":0,"neve_meta_title_alignment":"","neve_meta_author_avatar":"","neve_post_elements_order":"","neve_meta_disable_header":"","neve_meta_disable_footer":"","neve_meta_disable_title":"","ngg_post_thumbnail":0,"footnotes":""},"class_list":["post-181","page","type-page","status-publish","hentry"],"yoast_head":"<!-- This site is optimized with the Yoast SEO plugin v26.7 - https:\/\/yoast.com\/wordpress\/plugins\/seo\/ -->\n<title>Liitu vabatahtlikuks -<\/title>\n<meta name=\"robots\" content=\"index, follow, max-snippet:-1, max-image-preview:large, max-video-preview:-1\" \/>\n<link rel=\"canonical\" href=\"https:\/\/web.alfanet.ee\/~hiiepaik\/about\/liitu-vabatahtlikuks\/\" \/>\n<meta property=\"og:locale\" content=\"et_EE\" \/>\n<meta property=\"og:type\" content=\"article\" \/>\n<meta property=\"og:title\" content=\"Liitu vabatahtlikuks -\" \/>\n<meta property=\"og:description\" content=\"Hiiepaiga eesm\u00e4rk on leida ja kaardistada k\u00f5ik v\u00f5imalikud Eestimaa p\u00fchapaigad, v\u00e4hemalt suurema osa neist. Sul on v\u00f5imalus kaasa aidata millelegi v\u00e4ga suurele. Hiiepaik vajab mitmete vabatahtlike abi: \u00fcrituste korraldamine; projektide kirjutamine v\u00f5i elluviimine; sise- v\u00f5i v\u00e4liskommunikastioon, k\u00fcsitluste l\u00e4biviimine, inimeste v\u00f5i gruppide juhendamine, administratiivne t\u00f6\u00f6, vahendite v\u00f5i raha kogumine heategevuslikul eesm\u00e4rgil ja veel palju muud. Kui&hellip;&nbsp;Read More &raquo;Liitu vabatahtlikuks\" \/>\n<meta property=\"og:url\" content=\"https:\/\/web.alfanet.ee\/~hiiepaik\/about\/liitu-vabatahtlikuks\/\" \/>\n<meta property=\"article:publisher\" content=\"https:\/\/www.facebook.com\/hiiepaik\/\" \/>\n<meta property=\"article:modified_time\" content=\"2016-04-14T09:44:27+00:00\" \/>\n<script type=\"application\/ld+json\" class=\"yoast-schema-graph\">{\"@context\":\"https:\/\/schema.org\",\"@graph\":[{\"@type\":\"WebPage\",\"@id\":\"https:\/\/web.alfanet.ee\/~hiiepaik\/about\/liitu-vabatahtlikuks\/\",\"url\":\"https:\/\/web.alfanet.ee\/~hiiepaik\/about\/liitu-vabatahtlikuks\/\",\"name\":\"Liitu vabatahtlikuks -\",\"isPartOf\":{\"@id\":\"https:\/\/web.alfanet.ee\/~hiiepaik\/#website\"},\"datePublished\":\"2015-03-22T20:43:07+00:00\",\"dateModified\":\"2016-04-14T09:44:27+00:00\",\"breadcrumb\":{\"@id\":\"https:\/\/web.alfanet.ee\/~hiiepaik\/about\/liitu-vabatahtlikuks\/#breadcrumb\"},\"inLanguage\":\"et\",\"potentialAction\":[{\"@type\":\"ReadAction\",\"target\":[\"https:\/\/web.alfanet.ee\/~hiiepaik\/about\/liitu-vabatahtlikuks\/\"]}]},{\"@type\":\"BreadcrumbList\",\"@id\":\"https:\/\/web.alfanet.ee\/~hiiepaik\/about\/liitu-vabatahtlikuks\/#breadcrumb\",\"itemListElement\":[{\"@type\":\"ListItem\",\"position\":1,\"name\":\"Home\",\"item\":\"https:\/\/web.alfanet.ee\/~hiiepaik\/\"},{\"@type\":\"ListItem\",\"position\":2,\"name\":\"About\",\"item\":\"https:\/\/web.alfanet.ee\/~hiiepaik\/about\/\"},{\"@type\":\"ListItem\",\"position\":3,\"name\":\"Liitu vabatahtlikuks\"}]},{\"@type\":\"WebSite\",\"@id\":\"https:\/\/web.alfanet.ee\/~hiiepaik\/#website\",\"url\":\"https:\/\/web.alfanet.ee\/~hiiepaik\/\",\"name\":\"Hiiepaik\",\"description\":\"\",\"potentialAction\":[{\"@type\":\"SearchAction\",\"target\":{\"@type\":\"EntryPoint\",\"urlTemplate\":\"https:\/\/web.alfanet.ee\/~hiiepaik\/?s={search_term_string}\"},\"query-input\":{\"@type\":\"PropertyValueSpecification\",\"valueRequired\":true,\"valueName\":\"search_term_string\"}}],\"inLanguage\":\"et\"}]}<\/script>\n<!-- \/ Yoast SEO plugin. -->","yoast_head_json":{"title":"Liitu vabatahtlikuks -","robots":{"index":"index","follow":"follow","max-snippet":"max-snippet:-1","max-image-preview":"max-image-preview:large","max-video-preview":"max-video-preview:-1"},"canonical":"https:\/\/web.alfanet.ee\/~hiiepaik\/about\/liitu-vabatahtlikuks\/","og_locale":"et_EE","og_type":"article","og_title":"Liitu vabatahtlikuks -","og_description":"Hiiepaiga eesm\u00e4rk on leida ja kaardistada k\u00f5ik v\u00f5imalikud Eestimaa p\u00fchapaigad, v\u00e4hemalt suurema osa neist. Sul on v\u00f5imalus kaasa aidata millelegi v\u00e4ga suurele. Hiiepaik vajab mitmete vabatahtlike abi: \u00fcrituste korraldamine; projektide kirjutamine v\u00f5i elluviimine; sise- v\u00f5i v\u00e4liskommunikastioon, k\u00fcsitluste l\u00e4biviimine, inimeste v\u00f5i gruppide juhendamine, administratiivne t\u00f6\u00f6, vahendite v\u00f5i raha kogumine heategevuslikul eesm\u00e4rgil ja veel palju muud. Kui&hellip;&nbsp;Read More &raquo;Liitu vabatahtlikuks","og_url":"https:\/\/web.alfanet.ee\/~hiiepaik\/about\/liitu-vabatahtlikuks\/","article_publisher":"https:\/\/www.facebook.com\/hiiepaik\/","article_modified_time":"2016-04-14T09:44:27+00:00","schema":{"@context":"https:\/\/schema.org","@graph":[{"@type":"WebPage","@id":"https:\/\/web.alfanet.ee\/~hiiepaik\/about\/liitu-vabatahtlikuks\/","url":"https:\/\/web.alfanet.ee\/~hiiepaik\/about\/liitu-vabatahtlikuks\/","name":"Liitu vabatahtlikuks -","isPartOf":{"@id":"https:\/\/web.alfanet.ee\/~hiiepaik\/#website"},"datePublished":"2015-03-22T20:43:07+00:00","dateModified":"2016-04-14T09:44:27+00:00","breadcrumb":{"@id":"https:\/\/web.alfanet.ee\/~hiiepaik\/about\/liitu-vabatahtlikuks\/#breadcrumb"},"inLanguage":"et","potentialAction":[{"@type":"ReadAction","target":["https:\/\/web.alfanet.ee\/~hiiepaik\/about\/liitu-vabatahtlikuks\/"]}]},{"@type":"BreadcrumbList","@id":"https:\/\/web.alfanet.ee\/~hiiepaik\/about\/liitu-vabatahtlikuks\/#breadcrumb","itemListElement":[{"@type":"ListItem","position":1,"name":"Home","item":"https:\/\/web.alfanet.ee\/~hiiepaik\/"},{"@type":"ListItem","position":2,"name":"About","item":"https:\/\/web.alfanet.ee\/~hiiepaik\/about\/"},{"@type":"ListItem","position":3,"name":"Liitu vabatahtlikuks"}]},{"@type":"WebSite","@id":"https:\/\/web.alfanet.ee\/~hiiepaik\/#website","url":"https:\/\/web.alfanet.ee\/~hiiepaik\/","name":"Hiiepaik","description":"","potentialAction":[{"@type":"SearchAction","target":{"@type":"EntryPoint","urlTemplate":"https:\/\/web.alfanet.ee\/~hiiepaik\/?s={search_term_string}"},"query-input":{"@type":"PropertyValueSpecification","valueRequired":true,"valueName":"search_term_string"}}],"inLanguage":"et"}]}},"_links":{"self":[{"href":"https:\/\/web.alfanet.ee\/~hiiepaik\/wp-json\/wp\/v2\/pages\/181","targetHints":{"allow":["GET"]}}],"collection":[{"href":"https:\/\/web.alfanet.ee\/~hiiepaik\/wp-json\/wp\/v2\/pages"}],"about":[{"href":"https:\/\/web.alfanet.ee\/~hiiepaik\/wp-json\/wp\/v2\/types\/page"}],"author":[{"embeddable":true,"href":"https:\/\/web.alfanet.ee\/~hiiepaik\/wp-json\/wp\/v2\/users\/1"}],"replies":[{"embeddable":true,"href":"https:\/\/web.alfanet.ee\/~hiiepaik\/wp-json\/wp\/v2\/comments?post=181"}],"version-history":[{"count":0,"href":"https:\/\/web.alfanet.ee\/~hiiepaik\/wp-json\/wp\/v2\/pages\/181\/revisions"}],"up":[{"embeddable":true,"href":"https:\/\/web.alfanet.ee\/~hiiepaik\/wp-json\/wp\/v2\/pages\/2"}],"wp:attachment":[{"href":"https:\/\/web.alfanet.ee\/~hiiepaik\/wp-json\/wp\/v2\/media?parent=181"}],"curies":[{"name":"wp","href":"https:\/\/api.w.org\/{rel}","templated":true}]}}